{"id":1305,"date":"2018-04-26T13:04:12","date_gmt":"2018-04-26T11:04:12","guid":{"rendered":"https:\/\/www.jugendarbeit-kerzers.ch\/?page_id=1305"},"modified":"2025-02-20T14:15:55","modified_gmt":"2025-02-20T13:15:55","slug":"jugendlager-international","status":"publish","type":"page","link":"https:\/\/www.jugendarbeit-kerzers.ch\/?page_id=1305","title":{"rendered":"Angebote: Jugendaustausch + Ferien"},"content":{"rendered":"<h4><strong>F\u00fcr \u00e4ltere Jugendliche und junge Erwachsene empfehlen wir zur Horizonterweiterung Bauernhoferlebnisse, Ferienjobs, nationale und internationaler Jugendbegegnungen und Work-camps. Diese werden von einer Vielzahl an qualifizierten Organisationen angeboten:<\/strong><\/h4>\n<h1>Jugendurlaub: Hast du schon oder willst du noch?<\/h1>\n<h4><strong>Mit den Sommerferien ist auch wieder die Zeit der Lager und Sportwochen angebrochen. Du erinnerst dich bestimmt auch gerne an diese Wochen zur\u00fcck &#8211; tausende Jugendliche sammeln jetzt spannende Erfahrungen, erleben Abenteuer und machen neue Bekanntschaften. All das ist nur dank des Einsatzes Freiwilliger m\u00f6glich, die viel Zeit und Herzblut in diese Angebote investieren. Wenn diese Helfer*innen ihre Ferien in ihr freiwilliges Engagement investieren, bleiben ihnen kaum noch Freitage zur eigenen Erholung. Kennst du dieses Problem? Dann ist der <a href=\"https:\/\/sajv.us1.list-manage.com\/track\/click?u=75dcfd36d2a21605118171ef4&amp;id=c66fc84a68&amp;e=fc03da76f8\" target=\"_blank\" rel=\"noopener\">Jugendurlaub<\/a> deine L\u00f6sung<\/strong><\/h4>\n<h4><strong>Der Jugendurlaub wurde von der SAJV initiiert und sichert jungen Freiwilligen f\u00fcnf zus\u00e4tzliche Ferientage pro Jahr zu. Davon profitieren junge Leute, die zwischen 16 und 30 Jahre alt und ehrenamtlich im Bereich der Jugendarbeit t\u00e4tig sind. Wenn du dich im sportlichen, kulturellen oder sozialen Bereich engagierst und dabei Jugendliche betreust und ber\u00e4tst, Gruppen leitest oder dich selbst aus- und weiterbildest, hast du Anspruch auf Jugendurlaub. Alle jungen Engagierten, von Lagerk\u00f6ch*innen bis hin zu Mitwirkenden eines Jugendparlaments, k\u00f6nnen diese M\u00f6glichkeit nutzen.<\/strong><\/h4>\n<h4><strong>Willst du Jugendurlaub beantragen? Dann lies das <a href=\"https:\/\/sajv.us1.list-manage.com\/track\/click?u=75dcfd36d2a21605118171ef4&amp;id=2f0dd32b78&amp;e=fc03da76f8\" target=\"_blank\" rel=\"noopener\">Merkblatt <\/a>dazu aufmerksam durch und vergiss nicht, dein <a href=\"https:\/\/sajv.us1.list-manage.com\/track\/click?u=75dcfd36d2a21605118171ef4&amp;id=7f705acdea&amp;e=fc03da76f8\" target=\"_blank\" rel=\"noopener\">Antragsformular<\/a> mindestens zwei Monate vor deinem Urlaub bei deiner*m Arbeitgeber*in oder Lehrmeister*in einzureichen.<\/strong><\/h4>\n<p><strong>+<\/strong><\/p>\n<h2>LINKS:<\/h2>\n<h4><strong>Neu! \u00a0<\/strong><\/h4>\n<h4><strong>Europ\u00e4ischer Freiwilligendienst f\u00fcr 18 bis 30 J\u00e4hrige aus der Schweiz! <\/strong><\/h4>\n<h4><strong>Infos: <a href=\"https:\/\/movetia.ch\/de\/foerderangebote?category=link\" target=\"_blank\" rel=\"noopener\">https:\/\/www.movetia.ch\/<\/a><\/strong><\/h4>\n<h4><strong>Plattform um Eins\u00e4tze zu finden: <a href=\"https:\/\/linklock.titanhq.com\/analyse?url=https%3A%2F%2Fwww.matchnmove.ch%2Fde%2Fevs%2F&amp;data=eJxNjLEKwzAMRL_GHk1ISkoGDV0CXTp0zObKAgfHdWu5NuTrq2yB44a7x0MYe7w6-xpGh9OkHQTKO2U26HWEujxycPN9X75PzbCRNSFt8qtLF1OlstoDzICJ12hNIkYv30nyA1_Kh9VwU_0saa2ZaAv69yEQQjZHUlRZ-g8qIDFu\" target=\"_blank\" rel=\"noopener\">Match and Move EVS-Plattform<\/a><\/strong><\/h4>\n<p><strong>+<\/strong><\/p>\n<h4><strong>Agriviva &#8211; Bauernhof-Erlebnisse<\/strong><\/h4>\n<h4><strong>Bauernhof-Erlebnisse sind unvergessliche Erfahrungen f\u00fcr Jugendliche. \u2028Agriviva hilft jungen Menschen im Alter zwischen 14 und 24 Jahren, die passende Bauernfamilie f\u00fcr einen Ferienjob zu finden: <a href=\"https:\/\/www.agriviva.ch\/de\/\" target=\"_blank\" rel=\"noopener noreferrer\">www.agriviva.ch<\/a><\/strong><\/h4>\n<h4>+<\/h4>\n<h4><strong>ICYE<\/strong><\/h4>\n<h4><strong>Ob als kurze Auszeit zwischen Lehrabschluss und Stellenantritt, als Zwischenjahr nach der Matura oder als Sabbatical<\/strong><\/h4>\n<h4><strong>\u2013 ein Freiwilligeneinsatz mit ICYE in einem der \u00fcber 35 Partnerl\u00e4ndern ist immer eine gute Idee! Eine Sprache lernen, Arbeits- und Lebenserfahrung sammeln sowie die interkulturelle Kommunikation mit all ihren Herausforderungen am eigenen Leib erfahren \u2013 das sind 3 Tr\u00fcmpfe f\u00fcr das CV \u2013 ein wahrer Karrierebooster. J \u2026 und eine Erfahrung f\u00fcr\u2019s Leben! Eins\u00e4tze mit ICYE werden von den meisten Hochschulen als (Vor)Praktikum anerkannt. Im Anhang finden Sie einen kurzen <a href=\"https:\/\/www.jugendarbeit-kerzers.ch\/wp-content\/uploads\/2019\/04\/Flyer_allg_2019.pdf\" target=\"_blank\" rel=\"noopener noreferrer\">Info-Flyer zu unserer Organisation<\/a>.<\/strong><\/h4>\n<h4><strong>Stipendien f\u00fcr Lehrabg\u00e4ngerInnen<\/strong><br \/><strong>Gemeinsam mit der Stiftung Mercator bietet ICYE \u2013 im Rahmen des Programms <a href=\"https:\/\/www.icye.ch\/de\/freiwilligenarbeit-ausland\/programme\/stipendien-lehrabgaenger\/\" target=\"_blank\" rel=\"noopener noreferrer\">\u201eweltweit engagiert!\u201c \u2013 grossz\u00fcgige Stipendien f\u00fcr Lehrabg\u00e4ngerInnen<\/a> an. Die Stiftung \u00fcbernimmt 50% der Programmkosten. Im Anhang finden Sie einen <a href=\"https:\/\/www.jugendarbeit-kerzers.ch\/wp-content\/uploads\/2019\/04\/ICYE_Infoflyer_Gruppen_2019.pdf\" target=\"_blank\" rel=\"noopener noreferrer\">Flyer resp. ein kleines Plakat mit den Informationen zu unseren Angeboten<\/a>.<\/strong><\/h4>\n<h4><strong><a href=\"https:\/\/www.icye.ch\/\" target=\"_blank\" rel=\"noopener noreferrer\">www.icye.ch<\/a><\/strong><\/h4>\n<h4>+<\/h4>\n<h4><strong>Intermundo:<\/strong><\/h4>\n<h4><strong>Dachverband f\u00fcr Jugendaustausch mit diversen Mitgliedorganisationen: <a href=\"https:\/\/www.intermundo.ch\/\" target=\"_blank\" rel=\"noopener noreferrer\">www.intermundo.ch<\/a><\/strong><\/h4>\n<h4>+<\/h4>\n<h4><strong>Nakultur<\/strong><\/h4>\n<h4><strong>Erlebe einmalige Tage in internationalen Jugendlagern, z.B. im Gantrisch, auf dem Weissenstein, in der W\u00fcste oder im Ozean: <a href=\"http:\/\/nakultur.ch\/en\/home\/\" target=\"_blank\" rel=\"noopener noreferrer\">www.nakultur.ch \/ <\/a><a href=\"https:\/\/nakultur.ch\/en\/program\/\" target=\"_blank\" rel=\"noopener noreferrer\">Infos und Anmeldung<\/a><\/strong><\/h4>\n<h4>+<\/h4>\n<h4><strong>Service Civil International SCI:<\/strong><br \/><strong>Work-camps und Arbeitseins\u00e4tze international und in der Schweiz: <a href=\"http:\/\/scich.org\/de\/\" target=\"_blank\" rel=\"noopener noreferrer\">www.scich.org<\/a><\/strong><\/h4>\n<p>+<\/p>\n<h4><strong>YFU Schweiz &#8211; Youth for Understanding: <a href=\"https:\/\/homede.yfu.ch\/\" target=\"_blank\" rel=\"noopener noreferrer\">www.yfu.ch<\/a><\/strong><\/h4>\n<h3>\u00a0<\/h3>\n\n\n<p><\/p>\n","protected":false},"excerpt":{"rendered":"<p>F\u00fcr \u00e4ltere Jugendliche und junge Erwachsene empfehlen wir zur Horizonterweiterung Bauernhoferlebnisse, Ferienjobs, nationale und internationaler Jugendbegegnungen und Work-camps. Diese werden von einer Vielzahl an qualifizierten Organisationen angeboten: Jugendurlaub: Hast du<\/p>\n<p><a href=\"https:\/\/www.jugendarbeit-kerzers.ch\/?page_id=1305\" class=\"more-link themebutton\">Read More<\/a><\/p>\n","protected":false},"author":1,"featured_media":0,"parent":0,"menu_order":0,"comment_status":"closed","ping_status":"closed","template":"","meta":{"footnotes":""},"class_list":["post-1305","page","type-page","status-publish","hentry"],"_links":{"self":[{"href":"https:\/\/www.jugendarbeit-kerzers.ch\/index.php?rest_route=\/wp\/v2\/pages\/1305","targetHints":{"allow":["GET"]}}],"collection":[{"href":"https:\/\/www.jugendarbeit-kerzers.ch\/index.php?rest_route=\/wp\/v2\/pages"}],"about":[{"href":"https:\/\/www.jugendarbeit-kerzers.ch\/index.php?rest_route=\/wp\/v2\/types\/page"}],"author":[{"embeddable":true,"href":"https:\/\/www.jugendarbeit-kerzers.ch\/index.php?rest_route=\/wp\/v2\/users\/1"}],"replies":[{"embeddable":true,"href":"https:\/\/www.jugendarbeit-kerzers.ch\/index.php?rest_route=%2Fwp%2Fv2%2Fcomments&post=1305"}],"version-history":[{"count":64,"href":"https:\/\/www.jugendarbeit-kerzers.ch\/index.php?rest_route=\/wp\/v2\/pages\/1305\/revisions"}],"predecessor-version":[{"id":4680,"href":"https:\/\/www.jugendarbeit-kerzers.ch\/index.php?rest_route=\/wp\/v2\/pages\/1305\/revisions\/4680"}],"wp:attachment":[{"href":"https:\/\/www.jugendarbeit-kerzers.ch\/index.php?rest_route=%2Fwp%2Fv2%2Fmedia&parent=1305"}],"curies":[{"name":"wp","href":"https:\/\/api.w.org\/{rel}","templated":true}]}}