{"id":149,"date":"2014-10-07T19:33:46","date_gmt":"2014-10-07T17:33:46","guid":{"rendered":"https:\/\/www.jugendarbeit-kerzers.ch\/?page_id=149"},"modified":"2025-11-11T14:54:27","modified_gmt":"2025-11-11T13:54:27","slug":"offene-jugendarbeit","status":"publish","type":"page","link":"https:\/\/www.jugendarbeit-kerzers.ch\/?page_id=149","title":{"rendered":"Kontakt"},"content":{"rendered":"<h3><strong>Offene Kinder- und Jugendarbeit Regio Kerzers<\/strong><\/h3>\n<h3><strong>Personen und Funktion:<\/strong><\/h3>\n<h4>Fachliche Leitung: Cosima Oesch<br \/>Fachliche Mitarbeit: Michel Meerstetter<br \/>Fachliche Mitarbeit: Eva Anderegg<br \/>Praktikantin: Thaleia Lehmann<\/h4>\n<h3><strong>Kontakt:<\/strong><\/h3>\n<h4>Telefon: +41 31 544 20 08<\/h4>\n<h4>Mail: jugendarbeit(\u00e4t)kerzers.ch<\/h4>\n<h4>In der Regel sind wir am Dienstag, Donnerstag und Freitag im B\u00fcro (Erster Stock im Kinder- und Jugendhaus Kerzers) oder per Telefon erreichbar.<\/h4>\n<h4><strong>Cosima Oesch<\/strong>: <span style=\"color: #800080;\"><strong>Di\/Do\/Fr: Tel: 079 689 56 20 \/ cosima.oesch(\u00e4t)kerzers.ch<\/strong><br \/><\/span><\/h4>\n<h4><strong>Michel Meerstetter<\/strong>: <strong><span style=\"color: #800080;\">Di\/Do\/Fr: Tel: 079 938 78 53 \/ michel.meerstetter(\u00e4t)kerzers.ch<\/span><\/strong><\/h4>\n<h4><strong>Eva Anderegg<\/strong>: <strong><span style=\"color: #800080;\">Di\/Do\/Fr: Tel: 078 401 65 02 \/ eva.anderegg(\u00e4t)kerzers.ch<\/span><\/strong><\/h4>\n<h4><strong>Thaleia Lehmann<\/strong>: <strong><span style=\"color: #800080;\">Di\/Do\/Fr: praktikum.jugendarbeit(\u00e4t)kerzers.ch<\/span><\/strong><\/h4>\n<p>+<\/p>\n<h4><strong>Postadresse und Kinder- und Jugendhaus:<\/strong><\/h4>\n<h4>Kinder- &amp; Jugendarbeit Regio Kerzers<\/h4>\n<h4>Vordere Gasse 5<\/h4>\n<h4>3210 Kerzers<\/h4>\n<p><iframe loading=\"lazy\" style=\"border: 0;\" src=\"https:\/\/www.google.com\/maps\/embed?pb=!1m18!1m12!1m3!1d680.5830625261297!2d7.198137022033581!3d46.97480839999999!2m3!1f0!2f0!3f0!3m2!1i1024!2i768!4f13.1!3m3!1m2!1s0x478e140ec7252653%3A0xbac79f4d7b7378b7!2sOffene%20Kinder-%20und%20Jugendarbeit%20Regio%20Kerzers!5e0!3m2!1sde!2sch!4v1742148188581!5m2!1sde!2sch\" width=\"400\" height=\"300\" allowfullscreen=\"allowfullscreen\"><\/iframe><\/p>\n<p><a href=\"https:\/\/www.google.ch\/maps\/place\/Offene+Kinder-+und+Jugendarbeit+Regio+Kerzers\/@46.9748084,7.1985474,21z\/data=!4m6!3m5!1s0x478e140ec7252653:0xbac79f4d7b7378b7!8m2!3d46.974926!4d7.198626!16s%2Fg%2F1ptwt_09b?entry=ttu&amp;g_ep=EgoyMDI1MDMxMi4wIKXMDSoASAFQAw%3D%3D\" target=\"_blank\" rel=\"noopener\">www.google.ch\/maps<\/a><\/p>\n<h4>+<\/h4>\n<h3><strong>Zu den Personen:<\/strong><\/h3>\n<h3><strong>Cosima Oesch<\/strong><\/h3>\n<div class=\"sidepicture\">\n<h4><a href=\"https:\/\/www.jugendarbeit-kerzers.ch\/?attachment_id=2992#main\" rel=\"attachment wp-att-2992\"><img loading=\"lazy\" decoding=\"async\" class=\"alignnone wp-image-2992 size-thumbnail\" src=\"https:\/\/www.jugendarbeit-kerzers.ch\/wp-content\/uploads\/2021\/04\/cosima-150x150.jpg\" alt=\"\" width=\"150\" height=\"150\" srcset=\"https:\/\/www.jugendarbeit-kerzers.ch\/wp-content\/uploads\/2021\/04\/cosima-150x150.jpg 150w, https:\/\/www.jugendarbeit-kerzers.ch\/wp-content\/uploads\/2021\/04\/cosima-300x300.jpg 300w, https:\/\/www.jugendarbeit-kerzers.ch\/wp-content\/uploads\/2021\/04\/cosima-380x380.jpg 380w, https:\/\/www.jugendarbeit-kerzers.ch\/wp-content\/uploads\/2021\/04\/cosima-285x285.jpg 285w, https:\/\/www.jugendarbeit-kerzers.ch\/wp-content\/uploads\/2021\/04\/cosima.jpg 561w\" sizes=\"auto, (max-width: 150px) 100vw, 150px\" \/><\/a><\/h4>\n<\/div>\n<h4><strong>Geb: 13.10.1967<\/strong><br \/><strong>Beruf: Kinder- und Jugendarbeiterin<\/strong><br \/><strong>Ausbildung: Soziokulturelle Animatorin FH<\/strong><\/h4>\n<h3><strong><a name=\"4010519fed1008401\"><\/a>Auszug bisheriger T\u00e4tigkeiten<\/strong><\/h3>\n<h4><b>seit Mai 2007<br \/><\/b><strong>Aufbau und Leitung der Kinder- und Jugendarbeit Regio Kerzers<\/strong><b><\/b><b><\/b><\/h4>\n<h4>3 Jahre Freiwilligeneinsatz in Zentralamerika; Einsatz in der Entwicklungszusammenarbeit in Nicaragua; mit Interteam<\/h4>\n<h4>Sachbearbeiterin bei INTERMUNDO, Dachverband f\u00fcr den internationalen Jugendaustausch, Bern<\/h4>\n<h4>Betreuerin in der \u00dcbergangswohngemeinschaft Sprungbrett in Mittelh\u00e4usern &#8211; einer Institution, welche Jugendliche und Erwachsene auf ihrem Weg in die Drogenabstinenz begleitete.<\/h4>\n<h3><strong><a name=\"03355d995d12d0e09\"><\/a><\/strong><strong><a name=\"03355d995d12d460a\"><\/a>Interessen<\/strong><\/h3>\n<h4>Kommunikation<i><br \/><\/i><\/h4>\n<h4>Gesellschatliche Zusammenh\u00e4nge, Zeitgeschehen<\/h4>\n<h4>Reisen<i><br \/><\/i><\/h4>\n<h4>Musik<\/h4>\n<h4>Natur<\/h4>\n<h4>Humor<\/h4>\n<h3>+<\/h3>\n<h3><strong><a name=\"7020019da90e26303\"><\/a>Michel Meerstetter<\/strong><\/h3>\n<h4><a href=\"https:\/\/www.jugendarbeit-kerzers.ch\/?attachment_id=2987#main\" rel=\"attachment wp-att-2987\"><img loading=\"lazy\" decoding=\"async\" class=\"alignnone wp-image-2987 size-thumbnail\" src=\"https:\/\/www.jugendarbeit-kerzers.ch\/wp-content\/uploads\/2021\/04\/michel-150x150.jpg\" alt=\"\" width=\"150\" height=\"150\" srcset=\"https:\/\/www.jugendarbeit-kerzers.ch\/wp-content\/uploads\/2021\/04\/michel-150x150.jpg 150w, https:\/\/www.jugendarbeit-kerzers.ch\/wp-content\/uploads\/2021\/04\/michel-300x300.jpg 300w, https:\/\/www.jugendarbeit-kerzers.ch\/wp-content\/uploads\/2021\/04\/michel-380x380.jpg 380w, https:\/\/www.jugendarbeit-kerzers.ch\/wp-content\/uploads\/2021\/04\/michel-285x285.jpg 285w, https:\/\/www.jugendarbeit-kerzers.ch\/wp-content\/uploads\/2021\/04\/michel.jpg 402w\" sizes=\"auto, (max-width: 150px) 100vw, 150px\" \/><\/a><\/h4>\n<h4><b>Geb: 05.06.1980<br \/>Beruf: Kinder- und <\/b><strong>Jugendarbeiter<\/strong><\/h4>\n<h3><strong><a name=\"4010519fed1008401\"><\/a>Auszug bisheriger T\u00e4tigkeiten<\/strong><\/h3>\n<h4><strong>seit M\u00e4rz 2014<\/strong><br \/><strong>Kinder- und Jugendarbeiter in Kerzers &amp; Partnergemeinden<\/strong><b><\/b><\/h4>\n<h4><strong>2011 \u2013 2013<\/strong><br \/>Weiterbildung &#8211; CAS Teaching Artist an der Hochschule f\u00fcr K\u00fcnste Bern. Leitung von k\u00fcnstlerischen und gestalterischen Projekten an Schulen aller Altersstufen<br \/>Soziokulturelle Animation mit Kindern und Jugendlichen &#8211; Schule &amp; Sport. Mitarbeit bei Freizeitangeboten im QuartierInfo B\u00f6zingen Biel \/ Bienne<br \/>Mittagstischbetreuung an der Sprachheilschule Biel &#8211; Seeland <b><\/b><\/h4>\n<h4><strong>2001 &#8211; 2011<\/strong><br \/>Arbeiten f\u00fcr verschiedene Kunden als freischaffender Grafiker<br \/>-Radio Swiss Pop srg ssr id\u00e9e suisse<br \/>-Theater f\u00fcr den Kanton Bern<br \/>-Schauspielhaus Z\u00fcrich<br \/>seit 2005 Ateliergemeinschaft in Biel verschiedene Kunstprojekte:<br \/>Film, Musik, Theater, Schlagzeug&#8230;<\/h4>\n<h3><strong><a name=\"4010519fed100eb02\"><\/a>Aufgewachsen in<\/strong><\/h3>\n<h4>Bei den Bergen in R\u00fceggis- und Riggisberg. Lebe mit meiner Familie in Biel.<\/h4>\n<h3><strong><a name=\"4010519fed1012b03\"><\/a>Interessen<\/strong><\/h3>\n<h4><b>Musik<br \/><\/b>Rhythmus im Alltag immer mit dabei&#8230; ein Schlagzeuger braucht nicht immer eine baterie.<br \/>Konzerte besuchen und Tanzen.<b><\/b><\/h4>\n<h4><strong>Filme<\/strong><br \/>Im Kino oder selber drehen.<b><\/b><\/h4>\n<h4><strong>Reisen<\/strong><br \/>Biel \u2013 Kerzers retour und sonst in die grosse Welt- Hinaus retour.<\/h4>\n<h4><b>Spielen<br \/><\/b>bei jedem Spiel bin ich dabei auf dem Brett oder mit dem Fuss und Ball.<\/h4>\n<p>+<\/p>\n<h3><strong>Eva Anderegg<\/strong><\/h3>\n<p><a href=\"https:\/\/www.jugendarbeit-kerzers.ch\/wp-content\/uploads\/2025\/01\/AndereggEva_MG_2349_web.jpeg\"><img loading=\"lazy\" decoding=\"async\" class=\"alignnone wp-image-4637 size-thumbnail\" src=\"https:\/\/www.jugendarbeit-kerzers.ch\/wp-content\/uploads\/2025\/01\/AndereggEva_MG_2349_web-e1762868489153-150x150.jpeg\" alt=\"\" width=\"150\" height=\"150\" srcset=\"https:\/\/www.jugendarbeit-kerzers.ch\/wp-content\/uploads\/2025\/01\/AndereggEva_MG_2349_web-e1762868489153-150x150.jpeg 150w, https:\/\/www.jugendarbeit-kerzers.ch\/wp-content\/uploads\/2025\/01\/AndereggEva_MG_2349_web-e1762868489153.jpeg 158w\" sizes=\"auto, (max-width: 150px) 100vw, 150px\" \/><\/a><\/p>\n<h4><strong>Geb: 02.08.1978<\/strong><\/h4>\n<h4><strong>Beruf: Kinder- und Jugendarbeiterin<\/strong><\/h4>\n<h3><strong><a name=\"4010519fed1008401\"><\/a>Auszug bisheriger T\u00e4tigkeiten<\/strong><\/h3>\n<h4><strong>Seit Dezember 2024<\/strong><\/h4>\n<h4><strong>Kinder- und Jugendarbeit in Kerzers &amp; Partnergemeinden<\/strong><b><\/b><\/h4>\n<h4>\u00a0<\/h4>\n<h4>2005-2007 Ausbildung zur Kleinkinderzieherin in Bern<\/h4>\n<h4>2007-2015 Kleinkinderzieherin Kita Laupen<\/h4>\n<h4>20015-2024 Jugendarbeiterin in der offenen Jugendarbeit Gurmels<\/h4>\n<h4>\u00a0<\/h4>\n<h4>Seit 2023 Vorstandsarbeit beim Verein zur Kinder- und Jugendf\u00f6rderung in Deutschfreiburg, VKJ<\/h4>\n<h4>2019-2021 CAS an der BFH: Genderreflektierende Offene Jugendarbeit<\/h4>\n<h4>Ab 2015 verschiedene Weiterbildungen im Bereich Kinder- und Jugendarbeit<\/h4>\n<h4>\u00a0<\/h4>\n<h4>Aufgewachsen in Murten. Wohnte im Stedtli Murten, Kerzers und aktuell in Biberen (Gemeinde Ferenbalm)<\/h4>\n<h4>\u00a0<\/h4>\n<h3><strong>Interessen<\/strong><\/h3>\n<h4><strong>Tiere<\/strong><\/h4>\n<h4>Wohne in einem alten Bauernhaus mit viel Umschwung, wo wir verschiede Tiere halten: Zwergziegen, Hasen, Hund, Katzen<\/h4>\n<h4>\u00a0<\/h4>\n<h4><strong>Reisen<\/strong><\/h4>\n<h4>Am liebsten ans Meer oder in eine Stadt in Europa<\/h4>\n<h4>\u00a0<\/h4>\n<h4><strong>Wenn ich Zeit habe<\/strong><\/h4>\n<h4>Ins Kino gehen, Billard spielen, Bowling, Escape Room, Spazieren an der Aare, Kaffi trinken im sch\u00f6nen Stedtli Murten, Podcast h\u00f6ren, laut Musik h\u00f6ren im Auto und mitsingen.<\/h4>\n<p>+<\/p>\n<h3><strong>Thaleia Lehmann<\/strong><\/h3>\n<p><a href=\"https:\/\/www.jugendarbeit-kerzers.ch\/wp-content\/uploads\/2025\/11\/thaleia-web2.jpg\" data-wp-editing=\"1\"><img loading=\"lazy\" decoding=\"async\" class=\"alignnone wp-image-5141 size-thumbnail\" src=\"https:\/\/www.jugendarbeit-kerzers.ch\/wp-content\/uploads\/2025\/11\/thaleia-web2-150x150.jpg\" alt=\"\" width=\"150\" height=\"150\" srcset=\"https:\/\/www.jugendarbeit-kerzers.ch\/wp-content\/uploads\/2025\/11\/thaleia-web2-150x150.jpg 150w, https:\/\/www.jugendarbeit-kerzers.ch\/wp-content\/uploads\/2025\/11\/thaleia-web2-380x380.jpg 380w, https:\/\/www.jugendarbeit-kerzers.ch\/wp-content\/uploads\/2025\/11\/thaleia-web2-285x285.jpg 285w\" sizes=\"auto, (max-width: 150px) 100vw, 150px\" \/><\/a><\/p>\n<h4><strong>Geb: 24.07.2002<\/strong><\/h4>\n<h4><strong>Von Oktober 2025 bis Juli 2026 Praktikantin in der Kinder- und Jugendarbeit Kerzers.<\/strong><\/h4>\n<h3><strong><a name=\"4010519fed1008401\"><\/a>Auszug bisheriger T\u00e4tigkeiten<\/strong><\/h3>\n<h4>Seit 2023 im Bachelorstudium in Sozialarbeit und Sozialpolitik an der Universit\u00e4t Fribourg.<\/h4>\n<h4>2 Jahre Erfahrung in der Begleitung von Kindern mit besonderen Bed\u00fcrfnissen (intergrative F\u00f6rderung).<\/h4>\n<h4>Ich komme von Br\u00fcgg, dort wohne ich mit meinen Eltern und meinen zwei j\u00fcngeren Geschwistern.<\/h4>\n<h3><strong>Interessen<\/strong><\/h3>\n<h4>Tanzen \u2013 am Tag manchmal Salsa oder Lindyhop, am Abend an Konzerten oder im Club.<\/h4>\n<h4>Politik \u2013 was in der Schweiz und der ganzen Welt politisch passiert, bewegt mich und diskutiere ich immer wieder gerne mit anderen.<\/h4>\n<h4>Spiele \u2013 am liebsten mag ich Gesellschaftsspiele die eine Mischung zwischen Gl\u00fcck und Strategie brauchen.<\/h4>\n\n\n<p><\/p>\n","protected":false},"excerpt":{"rendered":"<p>Offene Kinder- und Jugendarbeit Regio Kerzers Personen und Funktion: Fachliche Leitung: Cosima OeschFachliche Mitarbeit: Michel MeerstetterFachliche Mitarbeit: Eva AndereggPraktikantin: Thaleia Lehmann Kontakt: Telefon: +41 31 544 20 08 Mail: jugendarbeit(\u00e4t)kerzers.ch<\/p>\n<p><a href=\"https:\/\/www.jugendarbeit-kerzers.ch\/?page_id=149\" class=\"more-link themebutton\">Read More<\/a><\/p>\n","protected":false},"author":1,"featured_media":0,"parent":0,"menu_order":3,"comment_status":"closed","ping_status":"closed","template":"","meta":{"footnotes":""},"class_list":["post-149","page","type-page","status-publish","hentry"],"_links":{"self":[{"href":"https:\/\/www.jugendarbeit-kerzers.ch\/index.php?rest_route=\/wp\/v2\/pages\/149","targetHints":{"allow":["GET"]}}],"collection":[{"href":"https:\/\/www.jugendarbeit-kerzers.ch\/index.php?rest_route=\/wp\/v2\/pages"}],"about":[{"href":"https:\/\/www.jugendarbeit-kerzers.ch\/index.php?rest_route=\/wp\/v2\/types\/page"}],"author":[{"embeddable":true,"href":"https:\/\/www.jugendarbeit-kerzers.ch\/index.php?rest_route=\/wp\/v2\/users\/1"}],"replies":[{"embeddable":true,"href":"https:\/\/www.jugendarbeit-kerzers.ch\/index.php?rest_route=%2Fwp%2Fv2%2Fcomments&post=149"}],"version-history":[{"count":91,"href":"https:\/\/www.jugendarbeit-kerzers.ch\/index.php?rest_route=\/wp\/v2\/pages\/149\/revisions"}],"predecessor-version":[{"id":5146,"href":"https:\/\/www.jugendarbeit-kerzers.ch\/index.php?rest_route=\/wp\/v2\/pages\/149\/revisions\/5146"}],"wp:attachment":[{"href":"https:\/\/www.jugendarbeit-kerzers.ch\/index.php?rest_route=%2Fwp%2Fv2%2Fmedia&parent=149"}],"curies":[{"name":"wp","href":"https:\/\/api.w.org\/{rel}","templated":true}]}}