{"id":186,"date":"2014-10-08T20:31:47","date_gmt":"2014-10-08T18:31:47","guid":{"rendered":"https:\/\/www.jugendarbeit-kerzers.ch\/?page_id=186"},"modified":"2026-02-24T09:56:43","modified_gmt":"2026-02-24T08:56:43","slug":"spielnachmittag","status":"publish","type":"page","link":"https:\/\/www.jugendarbeit-kerzers.ch\/?page_id=186","title":{"rendered":"Kinderwerkstatt 2026"},"content":{"rendered":"<h3><span style=\"color: #33cccc;\"><strong>Daten 2026: <span style=\"color: #ff99cc;\">START am <\/span><\/strong><strong><span style=\"color: #ff99cc;\">8. Jan.<\/span>, 15. Jan., 22. Jan., 29. Jan., <span style=\"color: #3366ff;\">Freitag 30. Jan. <\/span><\/strong><\/span><span style=\"color: #3366ff;\"><strong><span style=\"color: #3366ff;\">Disco<\/span> on Ice Eisbahn Kerzers,<\/strong><\/span><span style=\"color: #33cccc;\"><strong> 5. Feb., 12. Feb., 26. Feb., 12. M\u00e4rz, 19. M\u00e4rz, <span style=\"color: #3366ff;\">Samstag 21. M\u00e4rz Kerzerslauflounge,<\/span> 26. M\u00e4rz, 23. April, 30. April, 21. Mai, <span style=\"color: #3366ff;\">Dienstag 26. Mai am Maim\u00e4rit Kerzers,<\/span> 28. Mai, 4. Juni, 11. Juni, 18. Juni, 25. Juni, 2. Juli<\/strong><\/span><\/h3>\n<h3><strong><span style=\"color: #33cccc;\">\u2022 Spielen, Basteln, Zvieri Zubereitung<\/span><\/strong><br \/><strong><span style=\"color: #33cccc;\"> \u2022 F\u00fcr Kinder von 6 \u2013 12 Jahren<\/span><\/strong><br \/><strong><span style=\"color: #33cccc;\"> \u2022 W\u00f6chentlich am Donnerstag 15\u00b0\u00b0 \u201317\u00b0\u00b0<\/span><\/strong><br \/><strong><span style=\"color: #33cccc;\"> \u2022 Kinder- und Jugendarbeit, Vordere Gasse 5, 3210 Kerzers.<\/span><\/strong><br \/><strong><span style=\"color: #33cccc;\"> \u2022 Kostenlos und ohne Anmeldung<\/span><\/strong><\/h3>\n<h3><strong><span style=\"color: #33cccc;\">\u2022 Wir beaufsichtigen die Kinder w\u00e4hrend ihrer Anwesenheit. Ihr Kommen und Gehen erfolgt jedoch individuell, frei und selbstst\u00e4ndig. Es unterliegt nicht unserer Verantwortung.<\/span><\/strong><br \/><strong><span style=\"color: #33cccc;\">\u2022 Das Spielen und Mitmachen in der Kinderwerkstatt geschieht auf eigene Verantwortung.<\/span><\/strong><br \/><strong><span style=\"color: #33cccc;\">\u2022 Unfallversicherung ist Sache des gesetzlichen Vertreters.<\/span><\/strong><\/h3>\n<h3><strong><span style=\"color: #ff6600;\">\u2022 F\u00fcr die Teilnahme bei der Kinderwerkstatt f\u00fcllen sie einmalig das Formular: Elternkontakt f\u00fcr die Kinderwerkstatt aus:<\/span><\/strong><\/h3>\n\n<div class=\"wpcf7 no-js\" id=\"wpcf7-f4438-o1\" lang=\"de-DE\" dir=\"ltr\" data-wpcf7-id=\"4438\">\n<div class=\"screen-reader-response\"><p role=\"status\" aria-live=\"polite\" aria-atomic=\"true\"><\/p> <ul><\/ul><\/div>\n<form action=\"\/index.php?rest_route=%2Fwp%2Fv2%2Fpages%2F186#wpcf7-f4438-o1\" method=\"post\" class=\"wpcf7-form init\" aria-label=\"Kontaktformular\" novalidate=\"novalidate\" data-status=\"init\">\n<fieldset class=\"hidden-fields-container\"><input type=\"hidden\" name=\"_wpcf7\" value=\"4438\" \/><input type=\"hidden\" name=\"_wpcf7_version\" value=\"6.1.5\" \/><input type=\"hidden\" name=\"_wpcf7_locale\" value=\"de_DE\" \/><input type=\"hidden\" name=\"_wpcf7_unit_tag\" value=\"wpcf7-f4438-o1\" \/><input type=\"hidden\" name=\"_wpcf7_container_post\" value=\"0\" \/><input type=\"hidden\" name=\"_wpcf7_posted_data_hash\" value=\"\" \/>\n<\/fieldset>\n<p><label> Vor- und Nachname des\/r Kindes\/r<br \/>\n<span class=\"wpcf7-form-control-wrap\" data-name=\"text-18\"><input size=\"40\" maxlength=\"400\" class=\"wpcf7-form-control wpcf7-text\" aria-invalid=\"false\" value=\"\" type=\"text\" name=\"text-18\" \/><\/span> <\/label>\n<\/p>\n<p><label> Vor- und Nachname der Eltern<br \/>\n<span class=\"wpcf7-form-control-wrap\" data-name=\"text-142\"><input size=\"40\" maxlength=\"400\" class=\"wpcf7-form-control wpcf7-text\" aria-invalid=\"false\" value=\"\" type=\"text\" name=\"text-142\" \/><\/span><\/label>\n<\/p>\n<p><label> Wohnadresse (Strasse und Ort)<br \/>\n<span class=\"wpcf7-form-control-wrap\" data-name=\"text-143\"><input size=\"40\" maxlength=\"400\" class=\"wpcf7-form-control wpcf7-text\" aria-invalid=\"false\" value=\"\" type=\"text\" name=\"text-143\" \/><\/span> <\/label>\n<\/p>\n<p><label> Notfall Telefonnummern Mutter\/Vater\/Andere<br \/>\n<span class=\"wpcf7-form-control-wrap\" data-name=\"text-144\"><input size=\"40\" maxlength=\"400\" class=\"wpcf7-form-control wpcf7-text\" aria-invalid=\"false\" value=\"\" type=\"text\" name=\"text-144\" \/><\/span> <\/label>\n<\/p>\n<p><label> Geburtsdatum des\/r Kindes\/r<br \/>\n<span class=\"wpcf7-form-control-wrap\" data-name=\"text-145\"><input size=\"40\" maxlength=\"400\" class=\"wpcf7-form-control wpcf7-text\" aria-invalid=\"false\" value=\"\" type=\"text\" name=\"text-145\" \/><\/span> <\/label><br \/>\n+\n<\/p>\n<p>Darf Ihr Kind an Spazierg\u00e4ngen in und um Kerzers teilnehmen?\n<\/p>\n<p><span class=\"wpcf7-form-control-wrap\" data-name=\"menu-775\"><select class=\"wpcf7-form-control wpcf7-select wpcf7-validates-as-required\" aria-required=\"true\" aria-invalid=\"false\" name=\"menu-775\"><option value=\"Ja\">Ja<\/option><option value=\"Nein\">Nein<\/option><\/select><\/span><br \/>\n+\n<\/p>\n<p><label> D\u00fcrfen Fotos und Videos von Ihrem Kind f\u00fcr interne Publikationen der Kinder- und Jugendarbeit Regio Kerzers verwendet werden?. Diese werden nicht f\u00fcr kommerzielle Zwecke verwendet.<br \/>\n<span class=\"wpcf7-form-control-wrap\" data-name=\"menu-28\"><select class=\"wpcf7-form-control wpcf7-select\" aria-invalid=\"false\" name=\"menu-28\"><option value=\"Ja\">Ja<\/option><option value=\"Nein\">Nein<\/option><\/select><\/span> <\/label>\n<\/p>\n<p><input class=\"wpcf7-form-control wpcf7-submit has-spinner\" type=\"submit\" value=\"Senden\" \/>\n<\/p><div class=\"wpcf7-response-output\" aria-hidden=\"true\"><\/div>\n<\/form>\n<\/div>\n\n<h3>+<\/h3>\n\n\n<h3 class=\"wp-block-heading has-medium-font-size\"><span style=\"color: #33cccc;\"><strong>Die Kinderwerkstatt leitet von der Kinder- und Jugendarbeit Michel Meerstetter und Eva Anderegg zusammen mit vier Jugendlichen aus Kerzers.<\/strong><\/span><\/h3>\n\n\n\n<h3 class=\"wp-block-heading has-medium-font-size\"><span style=\"color: #33cccc;\"><strong>Eva Anderegg: Di\/Do\/Fr: Tel: 078 401 65 02, eva.anderegg(\u00e4t)kerzers.ch<\/strong><\/span><\/h3>\n\n\n\n<p><span style=\"color: #33cccc;\"><strong>Michel Meerstetter: Di\/Do\/Fr: Tel: 079 938 78 53, michel.meerstetter(\u00e4t)kerzers.ch<\/strong><\/span><\/p>\n\n\n\n<figure class=\"wp-block-image size-full\"><a href=\"https:\/\/www.jugendarbeit-kerzers.ch\/wp-content\/uploads\/2026\/01\/flyer-jan-2026-kinderwerkstatt-2-6h-web.jpg\"><img loading=\"lazy\" decoding=\"async\" width=\"707\" height=\"1000\" src=\"https:\/\/www.jugendarbeit-kerzers.ch\/wp-content\/uploads\/2026\/01\/flyer-jan-2026-kinderwerkstatt-2-6h-web.jpg\" alt=\"\" class=\"wp-image-5306\" srcset=\"https:\/\/www.jugendarbeit-kerzers.ch\/wp-content\/uploads\/2026\/01\/flyer-jan-2026-kinderwerkstatt-2-6h-web.jpg 707w, https:\/\/www.jugendarbeit-kerzers.ch\/wp-content\/uploads\/2026\/01\/flyer-jan-2026-kinderwerkstatt-2-6h-web-212x300.jpg 212w\" sizes=\"auto, (max-width: 707px) 100vw, 707px\" \/><\/a><\/figure>\n\n\n<h2><strong><span style=\"color: #33cccc;\"><iframe loading=\"lazy\" src=\"https:\/\/www.youtube.com\/embed\/vpzaPhZTUjU\" width=\"560\" height=\"315\" frameborder=\"0\" allowfullscreen=\"allowfullscreen\" data-mce-fragment=\"1\"><\/iframe><\/span><\/strong><\/h2>\n<h2><span style=\"color: #33cccc;\"><strong>Michel Meerstetter:<\/strong><\/span><\/h2>\n<h2><a href=\"https:\/\/www.jugendarbeit-kerzers.ch\/?attachment_id=2987#main\" rel=\"attachment wp-att-2987\"><img loading=\"lazy\" decoding=\"async\" class=\"alignnone wp-image-2987 size-thumbnail\" src=\"https:\/\/www.jugendarbeit-kerzers.ch\/wp-content\/uploads\/2021\/04\/michel-150x150.jpg\" alt=\"\" width=\"150\" height=\"150\" srcset=\"https:\/\/www.jugendarbeit-kerzers.ch\/wp-content\/uploads\/2021\/04\/michel-150x150.jpg 150w, https:\/\/www.jugendarbeit-kerzers.ch\/wp-content\/uploads\/2021\/04\/michel-300x300.jpg 300w, https:\/\/www.jugendarbeit-kerzers.ch\/wp-content\/uploads\/2021\/04\/michel-380x380.jpg 380w, https:\/\/www.jugendarbeit-kerzers.ch\/wp-content\/uploads\/2021\/04\/michel-285x285.jpg 285w, https:\/\/www.jugendarbeit-kerzers.ch\/wp-content\/uploads\/2021\/04\/michel.jpg 402w\" sizes=\"auto, (max-width: 150px) 100vw, 150px\" \/><\/a><\/h2>\n<h4><span style=\"color: #33cccc;\"><b>Geb: 05.06.1980<br \/>Beruf: Kinder- und <\/b><strong>Jugendarbeiter<\/strong><\/span><\/h4>\n<h2><span style=\"color: #33cccc;\"><a style=\"color: #33cccc;\" name=\"4010519fed1008401\"><\/a>Auszug bisheriger T\u00e4tigkeiten<\/span><\/h2>\n<h4><span style=\"color: #33cccc;\"><b>seit M\u00e4rz 2014<br \/><\/b>Kinder- und Jugendarbeiter in Kerzers &amp; Partnergemeinden<b><\/b><\/span><\/h4>\n<h4><span style=\"color: #33cccc;\"><strong>2011 \u2013 2013<\/strong><\/span><br \/><span style=\"color: #33cccc;\">Weiterbildung &#8211; CAS Teaching Artist an der Hochschule f\u00fcr K\u00fcnste Bern. Leitung von k\u00fcnstlerischen und gestalterischen Projekten an Schulen aller Altersstufen<\/span><br \/><span style=\"color: #33cccc;\">Soziokulturelle Animation mit Kindern und Jugendlichen &#8211; Schule &amp; Sport. Mitarbeit bei Freizeitangeboten im QuartierInfo B\u00f6zingen Biel \/ Bienne<\/span><br \/><span style=\"color: #33cccc;\">Mittagstischbetreuung an der Sprachheilschule Biel &#8211; Seeland<b><\/b><\/span><\/h4>\n<h4><span style=\"color: #33cccc;\"><strong>2001 &#8211; 2011<\/strong><\/span><br \/><span style=\"color: #33cccc;\">Arbeiten f\u00fcr verschiedene Kunden als freischaffender Grafiker<\/span><br \/><span style=\"color: #33cccc;\">-Radio Swiss Pop srg ssr id\u00e9e suisse<\/span><br \/><span style=\"color: #33cccc;\">-Theater f\u00fcr den Kanton Bern<\/span><br \/><span style=\"color: #33cccc;\">-Schauspielhaus Z\u00fcrich<\/span><br \/><span style=\"color: #33cccc;\">seit 2005 Ateliergemeinschaft in Biel verschiedene Kunstprojekte:<\/span><br \/><span style=\"color: #33cccc;\">Film, Musik, Theater, Schlagzeug&#8230;<\/span><\/h4>\n<h2><span style=\"color: #33cccc;\"><a style=\"color: #33cccc;\" name=\"4010519fed100eb02\"><\/a>Aufgewachsen in<\/span><\/h2>\n<h4><span style=\"color: #33cccc;\">Bei den Bergen in R\u00fceggis- und Riggisberg. Lebe mit meiner Familie in Biel.<\/span><\/h4>\n<h2><span style=\"color: #33cccc;\"><a style=\"color: #33cccc;\" name=\"4010519fed1012b03\"><\/a>Interessen<\/span><\/h2>\n<h4><span style=\"color: #33cccc;\"><b>Musik<br \/><\/b>Rhythmus im Alltag immer mit dabei&#8230; ein Schlagzeuger braucht nicht immer eine baterie.<\/span><br \/><span style=\"color: #33cccc;\">Konzerte besuchen und Tanzen.<b><\/b><\/span><\/h4>\n<h4><span style=\"color: #33cccc;\">Filme<\/span><br \/><span style=\"color: #33cccc;\">Im Kino oder selber drehen.<b><\/b><\/span><\/h4>\n<h4><span style=\"color: #33cccc;\">Reisen<\/span><br \/><span style=\"color: #33cccc;\">Biel \u2013 Kerzers retour und sonst in die grosse Welt- Hinaus retour.<\/span><\/h4>\n<h4><span style=\"color: #33cccc;\">Spielen<b><br \/><\/b>bei jedem Spiel bin ich dabei auf dem Brett oder mit dem Fuss und Ball.<\/span><\/h4>\n<p><span style=\"color: #33cccc;\">+<\/span><\/p>\n<h2><span style=\"color: #33cccc;\"><strong>Eva Anderegg<\/strong><\/span><\/h2>\n<p><span style=\"color: #33cccc;\"><a style=\"color: #33cccc;\" href=\"https:\/\/www.jugendarbeit-kerzers.ch\/wp-content\/uploads\/2025\/01\/AndereggEva_MG_2349_web.jpeg\"><img loading=\"lazy\" decoding=\"async\" class=\"alignnone wp-image-4637 size-full\" src=\"https:\/\/www.jugendarbeit-kerzers.ch\/wp-content\/uploads\/2025\/01\/AndereggEva_MG_2349_web.jpeg\" alt=\"\" width=\"158\" height=\"221\" \/><\/a><\/span><\/p>\n<h4><span style=\"color: #33cccc;\"><strong>Geb: 02.08.1978<\/strong><\/span><\/h4>\n<h4><span style=\"color: #33cccc;\"><strong>Beruf: Kinder- und Jugendarbeiterin<\/strong><\/span><\/h4>\n<h2><span style=\"color: #33cccc;\"><a style=\"color: #33cccc;\" name=\"4010519fed1008401\"><\/a>Auszug bisheriger T\u00e4tigkeiten<\/span><\/h2>\n<h4><span style=\"color: #33cccc;\"><strong>Seit Dezember 2024<\/strong><\/span><\/h4>\n<h4><span style=\"color: #33cccc;\"><strong>Kinder- und Jugendarbeit in Kerzers &amp; Partnergemeinden<\/strong><b><\/b><\/span><\/h4>\n<h4>\u00a0<\/h4>\n<h4><span style=\"color: #33cccc;\">2005-2007 Ausbildung zur Kleinkinderzieherin in Bern<\/span><\/h4>\n<h4><span style=\"color: #33cccc;\">2007-2015 Kleinkinderzieherin Kita Laupen<\/span><\/h4>\n<h4><span style=\"color: #33cccc;\">20015-2024 Jugendarbeiterin in der offenen Jugendarbeit Gurmels<\/span><\/h4>\n<h4>\u00a0<\/h4>\n<h4><span style=\"color: #33cccc;\">Seit 2023 Vorstandsarbeit beim Verein zur Kinder- und Jugendf\u00f6rderung in Deutschfreiburg, VKJ<\/span><\/h4>\n<h4><span style=\"color: #33cccc;\">2019-2021 CAS an der BFH: Genderreflektierende Offene Jugendarbeit<\/span><\/h4>\n<h4><span style=\"color: #33cccc;\">Ab 2015 verschiedene Weiterbildungen im Bereich Kinder- und Jugendarbeit<\/span><\/h4>\n<h4>\u00a0<\/h4>\n<h4><span style=\"color: #33cccc;\">Aufgewachsen in Murten. Wohnte im Stedtli Murten, Kerzers und aktuell in Biberen (Gemeinde Ferenbalm)<\/span><\/h4>\n<h4>\u00a0<\/h4>\n<h2><span style=\"color: #33cccc;\">Intressen<\/span><\/h2>\n<h4><span style=\"color: #33cccc;\"><strong>Tiere<\/strong><\/span><\/h4>\n<h4><span style=\"color: #33cccc;\">Wohne in einem alten Bauernhaus mit viel Umschwung, wo wir verschiede Tiere halten: Zwergziegen, Hasen, Hund, Katzen<\/span><\/h4>\n<h4>\u00a0<\/h4>\n<h4><span style=\"color: #33cccc;\"><strong>Reisen<\/strong><\/span><\/h4>\n<h4><span style=\"color: #33cccc;\">Am liebsten ans Meer oder in eine Stadt in Europa<\/span><\/h4>\n<h4>\u00a0<\/h4>\n<h4><span style=\"color: #33cccc;\"><strong>Wenn ich Zeit habe<\/strong><\/span><\/h4>\n<h4><span style=\"color: #33cccc;\">Ins Kino gehen, Billard spielen, Bowling, Escape Room, Spazieren an der Aare, Kaffi trinken im sch\u00f6nen Stedtli Murten, Podcast h\u00f6ren, laut Musik h\u00f6ren im Auto und mitsingen.<\/span><\/h4>\n<p>+<\/p>\n<h3><span style=\"color: #33cccc;\"><strong>Thaleia Lehmann<\/strong><\/span><\/h3>\n<p><span style=\"color: #33cccc;\"><a style=\"color: #33cccc;\" href=\"https:\/\/www.jugendarbeit-kerzers.ch\/wp-content\/uploads\/2025\/11\/thaleia-web2.jpg\" data-wp-editing=\"1\"><img loading=\"lazy\" decoding=\"async\" class=\"alignnone wp-image-5141 size-thumbnail\" src=\"https:\/\/www.jugendarbeit-kerzers.ch\/wp-content\/uploads\/2025\/11\/thaleia-web2-150x150.jpg\" alt=\"\" width=\"150\" height=\"150\" srcset=\"https:\/\/www.jugendarbeit-kerzers.ch\/wp-content\/uploads\/2025\/11\/thaleia-web2-150x150.jpg 150w, https:\/\/www.jugendarbeit-kerzers.ch\/wp-content\/uploads\/2025\/11\/thaleia-web2-380x380.jpg 380w, https:\/\/www.jugendarbeit-kerzers.ch\/wp-content\/uploads\/2025\/11\/thaleia-web2-285x285.jpg 285w\" sizes=\"auto, (max-width: 150px) 100vw, 150px\" \/><\/a><\/span><\/p>\n<h4><span style=\"color: #33cccc;\"><strong>Geb: 24.07.2002<\/strong><\/span><\/h4>\n<h4><span style=\"color: #33cccc;\"><strong>Von Oktober 2025 bis Juli 2026 Praktikantin in der Kinder- und Jugendarbeit Kerzers.<\/strong><\/span><\/h4>\n<h3><span style=\"color: #33cccc;\"><strong><a style=\"color: #33cccc;\" name=\"4010519fed1008401\"><\/a>Auszug bisheriger T\u00e4tigkeiten<\/strong><\/span><\/h3>\n<h4><span style=\"color: #33cccc;\">Seit 2023 im Bachelorstudium in Sozialarbeit und Sozialpolitik an der Universit\u00e4t Fribourg.<\/span><\/h4>\n<h4><span style=\"color: #33cccc;\">2 Jahre Erfahrung in der Begleitung von Kindern mit besonderen Bed\u00fcrfnissen (intergrative F\u00f6rderung).<\/span><\/h4>\n<h4><span style=\"color: #33cccc;\">Ich komme von Br\u00fcgg, dort wohne ich mit meinen Eltern und meinen zwei j\u00fcngeren Geschwistern.<\/span><\/h4>\n<h3><span style=\"color: #33cccc;\"><strong>Interessen<\/strong><\/span><\/h3>\n<h4><span style=\"color: #33cccc;\">Tanzen \u2013 am Tag manchmal Salsa oder Lindyhop, am Abend an Konzerten oder im Club.<\/span><\/h4>\n<h4><span style=\"color: #33cccc;\">Politik \u2013 was in der Schweiz und der ganzen Welt politisch passiert, bewegt mich und diskutiere ich immer wieder gerne mit anderen.<\/span><\/h4>\n<h4><span style=\"color: #33cccc;\">Spiele \u2013 am liebsten mag ich Gesellschaftsspiele die eine Mischung zwischen Gl\u00fcck und Strategie brauchen.<\/span><\/h4>\n<h4>\u00a0<\/h4>\n\n\n<p><\/p>\n","protected":false},"excerpt":{"rendered":"<p>Daten 2026: START am 8. Jan., 15. Jan., 22. Jan., 29. Jan., Freitag 30. Jan. Disco on Ice Eisbahn Kerzers, 5. Feb., 12. Feb., 26. Feb., 12. M\u00e4rz, 19. M\u00e4rz,<\/p>\n<p><a href=\"https:\/\/www.jugendarbeit-kerzers.ch\/?page_id=186\" class=\"more-link themebutton\">Read More<\/a><\/p>\n","protected":false},"author":1,"featured_media":0,"parent":0,"menu_order":0,"comment_status":"closed","ping_status":"closed","template":"","meta":{"footnotes":""},"class_list":["post-186","page","type-page","status-publish","hentry"],"_links":{"self":[{"href":"https:\/\/www.jugendarbeit-kerzers.ch\/index.php?rest_route=\/wp\/v2\/pages\/186","targetHints":{"allow":["GET"]}}],"collection":[{"href":"https:\/\/www.jugendarbeit-kerzers.ch\/index.php?rest_route=\/wp\/v2\/pages"}],"about":[{"href":"https:\/\/www.jugendarbeit-kerzers.ch\/index.php?rest_route=\/wp\/v2\/types\/page"}],"author":[{"embeddable":true,"href":"https:\/\/www.jugendarbeit-kerzers.ch\/index.php?rest_route=\/wp\/v2\/users\/1"}],"replies":[{"embeddable":true,"href":"https:\/\/www.jugendarbeit-kerzers.ch\/index.php?rest_route=%2Fwp%2Fv2%2Fcomments&post=186"}],"version-history":[{"count":209,"href":"https:\/\/www.jugendarbeit-kerzers.ch\/index.php?rest_route=\/wp\/v2\/pages\/186\/revisions"}],"predecessor-version":[{"id":5342,"href":"https:\/\/www.jugendarbeit-kerzers.ch\/index.php?rest_route=\/wp\/v2\/pages\/186\/revisions\/5342"}],"wp:attachment":[{"href":"https:\/\/www.jugendarbeit-kerzers.ch\/index.php?rest_route=%2Fwp%2Fv2%2Fmedia&parent=186"}],"curies":[{"name":"wp","href":"https:\/\/api.w.org\/{rel}","templated":true}]}}