{"id":194,"date":"2014-10-08T20:53:08","date_gmt":"2014-10-08T18:53:08","guid":{"rendered":"https:\/\/www.jugendarbeit-kerzers.ch\/?page_id=194"},"modified":"2025-11-21T17:25:54","modified_gmt":"2025-11-21T16:25:54","slug":"links","status":"publish","type":"page","link":"https:\/\/www.jugendarbeit-kerzers.ch\/?page_id=194","title":{"rendered":"Links"},"content":{"rendered":"<h2>Beratung f\u00fcr Jugendliche:<\/h2>\n<ul>\n<li>\n<h4>147 \/ Pro Juventute &#8211; Online Beratung zu Themen wie Familie, Freundschaft, Liebe, Sexualit\u00e4t, Schule, Beruf, Suizidpr\u00e4vention\u2028 <a href=\"https:\/\/www.147.ch\/de\/\" target=\"_blank\" rel=\"noopener noreferrer\">www.147.ch<\/a><\/h4>\n<\/li>\n<li>\n<h4>0800 500 400 mein Ohr f\u00fcr dich &#8211; Alltagstelefon. kostenlos. anonym. vertraulich. 365 Tage 14 \u2013 21 Uhr, Sa &amp; So 17 \u2013 19 Uhr, English Line: Mon &amp; Thu 8 \u2013 9 pm. <a href=\"https:\/\/www.meinohrfuerdich.ch\/\" target=\"_blank\" rel=\"noopener\">www.meinohrfuerdich.ch<\/a><\/h4>\n<\/li>\n<li>\n<h4>Die Website <a href=\"https:\/\/santepsy.ch\/de\/\">Sant\u00e9psy.ch<\/a> f\u00f6rdert die psychische Gesundheit in den lateinischen Kantonen, indem sie Informationen, Tools und Ressourcen in Deutsch, Franz\u00f6sisch und Italienisch anbietet. Sie richtet sich sowohl an die breite \u00d6ffentlichkeit als auch an Fachleute.<\/h4>\n<\/li>\n<li>\n<h4><span style=\"color: revert; font-size: revert; font-weight: revert;\"><a href=\"http:\/\/www.psy-health.ch\/\" target=\"_blank\" rel=\"noopener\">Psy-Health.ch<\/a> bietet zug\u00e4ngliche Informationen und praktische Ressourcen, um die psychische Gesundheit besser zu verstehen, um zu lernen, wie man sie f\u00f6rdert und welche Hilfsangebote zur Verf\u00fcgung stehen. <\/span><span style=\"font-size: revert; font-weight: revert; color: #ff0000;\">Die Website ist in 12 Sprachen verf\u00fcgbar: Albanisch, Englisch, Arabisch, Farsi\/Dari, Paschtu, Portugiesisch, Russisch, Spanisch, Tamilisch, Tigrigna, T\u00fcrkisch und Ukrainisch.<\/span><span style=\"color: revert; font-size: revert; font-weight: revert;\"> Sie wird durch kurze Videosequenzen erg\u00e4nzt, die in allen Sprachen verf\u00fcgbar sind. <\/span><a style=\"font-size: revert; font-weight: revert;\" href=\"http:\/\/www.psy-health.ch\/\">www.psy-health.ch &#8211; <\/a><a style=\"font-size: revert; font-weight: revert;\" href=\"https:\/\/www.instagram.com\/psyhealth.ch\/\">Instagram<\/a><\/h4>\n<h4><\/h4>\n<\/li>\n<li>\n<h4>Feel ok.\u2028Infos von A bis Z, zu Themen wie z.B. Alkohol, Cannabis, Arbeit, Ern\u00e4hrung, Freizeit, Gewalt, Gewicht, Essst\u00f6rungen, Gl\u00fccksspiel, Jugendrechte, Medien, Psychische St\u00f6rungen, Sexualit\u00e4t, Sport, Stress, Suizidalit\u00e4t, etc.\u2028 <a href=\"https:\/\/www.feel-ok.ch\/de_CH\/jugendliche\/jugendliche.cfm\" target=\"_blank\" rel=\"noopener noreferrer\">www.feelok.ch<\/a><\/h4>\n<\/li>\n<li>\n<h4>Tschau\u2028Kostenlose online Beratung f\u00fcr Jugendliche. Informationen zu vielen Themen\u2028 <a href=\"https:\/\/www.tschau.ch\/\" target=\"_blank\" rel=\"noopener noreferrer\">www.tschau.ch<\/a><\/h4>\n<\/li>\n<li>\n<h4>Wie-geht\u2019s-dir? Gespr\u00e4chstipps bei Sorge um jemanden\u2028 <a href=\"https:\/\/www.wie-gehts-dir.ch\/\" target=\"_blank\" rel=\"noopener noreferrer\">www.wie-gehts-dir.ch<\/a><\/h4>\n<\/li>\n<li>\n<h4>H\u00e4sch Ziit? Dein Forum f\u00fcr Fragen und Tipps\u2028 <a href=\"https:\/\/haeschziit.ch\/\" target=\"_blank\" rel=\"noopener noreferrer\">www.haeschziit.ch<\/a><\/h4>\n<\/li>\n<li>\n<h4>Lust &amp; Frust\u2028 &#8211; F\u00fcr alle Fragen rund um Liebe, Sex und Freundschaft\u2028 <a href=\"https:\/\/www.lustundfrust.ch\/\" target=\"_blank\" rel=\"noopener noreferrer\">www.lustundfrust.ch<\/a><\/h4>\n<\/li>\n<li>\n<h4>Du bist du\u2028 &#8211; Beratung von und f\u00fcr schwule, lesbische, bisexuelle und trans* Jugendliche\u2028 <a href=\"https:\/\/du-bist-du.ch\/\" target=\"_blank\" rel=\"noopener noreferrer\">www.du-bist-du.ch<\/a><\/h4>\n<\/li>\n<li>\n<h4>bisch-fit &#8211; Neues Online-Tool, um sein Wissen \u00fcber Alkohol, Cannabis, Bildschirmkonsum, Gl\u00fccksspiel und andere Gesundheitstheme zu testen <a href=\"https:\/\/www.bisch-fit.ch\/\" target=\"_blank\" rel=\"noopener\">www.bisch-fit.ch<\/a><\/h4>\n<\/li>\n<\/ul>\n<h2>Lehrstellensuche:<\/h2>\n<ul>\n<li>\n<h4>Lehrstellen vom Gw\u00e4rb Kerzers. Plattform f\u00fcr Lehrstellen\u2028 <a href=\"https:\/\/www.gwaerb-kerzers.ch\/lehrstellen\/\" target=\"_blank\" rel=\"noopener noreferrer\">www.gwaerb-kerzers.ch<\/a><\/h4>\n<\/li>\n<li>\n<h4>Portal f\u00fcr offene Lehrstellen und Lehrstellensuche: Dein eigenes Gesuch, viele freie Lehrstellen und Bewerbungstipps\u2028 <a href=\"http:\/\/www.lehrstellenboerse.ch\/\" target=\"_blank\" rel=\"noopener noreferrer\">www.lehrstellenboerse.ch<\/a><\/h4>\n<\/li>\n<\/ul>\n<h2>Ferienlager, Sprachaustausch, Kulturaustausch:<\/h2>\n<ul>\n<li>\n<h4>Jugend- und Sport\u2028 Sportkurse und Lager f\u00fcr Kinder und Jugendliche mit 70 Sportarten <a href=\"https:\/\/www.jugendundsport.ch\/\" target=\"_blank\" rel=\"noopener noreferrer\">www.jugendundsport.ch<\/a><\/h4>\n<\/li>\n<li>\n<h4>\u2028Kostenloser Ferienaustausch f\u00fcr 11 \u2013 18 J\u00e4hrige innerhalb der Schweiz. Geeignet zur Verbesserung der Sprachkompetenz und zur F\u00f6rderung der Selbst\u00e4ndigkeit. <a href=\"https:\/\/www.movetia.ch\/programme\/ferienaustausch\/\" target=\"_blank\" rel=\"noopener noreferrer\">www.movetia.ch<\/a><\/h4>\n<\/li>\n<li>\n<h4>Intermundo.\u2028Dachorganisation f\u00fcr internationalen Jugendaustausch in der Schweiz.\u2028Beratung um die passende Organisation f\u00fcr einen Sprach- und Kulturaustausch zu finden.\u2028<a href=\"https:\/\/www.intermundo.ch\/\" target=\"_blank\" rel=\"noopener noreferrer\"> www.intermundo.ch<\/a><\/h4>\n<\/li>\n<li>\n<h4>AFS: Internationaler Sch\u00fcler- und Jugendaustausche. Auch Gastfamilien in der Schweiz f\u00fcr ausl\u00e4ndische Jugendliche gesucht! <a href=\"https:\/\/www.afs.ch\/\" target=\"_blank\" rel=\"noopener noreferrer\">www.afs.ch <\/a><a href=\"https:\/\/www.icye.ch\/\" target=\"_blank\" rel=\"noopener noreferrer\"> \/ <\/a><a href=\"http:\/\/www.scich.org\/de\/\" target=\"_blank\" rel=\"noopener noreferrer\">www.scich.org<\/a><\/h4>\n<\/li>\n<li>\n<h4>ICYE: Ob als kurze Auszeit zwischen Lehrabschluss und Stellenantritt, als Zwischenjahr nach der Matura oder als Sabbatical. <a href=\"https:\/\/www.icye.ch\/\" target=\"_blank\" rel=\"noopener noreferrer\">www.icye.ch<\/a><\/h4>\n<\/li>\n<li>\n<h4>Nakultur: Erlebe einmalige Tage in internationalen Jugendlagern, z.B. im Gantrisch, auf dem Weissenstein, in der W\u00fcste oder im Ozean. <a href=\"http:\/\/nakultur.ch\/en\/home\/\" target=\"_blank\" rel=\"noopener noreferrer\">www.nakultur.ch \/ <\/a><a href=\"https:\/\/nakultur.ch\/en\/program\/\" target=\"_blank\" rel=\"noopener noreferrer\">Infos und Anmeldung<\/a><\/h4>\n<\/li>\n<li>\n<h4>Agriviva \u2013 Bauernhof-Erlebnisse: Bauernhof-Erlebnisse sind unvergessliche Erfahrungen f\u00fcr Jugendliche. \u2028Agriviva hilft jungen Menschen im Alter zwischen 14 und 24 Jahren, die passende Bauernfamilie f\u00fcr einen Ferienjob zu finden: <a href=\"https:\/\/www.agriviva.ch\/de\/\" target=\"_blank\" rel=\"noopener noreferrer\">www.agriviva.ch<\/a><\/h4>\n<\/li>\n<\/ul>\n<h2>Beratung f\u00fcr Eltern:<\/h2>\n<ul>\n<li>\n<h4>Eltern-Notruf: 24 Std. Hilfe und Beratung bei Belastung in Betreuungs- oder Erziehungssituationen. F\u00fcr Eltern oder Bezugspersonen von Kindern jeden Alters. Vertraulich und auf Wunsch anonym \u2028Telefon ist 24 Stunden bedient. Tel. 0848 35 45 55 \u2028<a href=\"https:\/\/www.elternnotruf.ch\/\" target=\"_blank\" rel=\"noopener noreferrer\">www.elternnotruf.ch<\/a><\/h4>\n<\/li>\n<li>\n<h4>Die Website <a href=\"https:\/\/santepsy.ch\/de\/\">Sant\u00e9psy.ch<\/a> f\u00f6rdert die psychische Gesundheit in den lateinischen Kantonen, indem sie Informationen, Tools und Ressourcen in Deutsch, Franz\u00f6sisch und Italienisch anbietet. Sie richtet sich sowohl an die breite \u00d6ffentlichkeit als auch an Fachleute.<\/h4>\n<\/li>\n<li>\n<h4><a href=\"https:\/\/psyhealth.ch\/\" target=\"_blank\" rel=\"noopener\">Psy-Health.ch<\/a> bietet\u00a0 Informationen und praktische Ressourcen, um die psychische Gesundheit besser zu verstehen, um zu lernen, wie man sie f\u00f6rdert und welche Hilfsangebote zur Verf\u00fcgung stehen. <span style=\"color: #ff0000;\">Die Website ist in 12 Sprachen verf\u00fcgbar: Albanisch, Englisch, Arabisch, Farsi\/Dari, Paschtu, Portugiesisch, Russisch, Spanisch, Tamilisch, Tigrigna, T\u00fcrkisch und Ukrainisch.<\/span> Sie wird durch kurze Videosequenzen erg\u00e4nzt, die in allen Sprachen verf\u00fcgbar sind. <a href=\"http:\/\/www.psy-health.ch\/\">www.psy-health.ch &#8211; <\/a><a href=\"https:\/\/www.instagram.com\/psyhealth.ch\/\">Instagram<\/a><\/h4>\n<\/li>\n<li>\n<h4><a href=\"https:\/\/www.digiharmo.ch\/de\" target=\"_blank\" rel=\"noopener\">DigiHarmo.ch <\/a>Die Plattform f\u00fcr Eltern die Kinder und Jugendliche zu einem ausgewogenen und bewussten Umgang mit Bildschirmen begleiten m\u00f6chten.<\/h4>\n<\/li>\n<li>\n<h4>Kinderschutz (Fragen zu Kinderrechten und Gewalt gegen Kinder) \u2028<a href=\"https:\/\/www.kinderschutz.ch\/de\/\" target=\"_blank\" rel=\"noopener noreferrer\">www.kinderschutz.ch<\/a><\/h4>\n<\/li>\n<li>\n<h4>Kinderschutzgruppe Kinderspital Bern (Verdacht auf sexuellen Missbrauch)\u2028 Tel. 0900 632 927<\/h4>\n<\/li>\n<li>\n<h4>Erziehungsberatung Bern (bei Erziehungsfragen \/ Familienkonflikten) \u2028Tel. 031 633 41 41<\/h4>\n<\/li>\n<li>\n<h4>Erziehungsberatung Biel (bei Erziehungsfragen \/ Familienkonflikten)\u2028 Tel. 032 328 75 40<\/h4>\n<\/li>\n<li>\n<h4>Berner Gesundheit. Beratungsstelle zu Sucht, Gewalt, Mobbing\u2028Gratis-Nummer: Tel. 0800 070 070\u2028 <a href=\"https:\/\/www.bernergesundheit.ch\/\" target=\"_blank\" rel=\"noopener noreferrer\">www.bernergesundheit.ch<\/a><\/h4>\n<\/li>\n<li>\n<h4>Contact Netz. Suchtprobleme, psychische Gef\u00e4hrdung\u2028 <a href=\"https:\/\/www.contact-suchthilfe.ch\/\" target=\"_blank\" rel=\"noopener noreferrer\">www.contactnetz.ch<\/a><\/h4>\n<\/li>\n<li>\n<h4>Blaues Kreuz. Suchtprobleme <a href=\"http:\/\/www.blaueskreuz.ch\/\" target=\"_blank\" rel=\"noopener noreferrer\">www.blaueskreuz.ch<\/a><\/h4>\n<\/li>\n<\/ul>\n<h2>Links rund um Kerzers:<\/h2>\n<ul>\n<li>\n<h4>OS Kerzers Online: Informationen rund um die Schule, Schulsozialarbeit &amp; Sch\u00fcler\/innen Rat\u2028: <a href=\"https:\/\/oskerzers.friweb.ch\/de\/home\" target=\"_blank\" rel=\"noopener noreferrer\">www.oskerzers.ch<\/a><\/h4>\n<\/li>\n<li>\n<h4>Primarschule Kerzers Online: Informationen rund um die Schule, Schulsozialarbeit: <a href=\"https:\/\/www.pskerzers.ch\/de\/herzlich-willkommen\" target=\"_blank\" rel=\"noopener noreferrer\">www.pskerzersfraeschels.ch<\/a><\/h4>\n<\/li>\n<li>\n<h4>Gemeinde Kerzers:\u2028 <a href=\"http:\/\/www.kerzers.ch\/home.htm\" target=\"_blank\" rel=\"noopener noreferrer\">www.kerzers.ch<\/a><\/h4>\n<\/li>\n<\/ul>\n<h2>Weitere n\u00fctzliche Links:<\/h2>\n<ul>\n<li>\n<h4>Kinder- und Jugendf\u00f6rderung Schweiz <a href=\"https:\/\/www.infoklick.ch\/schweiz\/\" target=\"_blank\" rel=\"noopener noreferrer\">www.infoklick.ch<\/a><\/h4>\n<\/li>\n<li>\n<h4>Jugendurlaub \u2028Alle Arbeitnehmer\/innen und Lernenden unter 30 Jahren haben ein Anrecht auf maximal f\u00fcnf Tage unbezahlten Urlaub f\u00fcr freiwillige Jugendarbeit. Dieser ist im Obligationenrecht in Artikel 329e verankert. Weitere Infos unter \u2028<a href=\"http:\/\/www.sajv.ch\/dienstleistungen\/jugendurlaub\/\" target=\"_blank\" rel=\"noopener noreferrer\">www.sajv.ch<\/a><\/h4>\n<\/li>\n<li>\n<h4>Informationen und Sensibilisierung in der Partyszene <a href=\"https:\/\/www.raveitsafe.ch\/\" target=\"_blank\" rel=\"noopener noreferrer\">www.raveitsafe.ch<\/a><\/h4>\n<\/li>\n<\/ul>\n","protected":false},"excerpt":{"rendered":"<p>Beratung f\u00fcr Jugendliche: 147 \/ Pro Juventute &#8211; Online Beratung zu Themen wie Familie, Freundschaft, Liebe, Sexualit\u00e4t, Schule, Beruf, Suizidpr\u00e4vention\u2028 www.147.ch 0800 500 400 mein Ohr f\u00fcr dich &#8211; Alltagstelefon.<\/p>\n<p><a href=\"https:\/\/www.jugendarbeit-kerzers.ch\/?page_id=194\" class=\"more-link themebutton\">Read More<\/a><\/p>\n","protected":false},"author":1,"featured_media":0,"parent":0,"menu_order":0,"comment_status":"closed","ping_status":"closed","template":"","meta":{"footnotes":""},"class_list":["post-194","page","type-page","status-publish","hentry"],"_links":{"self":[{"href":"https:\/\/www.jugendarbeit-kerzers.ch\/index.php?rest_route=\/wp\/v2\/pages\/194","targetHints":{"allow":["GET"]}}],"collection":[{"href":"https:\/\/www.jugendarbeit-kerzers.ch\/index.php?rest_route=\/wp\/v2\/pages"}],"about":[{"href":"https:\/\/www.jugendarbeit-kerzers.ch\/index.php?rest_route=\/wp\/v2\/types\/page"}],"author":[{"embeddable":true,"href":"https:\/\/www.jugendarbeit-kerzers.ch\/index.php?rest_route=\/wp\/v2\/users\/1"}],"replies":[{"embeddable":true,"href":"https:\/\/www.jugendarbeit-kerzers.ch\/index.php?rest_route=%2Fwp%2Fv2%2Fcomments&post=194"}],"version-history":[{"count":42,"href":"https:\/\/www.jugendarbeit-kerzers.ch\/index.php?rest_route=\/wp\/v2\/pages\/194\/revisions"}],"predecessor-version":[{"id":5157,"href":"https:\/\/www.jugendarbeit-kerzers.ch\/index.php?rest_route=\/wp\/v2\/pages\/194\/revisions\/5157"}],"wp:attachment":[{"href":"https:\/\/www.jugendarbeit-kerzers.ch\/index.php?rest_route=%2Fwp%2Fv2%2Fmedia&parent=194"}],"curies":[{"name":"wp","href":"https:\/\/api.w.org\/{rel}","templated":true}]}}