{"id":2,"date":"2014-10-01T15:44:38","date_gmt":"2014-10-01T13:44:38","guid":{"rendered":"https:\/\/www.jugendarbeit-kerzers.ch\/?page_id=2"},"modified":"2017-04-11T10:45:36","modified_gmt":"2017-04-11T08:45:36","slug":"beispiel-seite","status":"publish","type":"page","link":"https:\/\/www.jugendarbeit-kerzers.ch\/?page_id=2","title":{"rendered":"Jugendarbeit"},"content":{"rendered":"<h2>Entwicklung &amp; Geschichte<\/h2>\n<p>Im Jahre 1996 entschied der Gemeinderat Kerzers, eine Jugendkommission und einen Jugendarbeiter mit der Erarbeitung eines Konzeptes und der Ausarbeitung entsprechender Pflichtenhefte einzusetzen.<\/p>\n<p>Die Stelle zu 40 % wurde dann auch besetzt. Der Jugendarbeiter sollte sich mit den Jugendlichen um die Jugendraumeinrichtung k\u00fcmmern und mit ihnen Aktivit\u00e4ten organisieren. Bald wurde aber das Arbeitsverh\u00e4ltnis aufgel\u00f6st.<\/p>\n<p>Nachdem im M\u00e4rz 2001 der neue Jugendraum beim OS-Schulhaus er\u00f6ffnet wurde, schrieb man die Stelle nochmals mit 40 % aus. Leider konnte damals keine geeignete Person gefunden werden. Daher entschloss sich die Jugendkommission, den Jugendraum am Freitagabend gemeinsam mit den Sch\u00fclern zu betreuen. Der Arbeitsplatz des Jugendarbeiters wurde an die OS verlegt, in direkter N\u00e4he des Jugendraumes. Die 60\u00a0% Stelle wurde als Jugend- und Schulsozialarbeit ausgeschrieben. Diese Stelle wurde besetzt durch Rahel Marti. Im Verlaufe der Arbeit entwickelte sich die Spezialisierung zur Schulsozialarbeit, wo Rahel Marti auch heute noch als Schulsozialarbeiterin t\u00e4tig ist.<\/p>\n<p>Dank finanzieller Beteiligung der Partnergemeinden, konnte die Stelle der ausserschulischen Jugendarbeit (60%) ab Mitte Mai 2007 neu mit Cosima Oesch (soziokulturelle Animatorin HS) besetzt werden. Zu Beginn ging es darum, die offene Jugendarbeit im Raum Kerzers aufzubauen. Mittlerweile ist dies gut gelungen. Die Jugendarbeit Regio Kerzers ist lokal, regional, kantonal und national mit vielen weiteren Akteuren der Jugendarbeit vernetzt.<\/p>\n<p>Die offene Jugendarbeit hat zum Teil umfangreiche und pionierhafte Projekte angeregt, durchgef\u00fchrt und\/oder begleitet, z.B. ein mobiles Projekt mit Spielbus in allen Partnergemeinden (2008 und 2011), den Einsatz von Zivis zur Konfliktpr\u00e4vention im \u00f6ffentlichen Raum (2009), der Aufbau des Skatepark Kerzers (2009), ein offenes Spielangebot f\u00fcr Kinder (2012) und eine Wochenplatz- und Ferienjobb\u00f6rse (2014).<\/p>\n","protected":false},"excerpt":{"rendered":"<p>Entwicklung &amp; Geschichte Im Jahre 1996 entschied der Gemeinderat Kerzers, eine Jugendkommission und einen Jugendarbeiter mit der Erarbeitung eines Konzeptes und der Ausarbeitung entsprechender Pflichtenhefte einzusetzen. Die Stelle zu 40<\/p>\n<p><a href=\"https:\/\/www.jugendarbeit-kerzers.ch\/?page_id=2\" class=\"more-link themebutton\">Read More<\/a><\/p>\n","protected":false},"author":1,"featured_media":0,"parent":0,"menu_order":0,"comment_status":"closed","ping_status":"closed","template":"","meta":{"footnotes":""},"class_list":["post-2","page","type-page","status-publish","hentry"],"_links":{"self":[{"href":"https:\/\/www.jugendarbeit-kerzers.ch\/index.php?rest_route=\/wp\/v2\/pages\/2","targetHints":{"allow":["GET"]}}],"collection":[{"href":"https:\/\/www.jugendarbeit-kerzers.ch\/index.php?rest_route=\/wp\/v2\/pages"}],"about":[{"href":"https:\/\/www.jugendarbeit-kerzers.ch\/index.php?rest_route=\/wp\/v2\/types\/page"}],"author":[{"embeddable":true,"href":"https:\/\/www.jugendarbeit-kerzers.ch\/index.php?rest_route=\/wp\/v2\/users\/1"}],"replies":[{"embeddable":true,"href":"https:\/\/www.jugendarbeit-kerzers.ch\/index.php?rest_route=%2Fwp%2Fv2%2Fcomments&post=2"}],"version-history":[{"count":2,"href":"https:\/\/www.jugendarbeit-kerzers.ch\/index.php?rest_route=\/wp\/v2\/pages\/2\/revisions"}],"predecessor-version":[{"id":859,"href":"https:\/\/www.jugendarbeit-kerzers.ch\/index.php?rest_route=\/wp\/v2\/pages\/2\/revisions\/859"}],"wp:attachment":[{"href":"https:\/\/www.jugendarbeit-kerzers.ch\/index.php?rest_route=%2Fwp%2Fv2%2Fmedia&parent=2"}],"curies":[{"name":"wp","href":"https:\/\/api.w.org\/{rel}","templated":true}]}}