{"id":212,"date":"2014-10-08T21:10:52","date_gmt":"2014-10-08T19:10:52","guid":{"rendered":"https:\/\/www.jugendarbeit-kerzers.ch\/?page_id=212"},"modified":"2026-01-30T09:47:02","modified_gmt":"2026-01-30T08:47:02","slug":"meetpoint","status":"publish","type":"page","link":"https:\/\/www.jugendarbeit-kerzers.ch\/?page_id=212","title":{"rendered":"Meet Point"},"content":{"rendered":"<h2><span style=\"color: #800080;\"><strong>Daten 2025: <\/strong><strong>10. Jan., 17. Jan., 24. Jan., 14. Feb., 7. M\u00e4rz, 21. M\u00e4rz, 28. M\u00e4rz, 4. April, 9. Mai, 16. Mai, 23. Mai, 6. Juni, 13. Juni<\/strong><\/span><\/h2>\n<h2><strong>Warum einen Raum?<\/strong><\/h2>\n<h4 class=\"sidepicture\">Der Jugendraum &#8222;Meet Point&#8220; der Gemeinde Kerzers befindet sich in einem Teil der R\u00e4umlichkeiten der Zivilschutzanlage Schmitteng\u00e4ssli, Schulhausstrasse 7,3210 Kerzers (<a href=\"https:\/\/www.google.ch\/maps\/place\/Jugendraum+Meetpoint\/@46.973111,7.196554,732m\/data=!3m2!1e3!4b1!4m2!3m1!1s0x478e140c07cdd425:0x6df0bd69894744fb\"><strong>Karte). <\/strong><\/a>Im Sommer \/ Herbst 2000 wurde dieser unter der Mithilfe von vielen engagierten Jugendlichen eingerichtet und im M\u00e4rz 2001 offiziell er\u00f6ffnet.<\/h4>\n<h4>Seither wurde der Jugendraum &#8222;Meet Point&#8220; mit Jugendlichen und Freiwilligen immerwieder nach den W\u00fcnschen der Jugendlichen umgestaltet. Vor allem der Discoraum wurde in den letzten Jahren attraktiver gestaltet. Vor allem die Beleuchtung und die Musikanlage werden stetig verbessert.<\/h4>\n<p><iframe loading=\"lazy\" style=\"border: 0;\" src=\"https:\/\/www.google.com\/maps\/embed?pb=!1m18!1m12!1m3!1d680.6037455608356!2d7.196106589809307!3d46.97318322478448!2m3!1f0!2f0!3f0!3m2!1i1024!2i768!4f13.1!3m3!1m2!1s0x478e140c07cdd425%3A0x6df0bd69894744fb!2sMeet%20Point%20Jugendtreff!5e0!3m2!1sde!2sch!4v1742148373310!5m2!1sde!2sch\" width=\"400\" height=\"300\" allowfullscreen=\"allowfullscreen\"><\/iframe><\/p>\n<div class=\"clearer\"><\/div>\n<h2><strong><a name=\"01b1aa92cc135735e\"><\/a>Was machen die Kids im Treff?<\/strong><\/h2>\n<ul>\n<li>\n<h4>&#8222;Chillen&#8220; &#8211; also gem\u00fctlich beisammen sein<\/h4>\n<\/li>\n<li>\n<h4>Erfahrungen austauschen<\/h4>\n<\/li>\n<li>\n<h4>\u00dcber Schule, Lehrer und Famillie diskutieren<\/h4>\n<\/li>\n<li>\n<h4>Musik h\u00f6ren<\/h4>\n<\/li>\n<li>\n<h4>Tanzen<\/h4>\n<\/li>\n<li>\n<h4>Spiele wie Billard &amp; T\u00f6ggel\u00e4 spielen mit Kollegen<\/h4>\n<\/li>\n<li>\n<h4>Gelegentlich Spezialanl\u00e4sse: z.B. Halloween Party, Tanzkurs, Spielabend<\/h4>\n<\/li>\n<\/ul>\n<div class=\"clearer\"><\/div>\n<h2><strong><a name=\"03355d995d1310112\"><\/a>\u00d6ffnungszeiten, Regeln und Aufsicht<\/strong><\/h2>\n<div class=\"sidepicture\"><\/div>\n<h4 class=\"sidepicture\"><strong>Betreuter Treff am Abend<\/strong><\/h4>\n<h4>Freitag Abend von 20:00 Uhr \u2013 23.00 Uhr, f\u00fcr alle aus Kerzers, Ried, Fr\u00e4schels, Ferenbalm, Gurbr\u00fc + Wileroltigen. Im OS Alter = 13 &#8211; 16 J\u00e4hrig.<\/h4>\n<h4>Ausnahmen werden in begr\u00fcndeten Einzelf\u00e4llen gemacht. Sie m\u00fcssen direkt bei den Erwachsenen, welche im Meet Aufsicht machen (also Jugendarbeitende oder JUKO Mitglieder), beantragt werden.<\/h4>\n<h4><strong>Regeln<\/strong><br \/>\nIm Treff besteht unter anderem ein striktes Alkohol- und Rauchverbot.<\/h4>\n<h4><strong>Aufgaben und Grenzen der Aufsichtsfunktion<\/strong><br \/>\nJeweils 2 &#8211; 3 Erwachsene \u00fcbernehmen die Aufsichtsfunktion innerhalb des Jugendraums. Sie sind Ansprechperson f\u00fcr die Jugendlichen, koordinieren die Arbeit des Jugendteams und sorgen daf\u00fcr, dass die f\u00fcr den Aufenthalt im Jugendraum geltenden Regeln eingehalten werden.<\/h4>\n<h4><strong>Liebe Eltern &#8211; bitte zur Kenntnis nehmen:<\/strong><br \/>\nDiese Aufsichtsfunktion gilt bis oben an die Treppe &#8211; ausserhalb des Jugendraums (z.B. auf OS-Areal, Doktorw\u00e4ldli und Parkplatz vor der Turnhalle) gelten die Regeln des \u00f6ffentlichen Raums. Hier ist die Einflussnahme der Aufsichtspersonen des Jugendraums bedingt &#8211; sie haben weder den Auftrag, noch die Befugnis, ordnungspolitisch einzugreifen.<\/h4>\n<h4>Probleme wie z.B. Nachtruhest\u00f6rung, Littering oder Alkoholkonsum k\u00f6nnen von Jugendarbeitenden im \u00f6ffentlichen Raum nur im Rahmen der<i> Rolle <\/i>der Jugendarbeit, n\u00e4mlich \u00fcber das Gespr\u00e4ch mit den Jugendlichen thematisiert und allenfalls beeinflusst werden.<\/h4>\n<h4>Jugendarbeit ist in erster Linie Beziehungsarbeit. In Gespr\u00e4chen mit Jugendlichen im Kontext des Verhaltens im \u00f6ffentlichen Raum geht es zumeist um Themen wie Werthaltungen, Risikoverhalten, Gruppendruck und Verantwortung.<\/h4>\n<h4><strong>Verst\u00e4rkte Alkohol- und Tabakpr\u00e4vention ab Sommer 2013<\/strong><br \/>\nAb Schuljahr 2013\/2014 setzen sich die Jugendarbeitenden verst\u00e4rkt daf\u00fcr ein, den \u00f6ffentlichen Raum rund um das Schulhaus und Turnhalle frei zu halten von Alkohol- und Tabakkonsum am Freitag Abend, w\u00e4hrend der \u00d6ffnungszeiten des Meet Points. Sie wenden dabei die selben Regeln an, die ab November 2013 auch w\u00e4hrend der Midnight Sports Veranstaltungen (Samstag Abend) angewendet werden.<\/h4>\n<h4>Die Jugendarbeitenden setzen dabei auf Sensibilisierung der Jugendlichen.<\/h4>\n<h3><strong>R\u00e4umlichkeiten mieten:<\/strong><\/h3>\n<h3><span style=\"color: #ff0000;\"><strong>Mindestens 2 Wochen vor der Vermietung muss ein Ben\u00fctzungsgesuch (<\/strong><\/span><strong><a href=\"https:\/\/www.jugendarbeit-kerzers.ch\/wp-content\/uploads\/2022\/02\/Mietgesuch-Jugendraum-Meetpoint-2022.pdf\" target=\"_blank\" rel=\"attachment noopener wp-att-688 noreferrer\">miet-gesuch-jugendraum.pdf<\/a><\/strong><span style=\"color: #ff0000;\"><strong>) <\/strong><\/span><span style=\"color: #ff0000;\"><strong>ausgef\u00fcllt werden.<\/strong><\/span><\/h3>\n<h4><strong>Der Raum kann von Privatpersonen, aus Kerzers und den Partnergemeinden, gemietet werden. Er ist auf Grund seiner Gr\u00f6sse und jugendgerechten Infrastruktur ideal f\u00fcr die Durchf\u00fchrung von Kindergeburtstagen und von Jugendparties, vornehmlich f\u00fcr das Zielalter von ca. 8 -16 Jahren. Theoretisch kann der Jugendraum f\u00fcr Veranstaltungen bis Zielalter 25 Jahre gemietet werden, jedoch ist das generelle Alkoholkonsum- und Rauchverbot von allen anwesenden G\u00e4sten zu respektieren.<\/strong><\/h4>\n<h2><span style=\"color: #33cccc;\"><strong>Hier der Kalender mit den bereits vermieteten Daten<\/strong><\/span><\/h2>\n<h2><span style=\"color: #33cccc;\"><strong>:<\/strong><\/span><\/h2>\n<br><div data-tockify-calendar=\"meetpoint\" data-tockify-component=\"calendar\"><\/div><script type='text\/javascript'>if (window._tkf && window._tkf.loadDeclaredCalendars) {window._tkf.loadDeclaredCalendars();}<\/script>\n<h4>+<\/h4>\n<h4><strong>Hier der Link zum Download des Formulars, das du und deine Eltern \/ gesetzlichen Vertretern unterschreiben m\u00fcssen:<\/strong><\/h4>\n<h4><strong><a href=\"https:\/\/www.jugendarbeit-kerzers.ch\/wp-content\/uploads\/2022\/02\/Mietgesuch-Jugendraum-Meetpoint-2022.pdf\" target=\"_blank\" rel=\"attachment noopener wp-att-688 noreferrer\">miet-gesuch-jugendraum<\/a>\u00a0[393 KB]<\/strong><\/h4>\n<h4><strong>Formular einreichen bei: <\/strong><strong>jugendarbeit(\u00e4t)kerzers.ch<\/strong><\/h4>\n<h4><strong>Des Weitern musst du mit der Jugendarbeit pers\u00f6nlich Kontakt aufnehmen, um die Vermietung gemeinsam zu besprechen.<\/strong><\/h4>\n<h4><strong>Kontakt: jugendarbeit(\u00e4t)kerzers.ch und Telefon Di\/Do\/Fr: 079 938 78 53<\/strong><\/h4>\n<h2><a href=\"https:\/\/www.jugendarbeit-kerzers.ch\/?attachment_id=2740\" rel=\"attachment wp-att-2740\"><img loading=\"lazy\" decoding=\"async\" class=\"alignnone wp-image-2740 size-full\" src=\"https:\/\/www.jugendarbeit-kerzers.ch\/wp-content\/uploads\/2020\/10\/1_Bar-2-1.jpg\" alt=\"\" width=\"1000\" height=\"750\" srcset=\"https:\/\/www.jugendarbeit-kerzers.ch\/wp-content\/uploads\/2020\/10\/1_Bar-2-1.jpg 1000w, https:\/\/www.jugendarbeit-kerzers.ch\/wp-content\/uploads\/2020\/10\/1_Bar-2-1-300x225.jpg 300w, https:\/\/www.jugendarbeit-kerzers.ch\/wp-content\/uploads\/2020\/10\/1_Bar-2-1-768x576.jpg 768w\" sizes=\"auto, (max-width: 1000px) 100vw, 1000px\" \/><\/a><a href=\"https:\/\/www.jugendarbeit-kerzers.ch\/?attachment_id=2741\" rel=\"attachment wp-att-2741\"><img loading=\"lazy\" decoding=\"async\" class=\"alignnone wp-image-2741 size-full\" src=\"https:\/\/www.jugendarbeit-kerzers.ch\/wp-content\/uploads\/2020\/10\/3_Spielraum-1-1.jpg\" alt=\"\" width=\"1000\" height=\"750\" srcset=\"https:\/\/www.jugendarbeit-kerzers.ch\/wp-content\/uploads\/2020\/10\/3_Spielraum-1-1.jpg 1000w, https:\/\/www.jugendarbeit-kerzers.ch\/wp-content\/uploads\/2020\/10\/3_Spielraum-1-1-300x225.jpg 300w, https:\/\/www.jugendarbeit-kerzers.ch\/wp-content\/uploads\/2020\/10\/3_Spielraum-1-1-768x576.jpg 768w\" sizes=\"auto, (max-width: 1000px) 100vw, 1000px\" \/><\/a><a href=\"https:\/\/www.jugendarbeit-kerzers.ch\/?attachment_id=2742\" rel=\"attachment wp-att-2742\"><img loading=\"lazy\" decoding=\"async\" class=\"alignnone wp-image-2742 size-full\" src=\"https:\/\/www.jugendarbeit-kerzers.ch\/wp-content\/uploads\/2020\/10\/3_Spielraum-2.jpg\" alt=\"\" width=\"1000\" height=\"750\" srcset=\"https:\/\/www.jugendarbeit-kerzers.ch\/wp-content\/uploads\/2020\/10\/3_Spielraum-2.jpg 1000w, https:\/\/www.jugendarbeit-kerzers.ch\/wp-content\/uploads\/2020\/10\/3_Spielraum-2-300x225.jpg 300w, https:\/\/www.jugendarbeit-kerzers.ch\/wp-content\/uploads\/2020\/10\/3_Spielraum-2-768x576.jpg 768w\" sizes=\"auto, (max-width: 1000px) 100vw, 1000px\" \/><\/a><a href=\"https:\/\/www.jugendarbeit-kerzers.ch\/?attachment_id=2743\" rel=\"attachment wp-att-2743\"><img loading=\"lazy\" decoding=\"async\" class=\"alignnone wp-image-2743 size-full\" src=\"https:\/\/www.jugendarbeit-kerzers.ch\/wp-content\/uploads\/2020\/10\/4_Disco-Raum-3.jpg\" alt=\"\" width=\"1000\" height=\"750\" srcset=\"https:\/\/www.jugendarbeit-kerzers.ch\/wp-content\/uploads\/2020\/10\/4_Disco-Raum-3.jpg 1000w, https:\/\/www.jugendarbeit-kerzers.ch\/wp-content\/uploads\/2020\/10\/4_Disco-Raum-3-300x225.jpg 300w, https:\/\/www.jugendarbeit-kerzers.ch\/wp-content\/uploads\/2020\/10\/4_Disco-Raum-3-768x576.jpg 768w\" sizes=\"auto, (max-width: 1000px) 100vw, 1000px\" \/><\/a><a href=\"https:\/\/www.jugendarbeit-kerzers.ch\/?attachment_id=2744\" rel=\"attachment wp-att-2744\"><img loading=\"lazy\" decoding=\"async\" class=\"alignnone wp-image-2744 size-full\" src=\"https:\/\/www.jugendarbeit-kerzers.ch\/wp-content\/uploads\/2020\/10\/4_Disco-Raum-4.jpg\" alt=\"\" width=\"1000\" height=\"750\" srcset=\"https:\/\/www.jugendarbeit-kerzers.ch\/wp-content\/uploads\/2020\/10\/4_Disco-Raum-4.jpg 1000w, https:\/\/www.jugendarbeit-kerzers.ch\/wp-content\/uploads\/2020\/10\/4_Disco-Raum-4-300x225.jpg 300w, https:\/\/www.jugendarbeit-kerzers.ch\/wp-content\/uploads\/2020\/10\/4_Disco-Raum-4-768x576.jpg 768w\" sizes=\"auto, (max-width: 1000px) 100vw, 1000px\" \/><\/a><a href=\"https:\/\/www.jugendarbeit-kerzers.ch\/?attachment_id=2745\" rel=\"attachment wp-att-2745\"><img loading=\"lazy\" decoding=\"async\" class=\"alignnone wp-image-2745 size-full\" src=\"https:\/\/www.jugendarbeit-kerzers.ch\/wp-content\/uploads\/2020\/10\/4_Disco-Raum-5.jpg\" alt=\"\" width=\"1000\" height=\"750\" srcset=\"https:\/\/www.jugendarbeit-kerzers.ch\/wp-content\/uploads\/2020\/10\/4_Disco-Raum-5.jpg 1000w, https:\/\/www.jugendarbeit-kerzers.ch\/wp-content\/uploads\/2020\/10\/4_Disco-Raum-5-300x225.jpg 300w, https:\/\/www.jugendarbeit-kerzers.ch\/wp-content\/uploads\/2020\/10\/4_Disco-Raum-5-768x576.jpg 768w\" sizes=\"auto, (max-width: 1000px) 100vw, 1000px\" \/><\/a><\/h2>\n","protected":false},"excerpt":{"rendered":"<p>Daten 2025: 10. Jan., 17. Jan., 24. Jan., 14. Feb., 7. M\u00e4rz, 21. M\u00e4rz, 28. M\u00e4rz, 4. April, 9. Mai, 16. Mai, 23. Mai, 6. Juni, 13. Juni Warum einen<\/p>\n<p><a href=\"https:\/\/www.jugendarbeit-kerzers.ch\/?page_id=212\" class=\"more-link themebutton\">Read More<\/a><\/p>\n","protected":false},"author":1,"featured_media":0,"parent":0,"menu_order":0,"comment_status":"closed","ping_status":"closed","template":"","meta":{"footnotes":""},"class_list":["post-212","page","type-page","status-publish","hentry"],"_links":{"self":[{"href":"https:\/\/www.jugendarbeit-kerzers.ch\/index.php?rest_route=\/wp\/v2\/pages\/212","targetHints":{"allow":["GET"]}}],"collection":[{"href":"https:\/\/www.jugendarbeit-kerzers.ch\/index.php?rest_route=\/wp\/v2\/pages"}],"about":[{"href":"https:\/\/www.jugendarbeit-kerzers.ch\/index.php?rest_route=\/wp\/v2\/types\/page"}],"author":[{"embeddable":true,"href":"https:\/\/www.jugendarbeit-kerzers.ch\/index.php?rest_route=\/wp\/v2\/users\/1"}],"replies":[{"embeddable":true,"href":"https:\/\/www.jugendarbeit-kerzers.ch\/index.php?rest_route=%2Fwp%2Fv2%2Fcomments&post=212"}],"version-history":[{"count":49,"href":"https:\/\/www.jugendarbeit-kerzers.ch\/index.php?rest_route=\/wp\/v2\/pages\/212\/revisions"}],"predecessor-version":[{"id":5314,"href":"https:\/\/www.jugendarbeit-kerzers.ch\/index.php?rest_route=\/wp\/v2\/pages\/212\/revisions\/5314"}],"wp:attachment":[{"href":"https:\/\/www.jugendarbeit-kerzers.ch\/index.php?rest_route=%2Fwp%2Fv2%2Fmedia&parent=212"}],"curies":[{"name":"wp","href":"https:\/\/api.w.org\/{rel}","templated":true}]}}