{"id":25,"date":"2014-10-03T11:24:50","date_gmt":"2014-10-03T09:24:50","guid":{"rendered":"https:\/\/www.jugendarbeit-kerzers.ch\/?page_id=25"},"modified":"2024-12-20T19:34:50","modified_gmt":"2024-12-20T18:34:50","slug":"entwicklung-geschichte","status":"publish","type":"page","link":"https:\/\/www.jugendarbeit-kerzers.ch\/?page_id=25","title":{"rendered":"Entwicklung &#038; Geschichte"},"content":{"rendered":"<h4>Im Jahre 1996 entschied der Gemeinderat Kerzers, eine Jugendkommission einzusetzen und diese mit der Erarbeitung eines Konzepts und der Ausarbeitung eines Pflichtenhefts f\u00fcr die zu schaffende Jugendarbeitsstelle zu beauftragen.<\/h4>\n<h4>Die Stelle zu 40 % wurde\u00a0 nur kurzzeitig besetzt. Bald wurde aber das Arbeitsverh\u00e4ltnis aufgel\u00f6st.<\/h4>\n<h4>Nachdem im M\u00e4rz 2001 der neue Jugendraum beim OS-Schulhaus er\u00f6ffnet wurde, schrieb man die 40% Stelle nochmals aus. Leider konnte damals keine geeignete Person gefunden werden. Daher entschloss sich die Jugendkommission, den Jugendraum am Freitagabend selbst, gemeinsam mit einigen Sch\u00fclern, zu betreuen. Der Arbeitsplatz f\u00fcr die zuk\u00fcnftige Fachperson Jugendarbeit wurde an die OS verlegt.<\/h4>\n<h4>Die 60% Stelle wurde neu als Jugend- und Schulsozialarbeit ausgeschrieben. Diese Stelle wurde besetzt durch Rahel Marti. Im Verlaufe der Arbeit spezialisierte sie sich auf Schulsozialarbeit.<\/h4>\n<h4>Dank finanzieller Beteiligung der Partnergemeinden, konnte die Stelle f\u00fcr ausserschulische Jugendarbeit (60%) ab Mitte Mai 2007 neu mit Cosima Oesch besetzt werden. Zu Beginn ging es darum, die offene Jugendarbeit im Raum Kerzers aufzubauen. Mittlerweile ist dies gut gelungen. Das Konzept wurde 2018 komplett \u00fcberarbeitet. Die offene Kinder- und Jugendarbeit Regio Kerzers ist zu einer Fachstelle geworden, welche lokal, regional, national und sogar international vernetzt ist.<\/h4>\n<h4>Die offene Jugendarbeit hat zum Teil umfangreiche und pionierhafte Projekte angeregt, durchgef\u00fchrt und begleitet; z.B. ein mobiles Projekt mit Spielbus in allen Partnergemeinden (2008 und 2011), den Einsatz von Zivis zur Konfliktpr\u00e4vention im \u00f6ffentlichen Raum (2009), der Aufbau des Skatepark Kerzers (2009), ein offenes Spielangebot f\u00fcr Kinder (2012) und eine Wochenplatz- und Ferienjobb\u00f6rse (2014). Ein weiterer Meilenstein ist die Erweiterung der Zielgruppe auf Kinder. Dies markiert den Beginn des heute sehr etablierten Angebots der Kinderwerkstatt f\u00fcr 6-12 J\u00e4hrige (seit 2017). Weitere Meilensteine sind der Fokus auf eine breit angelegte Bed\u00fcrfnisabkl\u00e4rung und F\u00f6rderung der politischen Jugendpartizipation mit dem engage-Projekt (2019). Aus dem engage-Projekt ergaben sich erfolgreiche Folgeprojekte, wie z.B. die Erweiterung des Skateparks Kerzers (2020), wo die Jugendlichen in Kooperation mit Jugendarbeit und Gemeindebeh\u00f6rde einen sch\u00f6nen Erfolg feiern durfte.<\/h4>\n<h4>Seit den Anf\u00e4ngen der Jugendarbeit kamen weitere Partnergemeinden zum interkantonalen Verbund (FR und BE) der heutigen Kinder- und Jugendarbeit Regio Kerzers.<\/h4>\n<h4>Ab 2010 konnten die Stellenprozente von 60% auf 100 % &#8211; ab 2017 auf 120 % &#8211; ab 2019 auf 140% und ab 2024 auf 200% erh\u00f6ht werden.<\/h4>\n<h4>Ab 2012 bot die Jugendarbeit Regio Kerzers jeweils eine j\u00e4hrliche Praktikumsstelle an.<\/h4>\n<h4>Seit 2020 wurde diese in einen Ausbildungsplatz 50% f\u00fcr Gemeindeanimation HF umgewandelt.<\/h4>\n<h4>Cosima Oesch arbeitet seit 2007, Michel Meerstetter seit 2014 und Eva Anderegg seit 2024 in der offenen Kinder- und Jugendarbeit Regio Kerzers.<\/h4>\n\n\n<p><\/p>\n","protected":false},"excerpt":{"rendered":"<p>Im Jahre 1996 entschied der Gemeinderat Kerzers, eine Jugendkommission einzusetzen und diese mit der Erarbeitung eines Konzepts und der Ausarbeitung eines Pflichtenhefts f\u00fcr die zu schaffende Jugendarbeitsstelle zu beauftragen. Die<\/p>\n<p><a href=\"https:\/\/www.jugendarbeit-kerzers.ch\/?page_id=25\" class=\"more-link themebutton\">Read More<\/a><\/p>\n","protected":false},"author":1,"featured_media":0,"parent":2,"menu_order":1,"comment_status":"closed","ping_status":"closed","template":"","meta":{"footnotes":""},"class_list":["post-25","page","type-page","status-publish","hentry"],"_links":{"self":[{"href":"https:\/\/www.jugendarbeit-kerzers.ch\/index.php?rest_route=\/wp\/v2\/pages\/25","targetHints":{"allow":["GET"]}}],"collection":[{"href":"https:\/\/www.jugendarbeit-kerzers.ch\/index.php?rest_route=\/wp\/v2\/pages"}],"about":[{"href":"https:\/\/www.jugendarbeit-kerzers.ch\/index.php?rest_route=\/wp\/v2\/types\/page"}],"author":[{"embeddable":true,"href":"https:\/\/www.jugendarbeit-kerzers.ch\/index.php?rest_route=\/wp\/v2\/users\/1"}],"replies":[{"embeddable":true,"href":"https:\/\/www.jugendarbeit-kerzers.ch\/index.php?rest_route=%2Fwp%2Fv2%2Fcomments&post=25"}],"version-history":[{"count":11,"href":"https:\/\/www.jugendarbeit-kerzers.ch\/index.php?rest_route=\/wp\/v2\/pages\/25\/revisions"}],"predecessor-version":[{"id":4614,"href":"https:\/\/www.jugendarbeit-kerzers.ch\/index.php?rest_route=\/wp\/v2\/pages\/25\/revisions\/4614"}],"up":[{"embeddable":true,"href":"https:\/\/www.jugendarbeit-kerzers.ch\/index.php?rest_route=\/wp\/v2\/pages\/2"}],"wp:attachment":[{"href":"https:\/\/www.jugendarbeit-kerzers.ch\/index.php?rest_route=%2Fwp%2Fv2%2Fmedia&parent=25"}],"curies":[{"name":"wp","href":"https:\/\/api.w.org\/{rel}","templated":true}]}}