{"id":298,"date":"2015-01-14T13:45:02","date_gmt":"2015-01-14T11:45:02","guid":{"rendered":"https:\/\/www.jugendarbeit-kerzers.ch\/?page_id=298"},"modified":"2022-12-22T16:56:44","modified_gmt":"2022-12-22T14:56:44","slug":"zielgruppe-2","status":"publish","type":"page","link":"https:\/\/www.jugendarbeit-kerzers.ch\/?page_id=298","title":{"rendered":"Zielgruppe"},"content":{"rendered":"<h4>Zielgruppe der offenen Kinder- und Jugendarbeit Regio Kerzers sind Kinder und Jugendliche von 6 \u2013 25 Jahren je nach Angebot aus Kerzers und Partnergemeinden.<\/h4>\n<h4>Die offene Jugendarbeit konzentriert sich auf den ausserschulischen Bereich (Freizeit). Das Angebot der offenen Jugendarbeit ist niederschwellig. Es steht Kindern und Jugendlichen w\u00e4hrend der Primarschulzeit, w\u00e4hrend der OS-Zeit und auch im Anschluss an die Absolvierung der obligatorischen Schuljahre zur Verf\u00fcgung.<\/h4>\n","protected":false},"excerpt":{"rendered":"<p>Zielgruppe der offenen Kinder- und Jugendarbeit Regio Kerzers sind Kinder und Jugendliche von 6 \u2013 25 Jahren je nach Angebot aus Kerzers und Partnergemeinden. Die offene Jugendarbeit konzentriert sich auf<\/p>\n<p><a href=\"https:\/\/www.jugendarbeit-kerzers.ch\/?page_id=298\" class=\"more-link themebutton\">Read More<\/a><\/p>\n","protected":false},"author":1,"featured_media":0,"parent":0,"menu_order":0,"comment_status":"closed","ping_status":"closed","template":"","meta":{"footnotes":""},"class_list":["post-298","page","type-page","status-publish","hentry"],"_links":{"self":[{"href":"https:\/\/www.jugendarbeit-kerzers.ch\/index.php?rest_route=\/wp\/v2\/pages\/298","targetHints":{"allow":["GET"]}}],"collection":[{"href":"https:\/\/www.jugendarbeit-kerzers.ch\/index.php?rest_route=\/wp\/v2\/pages"}],"about":[{"href":"https:\/\/www.jugendarbeit-kerzers.ch\/index.php?rest_route=\/wp\/v2\/types\/page"}],"author":[{"embeddable":true,"href":"https:\/\/www.jugendarbeit-kerzers.ch\/index.php?rest_route=\/wp\/v2\/users\/1"}],"replies":[{"embeddable":true,"href":"https:\/\/www.jugendarbeit-kerzers.ch\/index.php?rest_route=%2Fwp%2Fv2%2Fcomments&post=298"}],"version-history":[{"count":4,"href":"https:\/\/www.jugendarbeit-kerzers.ch\/index.php?rest_route=\/wp\/v2\/pages\/298\/revisions"}],"predecessor-version":[{"id":3703,"href":"https:\/\/www.jugendarbeit-kerzers.ch\/index.php?rest_route=\/wp\/v2\/pages\/298\/revisions\/3703"}],"wp:attachment":[{"href":"https:\/\/www.jugendarbeit-kerzers.ch\/index.php?rest_route=%2Fwp%2Fv2%2Fmedia&parent=298"}],"curies":[{"name":"wp","href":"https:\/\/api.w.org\/{rel}","templated":true}]}}