{"id":3270,"date":"2021-11-23T01:20:51","date_gmt":"2021-11-22T23:20:51","guid":{"rendered":"https:\/\/www.jugendarbeit-kerzers.ch\/?page_id=3270"},"modified":"2025-03-16T17:20:11","modified_gmt":"2025-03-16T16:20:11","slug":"kinder-und-jugendhaus","status":"publish","type":"page","link":"https:\/\/www.jugendarbeit-kerzers.ch\/?page_id=3270","title":{"rendered":"Kinder- und Jugendhaus Dank"},"content":{"rendered":"\n<p class=\"has-vivid-red-color has-text-color\" style=\"font-size:28px\"><strong>Vielen Dank f\u00fcr euer langj\u00e4hriges Vertrauen und die Zustimmung zum Projekt \u201eKinder- und Jugendhaus Kerzers\u201c<\/strong><\/p>\n\n\n\n<p class=\"has-vivid-red-color has-text-color\" style=\"font-size:28px\"><strong>Cosima, Michel, Reto<\/strong><\/p>\n\n\n\n<p class=\"has-medium-font-size\"><strong>Projekt Sanierung Kinder- und Jugendhaus Kerzers<\/strong><\/p>\n\n\n\n<p style=\"font-size:18px\"><strong>Gemeindeversammlung vom 30. November 2021,19\u201930 Uhr, Seelandhalle Kerzers, Traktandum 6.<\/strong><\/p>\n\n\n\n<figure class=\"wp-block-image\"><img loading=\"lazy\" decoding=\"async\" width=\"1000\" height=\"699\" src=\"https:\/\/www.jugendarbeit-kerzers.ch\/wp-content\/uploads\/2021\/11\/mit-bild1.jpg\" alt=\"\" class=\"wp-image-3271\" srcset=\"https:\/\/www.jugendarbeit-kerzers.ch\/wp-content\/uploads\/2021\/11\/mit-bild1.jpg 1000w, https:\/\/www.jugendarbeit-kerzers.ch\/wp-content\/uploads\/2021\/11\/mit-bild1-300x210.jpg 300w, https:\/\/www.jugendarbeit-kerzers.ch\/wp-content\/uploads\/2021\/11\/mit-bild1-768x537.jpg 768w\" sizes=\"auto, (max-width: 1000px) 100vw, 1000px\" \/><\/figure>\n\n\n\n<p style=\"font-size:17px\"><strong>1. Einleitung<\/strong><\/p>\n\n\n\n<p style=\"font-size:17px\">1.1 R\u00fcckblickIn der Legislatur 2016 \u2013 2021 hat der Gemeinderat der Gemeindeversammlung im Jahr 2018 eine sanfte Sanierung (Fassadensanierung, Ersatz Fenster und Fensterl\u00e4den) vorgeschlagen. Das Projekt wurde von der Gemeindeversammlung zur\u00fcckgewiesen mit dem Auftrag an den Rat, eine Gesamtsanierung der Liegenschaft auszuarbeiten.<\/p>\n\n\n\n<p style=\"font-size:17px\">Seit dem Erwerb der Liegenschaft durch die Gemeinde wurde die \u00abalte Drogerie\u00bb kaum unterhalten.Es wurden nur die dringend notwendigen Arbeiten ausgef\u00fchrt. Auch wurde im Rahmen dieser Projektierung einer Gesamtsanierung nochmals die zuk\u00fcnftige Nutzung des Geb\u00e4udes aufgegriffen und gekl\u00e4rt. Das sanierte Geb\u00e4ude soll nach einem Entscheid des Gemeinderates weiterhin der Kinder- und Jugendarbeit zur Verf\u00fcgung stehen.<\/p>\n\n\n\n<p style=\"font-size:17px\">Die eingesetzte Baukommission hat mit dem Architekten das Vorprojekt verfeinert und den Bed\u00fcrfnissen der zuk\u00fcnftigen Nutzung angepasst.<\/p>\n\n\n\n<p style=\"font-size:17px\">Der Gemeinderat hat das von der Baukommission \u00fcberarbeitete Bauprojekt genehmigt und beschlossen dieses der Gemeindeversammlung zur Genehmigung vorzulegen.<\/p>\n\n\n\n<p style=\"font-size:17px\">Die Bauarbeiten sollen nach der Genehmigung des Investitionskredits durch die Gemeindeversammlung und der Erteilung der Baubewilligung ab Sommer 2022 starten und im Sommer 2023 abgeschlossen werden.<\/p>\n\n\n\n<p style=\"font-size:17px\">1.2 Aktueller Zustand Geb\u00e4ude<\/p>\n\n\n\n<p style=\"font-size:17px\">Wie bereits vorstehend erw\u00e4hnt: Das Geb\u00e4ude befindet in einem sehr schlechten Zustand. In den letzten Jahren wurden keine Investitionen mehr get\u00e4tigt. Dazu ist das Geb\u00e4ude aktuell nicht behindertengerecht.<\/p>\n\n\n\n<p style=\"font-size:17px\">Die B\u00fcro-Arbeitspl\u00e4tze der Kinder- und Jungendarbeit befinden sich im selben Raum, in welchem die Angebote durchgef\u00fchrt werden. Das Geb\u00e4ude ist aktuell f\u00fcr behinderte Kinder oder Erwachsene nicht ausgelegt.<\/p>\n\n\n\n<p style=\"font-size:17px\"><strong>2. Ziele<\/strong><\/p>\n\n\n\n<p style=\"font-size:17px\">2.1 Situation Kinder und Jugendarbeit<\/p>\n\n\n\n<p style=\"font-size:17px\">Die Jugendarbeit ist in den letzten Jahren stark gewachsen, vorallem im Bereich der Angebote der Kinderwerkstatt.<\/p>\n\n\n\n<figure class=\"wp-block-image\"><img loading=\"lazy\" decoding=\"async\" width=\"1000\" height=\"437\" src=\"https:\/\/www.jugendarbeit-kerzers.ch\/wp-content\/uploads\/2021\/11\/statistik.jpg\" alt=\"\" class=\"wp-image-3300\" srcset=\"https:\/\/www.jugendarbeit-kerzers.ch\/wp-content\/uploads\/2021\/11\/statistik.jpg 1000w, https:\/\/www.jugendarbeit-kerzers.ch\/wp-content\/uploads\/2021\/11\/statistik-300x131.jpg 300w, https:\/\/www.jugendarbeit-kerzers.ch\/wp-content\/uploads\/2021\/11\/statistik-768x336.jpg 768w\" sizes=\"auto, (max-width: 1000px) 100vw, 1000px\" \/><\/figure>\n\n\n\n<p style=\"font-size:17px\">Auch wurden gem\u00e4ss den kantonalen Vorgaben viele neue Angebote f\u00fcr Kinder und Jugendliche geschaffen, welche mehr Platz beanspruchen.<\/p>\n\n\n\n<p style=\"font-size:17px\">2.2 Zuk\u00fcnftige Nutzung<\/p>\n\n\n\n<p style=\"font-size:17px\">Das sanierte Geb\u00e4ude soll weiterhin der Kinder und Jugendarbeit zur Verf\u00fcgung stehen.In den bestehenden, gew\u00f6lbten Kellerr\u00e4umen (ehemals K\u00e4sekeller) kann ein Mehrzweckraum f\u00fcr bis zu 50 Personen realisiert werden. In einem weiteren Raum wird die Haustechnik untergebracht.<\/p>\n\n\n\n<p style=\"font-size:17px\">Das Raumprogramm des Erdgeschosses umfasst k\u00fcnftig einen Begegnungsraum, eine K\u00fcche, einen Werkraum, die Garderobe und alle notwendigen Sanit\u00e4ranlagen. Die R\u00e4umlichkeiten k\u00f6nnen k\u00fcnftig auch von Vereinen \/ Privaten aller Generationen genutzt werden.<\/p>\n\n\n\n<p style=\"font-size:17px\">Im Anbau, welcher via Garten \/ Erdgeschoss (Treppe) zug\u00e4nglich ist, sind ein Lagerraum f\u00fcr die Aussenspiele sowie zwei Sanit\u00e4ranlagen vorgesehen. Die R\u00e4ume im Erdgeschoss sollen in Zukunft ebenfalls f\u00fcr private Anl\u00e4sse ausserhalb der geplanten Nutzung der Jugendarbeit zu Verf\u00fcgung stehen.<\/p>\n\n\n\n<p style=\"font-size:17px\">Die Wohnung im Obergeschoss ist f\u00fcr die Mitarbeitenden der Kinder- und Jugendarbeit vorgesehen (Arbeitsplatz f\u00fcr die Leitung, Arbeitspl\u00e4tze f\u00fcr Mitarbeitende, Pausenraum). Dazu ein weiteres B\u00fcro oder Sitzungszimmer, welches von den anderen Gemeindediensten genutzt oder an Dritte vermietet werden kann. Die R\u00e4umlichkeiten werden so aus-\/umgebaut, dass sie jederzeit wieder als Wohnung umfunktioniert und vermietet werden k\u00f6nnten.<\/p>\n\n\n\n<figure class=\"wp-block-gallery has-nested-images columns-default is-cropped wp-block-gallery-1 is-layout-flex wp-block-gallery-is-layout-flex\">\n<figure class=\"wp-block-image\"><img loading=\"lazy\" decoding=\"async\" width=\"1000\" height=\"612\" data-id=\"3275\" src=\"https:\/\/www.jugendarbeit-kerzers.ch\/wp-content\/uploads\/2021\/11\/plane.jpg\" alt=\"\" class=\"wp-image-3275\" srcset=\"https:\/\/www.jugendarbeit-kerzers.ch\/wp-content\/uploads\/2021\/11\/plane.jpg 1000w, https:\/\/www.jugendarbeit-kerzers.ch\/wp-content\/uploads\/2021\/11\/plane-300x184.jpg 300w, https:\/\/www.jugendarbeit-kerzers.ch\/wp-content\/uploads\/2021\/11\/plane-768x470.jpg 768w\" sizes=\"auto, (max-width: 1000px) 100vw, 1000px\" \/><\/figure>\n<\/figure>\n\n\n\n<figure class=\"wp-block-gallery has-nested-images columns-default is-cropped wp-block-gallery-2 is-layout-flex wp-block-gallery-is-layout-flex\">\n<figure class=\"wp-block-image\"><img loading=\"lazy\" decoding=\"async\" width=\"1000\" height=\"636\" data-id=\"3277\" src=\"https:\/\/www.jugendarbeit-kerzers.ch\/wp-content\/uploads\/2021\/11\/plane2-1.jpg\" alt=\"\" class=\"wp-image-3277\" srcset=\"https:\/\/www.jugendarbeit-kerzers.ch\/wp-content\/uploads\/2021\/11\/plane2-1.jpg 1000w, https:\/\/www.jugendarbeit-kerzers.ch\/wp-content\/uploads\/2021\/11\/plane2-1-300x191.jpg 300w, https:\/\/www.jugendarbeit-kerzers.ch\/wp-content\/uploads\/2021\/11\/plane2-1-768x488.jpg 768w\" sizes=\"auto, (max-width: 1000px) 100vw, 1000px\" \/><\/figure>\n<\/figure>\n\n\n\n<figure class=\"wp-block-gallery has-nested-images columns-default is-cropped wp-block-gallery-3 is-layout-flex wp-block-gallery-is-layout-flex\">\n<figure class=\"wp-block-image\"><img loading=\"lazy\" decoding=\"async\" width=\"1000\" height=\"737\" data-id=\"3278\" src=\"https:\/\/www.jugendarbeit-kerzers.ch\/wp-content\/uploads\/2021\/11\/plane3.jpg\" alt=\"\" class=\"wp-image-3278\" srcset=\"https:\/\/www.jugendarbeit-kerzers.ch\/wp-content\/uploads\/2021\/11\/plane3.jpg 1000w, https:\/\/www.jugendarbeit-kerzers.ch\/wp-content\/uploads\/2021\/11\/plane3-300x221.jpg 300w, https:\/\/www.jugendarbeit-kerzers.ch\/wp-content\/uploads\/2021\/11\/plane3-768x566.jpg 768w\" sizes=\"auto, (max-width: 1000px) 100vw, 1000px\" \/><\/figure>\n<\/figure>\n\n\n\n<figure class=\"wp-block-image\"><img loading=\"lazy\" decoding=\"async\" width=\"1000\" height=\"771\" src=\"https:\/\/www.jugendarbeit-kerzers.ch\/wp-content\/uploads\/2021\/11\/plane4.jpg\" alt=\"\" class=\"wp-image-3279\" srcset=\"https:\/\/www.jugendarbeit-kerzers.ch\/wp-content\/uploads\/2021\/11\/plane4.jpg 1000w, https:\/\/www.jugendarbeit-kerzers.ch\/wp-content\/uploads\/2021\/11\/plane4-300x231.jpg 300w, https:\/\/www.jugendarbeit-kerzers.ch\/wp-content\/uploads\/2021\/11\/plane4-768x592.jpg 768w\" sizes=\"auto, (max-width: 1000px) 100vw, 1000px\" \/><\/figure>\n\n\n\n<p style=\"font-size:17px\"><strong>4. Baukommission \u00abKinder und Jugendhaus\u00bb<\/strong><\/p>\n\n\n\n<p style=\"font-size:17px\">Das Sanierungsprojekt \u00abKinder und Jugendhaus\u00bb wird durch eine sechsk\u00f6pfige Baukommission&nbsp;betreut und begleitet. Die Baukommissionen wird von Gemeinderat Daniel Wattinger geleitet.<\/p>\n\n\n\n<p style=\"font-size:17px\">T\u00e4tigkeiten der Baukommission der letzten 6 Monate<\/p>\n\n\n\n<p style=\"font-size:17px\">&#8211; Der vom Gemeinderat bestimmte Architekt hat f\u00fcr das Objekt ein Bauprojekt inkl.Kostensch\u00e4tzung&nbsp;(+\/- 10%) ausgearbeitet<\/p>\n\n\n\n<p style=\"font-size:17px\">&#8211; Die Baukommission hat das Bauprojekt kritisch begutachtet, \u00fcberarbeitet und mit dem Architekten abgesprochen<\/p>\n\n\n\n<p style=\"font-size:17px\">&#8211; Der Gemeinderat hat das von der Baukommission \u00fcberarbeitete Bauprojekt genehmigt und beschlossen, dieses der Gemeindeversammlung zur Genehmigung vorzulegen<\/p>\n\n\n\n<p style=\"font-size:17px\"><strong>5. Finanzierung der Ausgaben<\/strong><\/p>\n\n\n\n<p style=\"font-size:17px\">Die j\u00e4hrlich wiederkehrenden Kosten f\u00fcr diese Investitionen sind folgende:<\/p>\n\n\n\n<p style=\"font-size:17px\">Kapitalkosten: 1.50 % von Fr. 1\u2018350\u2018000.00\t\t\tFr. 20\u2018250.00<\/p>\n\n\n\n<p style=\"font-size:17px\">(Betrag reduziert sich um die j\u00e4hrliche Abschreibung)<\/p>\n\n\n\n<p style=\"font-size:17px\">Amortisation: 3 % \t\t\t\t\t\t\tFr. 40\u2018500.00<\/p>\n\n\n\n<p style=\"font-size:17px\">Total Folgekosten \t\t\t\t\t\t\tFr. 60\u2018750.00<\/p>\n\n\n\n<p style=\"font-size:17px\">6. Antrag<\/p>\n\n\n\n<p style=\"font-size:17px\">Der Gemeinderat beantragt der Gemeindeversammlung<\/p>\n\n\n\n<p style=\"font-size:17px\">\ta. den Baukredit von Fr. 1\u2019350\u2018000.00 f\u00fcr die Sanierung der alten Drogerie, Vordere Gasse 5,&nbsp;zu genehmigen.<\/p>\n\n\n\n<p style=\"font-size:17px\"> b. die Kosten der Investitionsrechnung zu belasten und nach Normen abzuschreiben.<\/p>\n\n\n\n<p>+<\/p>\n\n\n\n<p style=\"font-size:17px\"><strong>Jahresberichte der Kinder- und Jugendarbeit Regio Kerzers:<\/strong><\/p>\n\n\n\n<div class=\"wp-block-file\"><a href=\"https:\/\/www.jugendarbeit-kerzers.ch\/wp-content\/uploads\/2021\/06\/jahresbericht-2020.pdf\">im web anschauen&gt; jahresbericht-2020 oder<\/a><a href=\"https:\/\/www.jugendarbeit-kerzers.ch\/wp-content\/uploads\/2021\/06\/jahresbericht-2020.pdf\" class=\"wp-block-file__button wp-element-button\" download>Herunterladen<\/a><\/div>\n\n\n\n<div class=\"wp-block-file\"><a href=\"https:\/\/www.jugendarbeit-kerzers.ch\/wp-content\/uploads\/2020\/08\/jahrestest-3.pdf\">im web anschauen&gt; jahresbericht-2019 oder<\/a><a href=\"https:\/\/www.jugendarbeit-kerzers.ch\/wp-content\/uploads\/2020\/08\/jahrestest-3.pdf\" class=\"wp-block-file__button wp-element-button\" download>Herunterladen<\/a><\/div>\n\n\n\n<div class=\"wp-block-file\"><a href=\"https:\/\/www.jugendarbeit-kerzers.ch\/wp-content\/uploads\/2021\/11\/Jahresbericht-18.pdf\">im web anschauen&gt; jahresbericht-2018 oder<\/a><a href=\"https:\/\/www.jugendarbeit-kerzers.ch\/wp-content\/uploads\/2021\/11\/Jahresbericht-18.pdf\" class=\"wp-block-file__button wp-element-button\" download>Herunterladen<\/a><\/div>\n\n\n\n<div class=\"wp-block-file\"><a href=\"https:\/\/www.jugendarbeit-kerzers.ch\/wp-content\/uploads\/2018\/04\/jahresbericht-2017-web.pdf\">im web anschauen&gt; jahresbericht-2017 oder<\/a><a href=\"https:\/\/www.jugendarbeit-kerzers.ch\/wp-content\/uploads\/2018\/04\/jahresbericht-2017-web.pdf\" class=\"wp-block-file__button wp-element-button\" download>Herunterladen<\/a><\/div>\n","protected":false},"excerpt":{"rendered":"<p>Vielen Dank f\u00fcr euer langj\u00e4hriges Vertrauen und die Zustimmung zum Projekt \u201eKinder- und Jugendhaus Kerzers\u201c Cosima, Michel, Reto Projekt Sanierung Kinder- und Jugendhaus Kerzers Gemeindeversammlung vom 30. November 2021,19\u201930 Uhr,<\/p>\n<p><a href=\"https:\/\/www.jugendarbeit-kerzers.ch\/?page_id=3270\" class=\"more-link themebutton\">Read More<\/a><\/p>\n","protected":false},"author":1,"featured_media":0,"parent":0,"menu_order":0,"comment_status":"closed","ping_status":"closed","template":"","meta":{"footnotes":""},"class_list":["post-3270","page","type-page","status-publish","hentry"],"_links":{"self":[{"href":"https:\/\/www.jugendarbeit-kerzers.ch\/index.php?rest_route=\/wp\/v2\/pages\/3270","targetHints":{"allow":["GET"]}}],"collection":[{"href":"https:\/\/www.jugendarbeit-kerzers.ch\/index.php?rest_route=\/wp\/v2\/pages"}],"about":[{"href":"https:\/\/www.jugendarbeit-kerzers.ch\/index.php?rest_route=\/wp\/v2\/types\/page"}],"author":[{"embeddable":true,"href":"https:\/\/www.jugendarbeit-kerzers.ch\/index.php?rest_route=\/wp\/v2\/users\/1"}],"replies":[{"embeddable":true,"href":"https:\/\/www.jugendarbeit-kerzers.ch\/index.php?rest_route=%2Fwp%2Fv2%2Fcomments&post=3270"}],"version-history":[{"count":24,"href":"https:\/\/www.jugendarbeit-kerzers.ch\/index.php?rest_route=\/wp\/v2\/pages\/3270\/revisions"}],"predecessor-version":[{"id":4757,"href":"https:\/\/www.jugendarbeit-kerzers.ch\/index.php?rest_route=\/wp\/v2\/pages\/3270\/revisions\/4757"}],"wp:attachment":[{"href":"https:\/\/www.jugendarbeit-kerzers.ch\/index.php?rest_route=%2Fwp%2Fv2%2Fmedia&parent=3270"}],"curies":[{"name":"wp","href":"https:\/\/api.w.org\/{rel}","templated":true}]}}