{"id":3851,"date":"2023-06-29T12:38:44","date_gmt":"2023-06-29T10:38:44","guid":{"rendered":"https:\/\/www.jugendarbeit-kerzers.ch\/?page_id=3851"},"modified":"2025-07-01T14:27:55","modified_gmt":"2025-07-01T12:27:55","slug":"kinderflohmarkt","status":"publish","type":"page","link":"https:\/\/www.jugendarbeit-kerzers.ch\/?page_id=3851","title":{"rendered":"Dorffestival Kerzers am Sa. 6. September 2025"},"content":{"rendered":"\n<p class=\"has-large-font-size\" style=\"font-style:normal;font-weight:700\"><strong>Im Kinder- und Jugendhaus:<\/strong><\/p>\n\n\n\n<p class=\"has-medium-font-size\" style=\"font-style:normal;font-weight:700\"><strong>Festival Bistro f\u00fcr Klein &amp; Gross: \u00a0Sirup-Bar, Caf\u00e9 &amp; Kuchen, Hot Dogs. Im Kinder- und Jugendhaus 10:00 bis 15.30 Uhr<\/strong><\/p>\n\n\n\n<p class=\"has-medium-font-size\" style=\"font-style:normal;font-weight:700\">VIELE BRETT- UND KARTENSPIELE<\/p>\n\n\n\n<p class=\"has-medium-font-size\" style=\"font-style:normal;font-weight:700\">KULTURFESTIVAL MIT MUSIK-, TANZ- UND GESANGSVORF\u00dcHRUNGEN 10:00 BIS 15:30 UHR<\/p>\n\n\n\n<p class=\"has-medium-font-size\" style=\"font-style:normal;font-weight:700\">SPIELPARCOURS F\u00dcR GROSS UND KLEIN 13:00 BIS 16:00 UHR<\/p>\n\n\n\n<p class=\"has-medium-font-size\" style=\"font-style:normal;font-weight:700\"><strong>Kinder-Schminken &amp; Frisuren: 10:00 bis 11.30 und 13:00 bis 15:30<\/strong> <strong>Uhr<\/strong><\/p>\n\n\n\n<p class=\"has-large-font-size\" style=\"font-style:normal;font-weight:700\"><strong>Im Pflegeheim Kerzers:<\/strong><\/p>\n\n\n\n<p class=\"has-medium-font-size\" style=\"font-style:normal;font-weight:700\"><strong>Am Kinderflohmi im Garten des Pflegeheimes k\u00f6nnen Kinder ohne Voranmeldung ihre Spielsachen und \u00e4hnliches verkaufen. Es gibt Verpflegung im Garten und frische Waffeln vom Gemeinn\u00fctzigen Frauenverein Kerzers.<\/strong> <strong>10:00 bis 15:00<\/strong> <strong>Uhr<\/strong><\/p>\n\n\n\n<figure class=\"wp-block-image size-full\"><a href=\"https:\/\/www.jugendarbeit-kerzers.ch\/wp-content\/uploads\/2025\/07\/flyer-festival-bistro-flohmarkt-2025-web.jpg\"><img loading=\"lazy\" decoding=\"async\" width=\"1000\" height=\"707\" src=\"https:\/\/www.jugendarbeit-kerzers.ch\/wp-content\/uploads\/2025\/07\/flyer-festival-bistro-flohmarkt-2025-web.jpg\" alt=\"\" class=\"wp-image-5006\" srcset=\"https:\/\/www.jugendarbeit-kerzers.ch\/wp-content\/uploads\/2025\/07\/flyer-festival-bistro-flohmarkt-2025-web.jpg 1000w, https:\/\/www.jugendarbeit-kerzers.ch\/wp-content\/uploads\/2025\/07\/flyer-festival-bistro-flohmarkt-2025-web-300x212.jpg 300w, https:\/\/www.jugendarbeit-kerzers.ch\/wp-content\/uploads\/2025\/07\/flyer-festival-bistro-flohmarkt-2025-web-768x543.jpg 768w\" sizes=\"auto, (max-width: 1000px) 100vw, 1000px\" \/><\/a><\/figure>\n","protected":false},"excerpt":{"rendered":"<p>Im Kinder- und Jugendhaus: Festival Bistro f\u00fcr Klein &amp; Gross: \u00a0Sirup-Bar, Caf\u00e9 &amp; Kuchen, Hot Dogs. Im Kinder- und Jugendhaus 10:00 bis 15.30 Uhr VIELE BRETT- UND KARTENSPIELE KULTURFESTIVAL MIT<\/p>\n<p><a href=\"https:\/\/www.jugendarbeit-kerzers.ch\/?page_id=3851\" class=\"more-link themebutton\">Read More<\/a><\/p>\n","protected":false},"author":1,"featured_media":0,"parent":0,"menu_order":0,"comment_status":"closed","ping_status":"closed","template":"","meta":{"footnotes":""},"class_list":["post-3851","page","type-page","status-publish","hentry"],"_links":{"self":[{"href":"https:\/\/www.jugendarbeit-kerzers.ch\/index.php?rest_route=\/wp\/v2\/pages\/3851","targetHints":{"allow":["GET"]}}],"collection":[{"href":"https:\/\/www.jugendarbeit-kerzers.ch\/index.php?rest_route=\/wp\/v2\/pages"}],"about":[{"href":"https:\/\/www.jugendarbeit-kerzers.ch\/index.php?rest_route=\/wp\/v2\/types\/page"}],"author":[{"embeddable":true,"href":"https:\/\/www.jugendarbeit-kerzers.ch\/index.php?rest_route=\/wp\/v2\/users\/1"}],"replies":[{"embeddable":true,"href":"https:\/\/www.jugendarbeit-kerzers.ch\/index.php?rest_route=%2Fwp%2Fv2%2Fcomments&post=3851"}],"version-history":[{"count":10,"href":"https:\/\/www.jugendarbeit-kerzers.ch\/index.php?rest_route=\/wp\/v2\/pages\/3851\/revisions"}],"predecessor-version":[{"id":5014,"href":"https:\/\/www.jugendarbeit-kerzers.ch\/index.php?rest_route=\/wp\/v2\/pages\/3851\/revisions\/5014"}],"wp:attachment":[{"href":"https:\/\/www.jugendarbeit-kerzers.ch\/index.php?rest_route=%2Fwp%2Fv2%2Fmedia&parent=3851"}],"curies":[{"name":"wp","href":"https:\/\/api.w.org\/{rel}","templated":true}]}}