{"id":4740,"date":"2025-03-16T17:09:37","date_gmt":"2025-03-16T16:09:37","guid":{"rendered":"https:\/\/www.jugendarbeit-kerzers.ch\/?page_id=4740"},"modified":"2025-03-16T19:25:29","modified_gmt":"2025-03-16T18:25:29","slug":"kinder-und-jugendhaus-2","status":"publish","type":"page","link":"https:\/\/www.jugendarbeit-kerzers.ch\/?page_id=4740","title":{"rendered":"Kinder- und Jugendhaus"},"content":{"rendered":"\n<figure class=\"wp-block-image size-full\"><a href=\"https:\/\/www.jugendarbeit-kerzers.ch\/wp-content\/uploads\/2025\/03\/jugendhaus-kerzers.jpg\"><img loading=\"lazy\" decoding=\"async\" width=\"1000\" height=\"750\" src=\"https:\/\/www.jugendarbeit-kerzers.ch\/wp-content\/uploads\/2025\/03\/jugendhaus-kerzers.jpg\" alt=\"\" class=\"wp-image-4747\" srcset=\"https:\/\/www.jugendarbeit-kerzers.ch\/wp-content\/uploads\/2025\/03\/jugendhaus-kerzers.jpg 1000w, https:\/\/www.jugendarbeit-kerzers.ch\/wp-content\/uploads\/2025\/03\/jugendhaus-kerzers-300x225.jpg 300w, https:\/\/www.jugendarbeit-kerzers.ch\/wp-content\/uploads\/2025\/03\/jugendhaus-kerzers-768x576.jpg 768w\" sizes=\"auto, (max-width: 1000px) 100vw, 1000px\" \/><\/a><\/figure>\n\n\n\n<h3 class=\"wp-block-heading has-medium-font-size\"><strong>Beschrieb<\/strong><\/h3>\n\n\n\n<p class=\"has-medium-font-size\">Das Kinder- und Jugendhaus bietet eine vielf\u00e4ltige Infrastruktur f\u00fcr Jugendliche und Kinder&nbsp;um verschiedene Aktivit\u00e4ten durchzuf\u00fchren und Veranstaltungen zu organisieren. Es ist ein Ort der Begegnung, des Lernens und des gemeinsamen Erlebens. Das Haus verf\u00fcgt \u00fcber mehrere R\u00e4ume, die f\u00fcr verschiedene Zwecke genutzt werden k\u00f6nnen, sowie \u00fcber einen Gew\u00f6lbekeller f\u00fcr gem\u00fctliche Treffen.<\/p>\n\n\n\n<p class=\"has-medium-font-size\">Das Kinder- und Jugendhaus bietet Platz f\u00fcr 20 Personen.&nbsp;<strong>Bei Veranstaltungen ab 20 Personen muss der Gew\u00f6lbekeller ebenfalls gemietet werden.<\/strong><\/p>\n\n\n\n<h3 class=\"wp-block-heading\"><strong>Standort<\/strong><\/h3>\n\n\n\n<p class=\"has-medium-font-size\">Vordere Gasse 5, 3210 Kerzers<\/p>\n<iframe src=\"https:\/\/www.google.com\/maps\/embed?pb=!1m14!1m8!1m3!1d6500.9718321387545!2d7.198626!3d46.974926!3m2!1i1024!2i768!4f13.1!3m3!1m2!1s0x478e140ec7252653%3A0xbac79f4d7b7378b7!2sOffene%20Kinder-%20und%20Jugendarbeit%20Regio%20Kerzers!5e1!3m2!1sde!2sch!4v1742149449918!5m2!1sde!2sch\" width=\"400\" height=\"300\" style=\"border:0;\" allowfullscreen=\"\" loading=\"lazy\" referrerpolicy=\"no-referrer-when-downgrade\"><\/iframe>\n\n\n\n<h3 class=\"wp-block-heading\"><strong>Infrastruktur<\/strong><\/h3>\n\n\n\n<p class=\"has-medium-font-size\">&#8211; R\u00e4umlichkeiten im EG<\/p>\n\n\n\n<p class=\"has-medium-font-size\">&#8211; K\u00fcche inkl. Inventar<\/p>\n\n\n\n<p class=\"has-medium-font-size\">&#8211; Gew\u00f6lbekeller (nur mit R\u00e4umlichkeiten EG)<\/p>\n\n\n\n<p class=\"has-medium-font-size\">&#8211; Toiletten<\/p>\n\n\n\n<p class=\"has-medium-font-size\">&#8211; Aussenbereich<\/p>\n\n\n\n<h3 class=\"wp-block-heading\"><strong>Auskunft und&nbsp;Vermietung<\/strong><\/h3>\n\n\n\n<p class=\"has-medium-font-size\">Finanzverwaltung Kerzers (+41 31 750 53 54 oder&nbsp;finanzen(at)kerzers.ch)<\/p>\n\n\n\n<h3 class=\"wp-block-heading\"><strong>Downloads<\/strong><\/h3>\n\n\n\n<p class=\"has-medium-font-size\"><a href=\"https:\/\/www.jugendarbeit-kerzers.ch\/wp-content\/uploads\/2025\/03\/2024-Benuetzungsgesuch-Kinder-und-Jugendhaus.pdf\" target=\"_blank\" rel=\"noreferrer noopener\">Ben\u00fctzungsgesuch&nbsp;Kinder- und Jugendhaus<\/a> Bitte bei der Finanzverwaltung Gemeinde Kerzers (+41 31 750 53 54 oder&nbsp;finanzen(at)kerzers.ch) einreichen.<\/p>\n\n\n\n<p class=\"has-medium-font-size\"><a href=\"https:\/\/www.jugendarbeit-kerzers.ch\/wp-content\/uploads\/2025\/03\/2024-01-01-Benuetzungs-und-Gebuehrenordnung-ab-1.-Januar-2024.pdf\" target=\"_blank\" rel=\"noreferrer noopener\">Ben\u00fctzung- und Geb\u00fchrenordnung<\/a><\/p>\n\n\n\n<figure class=\"wp-block-image size-large\"><a href=\"https:\/\/www.jugendarbeit-kerzers.ch\/wp-content\/uploads\/2025\/03\/image003-1.jpg\"><img loading=\"lazy\" decoding=\"async\" width=\"1024\" height=\"768\" src=\"https:\/\/www.jugendarbeit-kerzers.ch\/wp-content\/uploads\/2025\/03\/image003-1-1024x768.jpg\" alt=\"\" class=\"wp-image-4741\" srcset=\"https:\/\/www.jugendarbeit-kerzers.ch\/wp-content\/uploads\/2025\/03\/image003-1-1024x768.jpg 1024w, https:\/\/www.jugendarbeit-kerzers.ch\/wp-content\/uploads\/2025\/03\/image003-1-300x225.jpg 300w, https:\/\/www.jugendarbeit-kerzers.ch\/wp-content\/uploads\/2025\/03\/image003-1-768x576.jpg 768w, https:\/\/www.jugendarbeit-kerzers.ch\/wp-content\/uploads\/2025\/03\/image003-1-1536x1152.jpg 1536w, https:\/\/www.jugendarbeit-kerzers.ch\/wp-content\/uploads\/2025\/03\/image003-1.jpg 2016w\" sizes=\"auto, (max-width: 1024px) 100vw, 1024px\" \/><\/a><\/figure>\n\n\n\n<figure class=\"wp-block-image size-large\"><a href=\"https:\/\/www.jugendarbeit-kerzers.ch\/wp-content\/uploads\/2025\/03\/image006.jpg\"><img loading=\"lazy\" decoding=\"async\" width=\"1024\" height=\"768\" src=\"https:\/\/www.jugendarbeit-kerzers.ch\/wp-content\/uploads\/2025\/03\/image006-1024x768.jpg\" alt=\"\" class=\"wp-image-4742\" srcset=\"https:\/\/www.jugendarbeit-kerzers.ch\/wp-content\/uploads\/2025\/03\/image006-1024x768.jpg 1024w, https:\/\/www.jugendarbeit-kerzers.ch\/wp-content\/uploads\/2025\/03\/image006-300x225.jpg 300w, https:\/\/www.jugendarbeit-kerzers.ch\/wp-content\/uploads\/2025\/03\/image006-768x576.jpg 768w, https:\/\/www.jugendarbeit-kerzers.ch\/wp-content\/uploads\/2025\/03\/image006-1536x1152.jpg 1536w, https:\/\/www.jugendarbeit-kerzers.ch\/wp-content\/uploads\/2025\/03\/image006.jpg 2016w\" sizes=\"auto, (max-width: 1024px) 100vw, 1024px\" \/><\/a><\/figure>\n\n\n\n<figure class=\"wp-block-image size-large\"><a href=\"https:\/\/www.jugendarbeit-kerzers.ch\/wp-content\/uploads\/2025\/03\/image004-1.jpg\"><img loading=\"lazy\" decoding=\"async\" width=\"1024\" height=\"768\" src=\"https:\/\/www.jugendarbeit-kerzers.ch\/wp-content\/uploads\/2025\/03\/image004-1-1024x768.jpg\" alt=\"\" class=\"wp-image-4743\" srcset=\"https:\/\/www.jugendarbeit-kerzers.ch\/wp-content\/uploads\/2025\/03\/image004-1-1024x768.jpg 1024w, https:\/\/www.jugendarbeit-kerzers.ch\/wp-content\/uploads\/2025\/03\/image004-1-300x225.jpg 300w, https:\/\/www.jugendarbeit-kerzers.ch\/wp-content\/uploads\/2025\/03\/image004-1-768x576.jpg 768w, https:\/\/www.jugendarbeit-kerzers.ch\/wp-content\/uploads\/2025\/03\/image004-1-1536x1152.jpg 1536w, https:\/\/www.jugendarbeit-kerzers.ch\/wp-content\/uploads\/2025\/03\/image004-1.jpg 2016w\" sizes=\"auto, (max-width: 1024px) 100vw, 1024px\" \/><\/a><\/figure>\n\n\n\n<figure class=\"wp-block-image size-large\"><a href=\"https:\/\/www.jugendarbeit-kerzers.ch\/wp-content\/uploads\/2025\/03\/image005-1.jpg\"><img loading=\"lazy\" decoding=\"async\" width=\"1024\" height=\"768\" src=\"https:\/\/www.jugendarbeit-kerzers.ch\/wp-content\/uploads\/2025\/03\/image005-1-1024x768.jpg\" alt=\"\" class=\"wp-image-4744\" srcset=\"https:\/\/www.jugendarbeit-kerzers.ch\/wp-content\/uploads\/2025\/03\/image005-1-1024x768.jpg 1024w, https:\/\/www.jugendarbeit-kerzers.ch\/wp-content\/uploads\/2025\/03\/image005-1-300x225.jpg 300w, https:\/\/www.jugendarbeit-kerzers.ch\/wp-content\/uploads\/2025\/03\/image005-1-768x576.jpg 768w, https:\/\/www.jugendarbeit-kerzers.ch\/wp-content\/uploads\/2025\/03\/image005-1-1536x1152.jpg 1536w, https:\/\/www.jugendarbeit-kerzers.ch\/wp-content\/uploads\/2025\/03\/image005-1.jpg 2016w\" sizes=\"auto, (max-width: 1024px) 100vw, 1024px\" \/><\/a><\/figure>\n\n\n\n<figure class=\"wp-block-image size-large\"><a href=\"https:\/\/www.jugendarbeit-kerzers.ch\/wp-content\/uploads\/2025\/03\/image001-5.jpg\"><img loading=\"lazy\" decoding=\"async\" width=\"1024\" height=\"768\" src=\"https:\/\/www.jugendarbeit-kerzers.ch\/wp-content\/uploads\/2025\/03\/image001-5-1024x768.jpg\" alt=\"\" class=\"wp-image-4745\" srcset=\"https:\/\/www.jugendarbeit-kerzers.ch\/wp-content\/uploads\/2025\/03\/image001-5-1024x768.jpg 1024w, https:\/\/www.jugendarbeit-kerzers.ch\/wp-content\/uploads\/2025\/03\/image001-5-300x225.jpg 300w, https:\/\/www.jugendarbeit-kerzers.ch\/wp-content\/uploads\/2025\/03\/image001-5-768x576.jpg 768w, https:\/\/www.jugendarbeit-kerzers.ch\/wp-content\/uploads\/2025\/03\/image001-5-1536x1152.jpg 1536w, https:\/\/www.jugendarbeit-kerzers.ch\/wp-content\/uploads\/2025\/03\/image001-5.jpg 2016w\" sizes=\"auto, (max-width: 1024px) 100vw, 1024px\" \/><\/a><\/figure>\n","protected":false},"excerpt":{"rendered":"<p>Beschrieb Das Kinder- und Jugendhaus bietet eine vielf\u00e4ltige Infrastruktur f\u00fcr Jugendliche und Kinder&nbsp;um verschiedene Aktivit\u00e4ten durchzuf\u00fchren und Veranstaltungen zu organisieren. Es ist ein Ort der Begegnung, des Lernens und des<\/p>\n<p><a href=\"https:\/\/www.jugendarbeit-kerzers.ch\/?page_id=4740\" class=\"more-link themebutton\">Read More<\/a><\/p>\n","protected":false},"author":1,"featured_media":0,"parent":0,"menu_order":0,"comment_status":"closed","ping_status":"closed","template":"","meta":{"footnotes":""},"class_list":["post-4740","page","type-page","status-publish","hentry"],"_links":{"self":[{"href":"https:\/\/www.jugendarbeit-kerzers.ch\/index.php?rest_route=\/wp\/v2\/pages\/4740","targetHints":{"allow":["GET"]}}],"collection":[{"href":"https:\/\/www.jugendarbeit-kerzers.ch\/index.php?rest_route=\/wp\/v2\/pages"}],"about":[{"href":"https:\/\/www.jugendarbeit-kerzers.ch\/index.php?rest_route=\/wp\/v2\/types\/page"}],"author":[{"embeddable":true,"href":"https:\/\/www.jugendarbeit-kerzers.ch\/index.php?rest_route=\/wp\/v2\/users\/1"}],"replies":[{"embeddable":true,"href":"https:\/\/www.jugendarbeit-kerzers.ch\/index.php?rest_route=%2Fwp%2Fv2%2Fcomments&post=4740"}],"version-history":[{"count":9,"href":"https:\/\/www.jugendarbeit-kerzers.ch\/index.php?rest_route=\/wp\/v2\/pages\/4740\/revisions"}],"predecessor-version":[{"id":4783,"href":"https:\/\/www.jugendarbeit-kerzers.ch\/index.php?rest_route=\/wp\/v2\/pages\/4740\/revisions\/4783"}],"wp:attachment":[{"href":"https:\/\/www.jugendarbeit-kerzers.ch\/index.php?rest_route=%2Fwp%2Fv2%2Fmedia&parent=4740"}],"curies":[{"name":"wp","href":"https:\/\/api.w.org\/{rel}","templated":true}]}}