{"id":5182,"date":"2025-12-13T09:38:01","date_gmt":"2025-12-13T08:38:01","guid":{"rendered":"https:\/\/www.jugendarbeit-kerzers.ch\/?page_id=5182"},"modified":"2026-04-15T11:43:39","modified_gmt":"2026-04-15T09:43:39","slug":"jubilaeum-25-jahre-meet-point","status":"publish","type":"page","link":"https:\/\/www.jugendarbeit-kerzers.ch\/?page_id=5182","title":{"rendered":"Jubil\u00e4um &#8222;Meet Point&#8220; &#8211; 25 Jahre Jugendraum Kerzers"},"content":{"rendered":"\n<p style=\"font-size:18px;font-style:normal;font-weight:700\">Danke an alle f\u00fcr die Mithilfe an unserem Meet Point Jubil\u00e4um vom Freitag 6. M\u00e4rz 2026 !!!<\/p>\n\n\n\n<p class=\"has-vivid-purple-color has-text-color has-link-color wp-elements-0577e025f46370b030a868a318624a64\" style=\"font-size:20px;font-style:normal;font-weight:800\">H\u00f6rt hier die Geschichte des Jugentreffs Kerzers im Podcast auf Radio Freiburg mit Corinna Zurkinden:<\/p>\n\n\n\n<p class=\"has-vivid-cyan-blue-color has-text-color has-link-color has-medium-font-size wp-elements-928470c44f51bed16b4df8d300e719d7\" style=\"font-style:normal;font-weight:800\">Die Geschichte des Jugendtreffs Kerzers: Teil 1<\/p>\n\n\n\n<p class=\"has-vivid-cyan-blue-color has-text-color has-link-color wp-elements-45a00f2ff569c4e7a2a7fc1b3b864ea5\" style=\"font-size:18px;font-style:normal;font-weight:700\">In den 1990er-Jahren entstand im Keller des Gerbestocks ein erster inoffizieller Treff \u2013 erm\u00f6glicht durch die ehemaligen Gemeinder\u00e4te Esther Grossenbacher und Pierre-Alain Sydler.<\/p>\n\n\n\n<p class=\"has-luminous-vivid-amber-color has-vivid-cyan-blue-background-color has-text-color has-background has-link-color has-medium-font-size wp-elements-57d0eb57362a4dd8092e3f06a20e0c1f\" style=\"font-style:normal;font-weight:700\"><a href=\"https:\/\/www.radiofr.ch\/freiburg\/podcasts\/57836\" target=\"_blank\" rel=\"noreferrer noopener\">https:\/\/www.radiofr.ch\/freiburg\/podcasts\/57836<\/a> &#8211; Teil 1<\/p>\n\n\n\n<p class=\"has-vivid-cyan-blue-color has-text-color has-link-color has-medium-font-size wp-elements-c06b918ab8745b04888c352f76deb187\" style=\"font-style:normal;font-weight:800\">Die Geschichte des Jugendtreffs Kerzers: Teil 2<\/p>\n\n\n\n<p class=\"has-vivid-cyan-blue-color has-text-color has-link-color wp-elements-5c08bc0bd292b2049707fbc55c5c3d03\" style=\"font-size:18px;font-style:normal;font-weight:700\">W\u00e4hrend einiger Jahre diente das Kirchgemeindehaus als Provisorium. K\u00e4thi Johner, Mitglied der Arbeitsgruppe Jugend, beaufsichtigte den Treff und erz\u00e4hlt, dass der Rasen des Pfarrers f\u00fcr die Jugendlichen tabu war.<\/p>\n\n\n\n<p class=\"has-luminous-vivid-amber-color has-vivid-cyan-blue-background-color has-text-color has-background has-link-color has-medium-font-size wp-elements-bbccbc641032af5647de5090d87c8b45\" style=\"font-style:normal;font-weight:700\"><a href=\"https:\/\/www.radiofr.ch\/freiburg\/podcasts\/57842\" target=\"_blank\" rel=\"noreferrer noopener\">https:\/\/www.radiofr.ch\/freiburg\/podcasts\/57842<\/a> &#8211; Teil 2<\/p>\n\n\n\n<p class=\"has-vivid-cyan-blue-color has-text-color has-link-color has-medium-font-size wp-elements-92c8f4e28bd01f3fa10c12c22e2359c9\" style=\"font-style:normal;font-weight:800\">Die Geschichte des Jugendtreffs Kerzers: Teil 3<\/p>\n\n\n\n<p class=\"has-vivid-cyan-blue-color has-text-color has-link-color wp-elements-4aa072daa28f8ea75d7d532397e4ffcc\" style=\"font-size:18px;font-style:normal;font-weight:700\">Im M\u00e4rz 2001 wurde in der OS Tafers der Jugendtreff Meet Point er\u00f6ffnet. Eine professionelle Betreuung fehlte jedoch immer noch. Die damalige Gemeinder\u00e4tin Susanne Schwander \u00fcbernahm gemeinsam mit einem weiteren Mitglied der Jugendkommission die Aufsicht und erinnert sich an Herausforderungen \u2013 etwa als pl\u00f6tzlich zwanzig Jugendliche aus Biel im Treff auftauchten.<\/p>\n\n\n\n<p class=\"has-luminous-vivid-amber-color has-vivid-cyan-blue-background-color has-text-color has-background has-link-color has-medium-font-size wp-elements-ed84463361e12292f4fc3d6ff2e9d17e\" style=\"font-style:normal;font-weight:700\"><a href=\"https:\/\/www.radiofr.ch\/freiburg\/podcasts\/57844\" target=\"_blank\" rel=\"noreferrer noopener\">https:\/\/www.radiofr.ch\/freiburg\/podcasts\/57844<\/a> &#8211; Teil 3<\/p>\n\n\n\n<p class=\"has-vivid-cyan-blue-color has-text-color has-link-color has-medium-font-size wp-elements-243e170e0f13a412015272ba77ed9e91\" style=\"font-style:normal;font-weight:800\">Die Geschichte des Jugendtreffs Kerzers Teil 4<\/p>\n\n\n\n<p class=\"has-vivid-cyan-blue-color has-text-color has-link-color wp-elements-df37d967783bea9f17ac3ea382503e21\" style=\"font-size:18px;font-style:normal;font-weight:700\">Im Mai 2007 wurde Cosima Oesch als Jugendarbeiterin angestellt. Das Team ist inzwischen auf vier Personen angewachsen. Auch das Angebot wurde ausgebaut: eine Kinderwerkstatt ab 6 Jahren, das Spielkafi f\u00fcr 0 bis 99-J\u00e4hrige oder ein Jugendcaf\u00e9 sowie ein Kochtreff f\u00fcr die Seksch\u00fclerInnen.<\/p>\n\n\n\n<p class=\"has-luminous-vivid-amber-color has-vivid-cyan-blue-background-color has-text-color has-background has-link-color has-medium-font-size wp-elements-d1ee55ab4994e771e226e16e1485921d\" style=\"font-style:normal;font-weight:700\"><a href=\"https:\/\/www.radiofr.ch\/freiburg\/podcasts\/57846\">https:\/\/www.radiofr.ch\/freiburg\/podcasts\/57846<\/a> &#8211; Teil 4<\/p>\n\n\n\n<figure class=\"wp-block-image size-full\"><a href=\"https:\/\/www.jugendarbeit-kerzers.ch\/wp-content\/uploads\/2026\/04\/Meet-Point-Jubilaeum-Kerzersanzeiger-11-3-2026-web.jpg\"><img loading=\"lazy\" decoding=\"async\" width=\"945\" height=\"1000\" src=\"https:\/\/www.jugendarbeit-kerzers.ch\/wp-content\/uploads\/2026\/04\/Meet-Point-Jubilaeum-Kerzersanzeiger-11-3-2026-web.jpg\" alt=\"\" class=\"wp-image-5354\" srcset=\"https:\/\/www.jugendarbeit-kerzers.ch\/wp-content\/uploads\/2026\/04\/Meet-Point-Jubilaeum-Kerzersanzeiger-11-3-2026-web.jpg 945w, https:\/\/www.jugendarbeit-kerzers.ch\/wp-content\/uploads\/2026\/04\/Meet-Point-Jubilaeum-Kerzersanzeiger-11-3-2026-web-284x300.jpg 284w, https:\/\/www.jugendarbeit-kerzers.ch\/wp-content\/uploads\/2026\/04\/Meet-Point-Jubilaeum-Kerzersanzeiger-11-3-2026-web-768x813.jpg 768w\" sizes=\"auto, (max-width: 945px) 100vw, 945px\" \/><\/a><\/figure>\n\n\n\n\n\n<p class=\"has-black-color has-text-color has-link-color has-medium-font-size wp-elements-6df8a1090ae9ee261d35e0e92c144daa\" style=\"font-style:normal;font-weight:700\"><strong>Jubil\u00e4um <strong>&#8222;Meet Point&#8220;<\/strong> &#8211; 25 Jahre Jugendraum Kerzers <\/strong>&#8211; <strong>Am Freitag 6. M\u00e4rz 2026<\/strong> <strong>ab 18:00 bis 23:33 Uhr!<\/strong> <mark style=\"background-color:rgba(0, 0, 0, 0)\" class=\"has-inline-color has-vivid-green-cyan-color\"><strong>Geschichten von Zeitzeugen, Ausstellung, Ap\u00e9ro und Retro-Party!<\/strong><\/mark> <strong>Im Meet Point und der Aula der OS Kerzers (Parkplatz Sporthalle Schmitteng\u00e4ssli, Schulhausstrasse 7)<\/strong><\/p>\n\n\n\n<p class=\"has-black-color has-text-color has-link-color has-medium-font-size wp-elements-4a7a3e43738e1f2783da73d810f751e8\" style=\"font-style:normal;font-weight:800\"><strong>F\u00fcr dieses Jubil\u00e4um vom Freitag, 6.3.2026, w\u00fcnschen wir uns eine rege Teilnahme der Jugend von damals und heute! Warst du fr\u00fcher regelm\u00e4ssig zu Besuch im Meet Point? Oder warst du sogar Teil des Meet Point-Teams? Oder hast du sonst bei den Anf\u00e4ngen des Meet Points (auch in anderen Lokalit\u00e4ten) mitgewirkt? M\u00f6chtest du mit Erinnerungen, Anekdoten, Fotos oder Ideen aktiv zum Gelingen dieses Anlasses beitragen? M\u00f6chtest du uns mitteilen, wen wir unbedingt f\u00fcr dieses Jubil\u00e4um einladen sollten? <mark style=\"background-color:rgba(0, 0, 0, 0)\" class=\"has-inline-color has-vivid-green-cyan-color\">Melde dich oben auf dieser Seite an!<\/mark> Deine Mitarbeit ist willkommen und unser OK kann noch Verst\u00e4rkung gebrauchen.<\/strong><\/p>\n\n\n\n<p class=\"has-black-color has-text-color has-link-color has-medium-font-size wp-elements-9ea9de3557edab6b4469dff93e6affdc\"><\/p>\n","protected":false},"excerpt":{"rendered":"<p>Danke an alle f\u00fcr die Mithilfe an unserem Meet Point Jubil\u00e4um vom Freitag 6. M\u00e4rz 2026 !!! H\u00f6rt hier die Geschichte des Jugentreffs Kerzers im Podcast auf Radio Freiburg mit<\/p>\n<p><a href=\"https:\/\/www.jugendarbeit-kerzers.ch\/?page_id=5182\" class=\"more-link themebutton\">Read More<\/a><\/p>\n","protected":false},"author":1,"featured_media":0,"parent":0,"menu_order":0,"comment_status":"closed","ping_status":"closed","template":"","meta":{"footnotes":""},"class_list":["post-5182","page","type-page","status-publish","hentry"],"_links":{"self":[{"href":"https:\/\/www.jugendarbeit-kerzers.ch\/index.php?rest_route=\/wp\/v2\/pages\/5182","targetHints":{"allow":["GET"]}}],"collection":[{"href":"https:\/\/www.jugendarbeit-kerzers.ch\/index.php?rest_route=\/wp\/v2\/pages"}],"about":[{"href":"https:\/\/www.jugendarbeit-kerzers.ch\/index.php?rest_route=\/wp\/v2\/types\/page"}],"author":[{"embeddable":true,"href":"https:\/\/www.jugendarbeit-kerzers.ch\/index.php?rest_route=\/wp\/v2\/users\/1"}],"replies":[{"embeddable":true,"href":"https:\/\/www.jugendarbeit-kerzers.ch\/index.php?rest_route=%2Fwp%2Fv2%2Fcomments&post=5182"}],"version-history":[{"count":41,"href":"https:\/\/www.jugendarbeit-kerzers.ch\/index.php?rest_route=\/wp\/v2\/pages\/5182\/revisions"}],"predecessor-version":[{"id":5393,"href":"https:\/\/www.jugendarbeit-kerzers.ch\/index.php?rest_route=\/wp\/v2\/pages\/5182\/revisions\/5393"}],"wp:attachment":[{"href":"https:\/\/www.jugendarbeit-kerzers.ch\/index.php?rest_route=%2Fwp%2Fv2%2Fmedia&parent=5182"}],"curies":[{"name":"wp","href":"https:\/\/api.w.org\/{rel}","templated":true}]}}