{"id":532,"date":"2015-11-13T17:34:25","date_gmt":"2015-11-13T15:34:25","guid":{"rendered":"https:\/\/www.jugendarbeit-kerzers.ch\/?page_id=532"},"modified":"2026-01-30T09:47:37","modified_gmt":"2026-01-30T08:47:37","slug":"meetpoint-daten","status":"publish","type":"page","link":"https:\/\/www.jugendarbeit-kerzers.ch\/?page_id=532","title":{"rendered":"Meet Point Daten 2026:"},"content":{"rendered":"<div id=\"main-core\">\n<h3><strong><span style=\"color: #800080;\">Daten 2026:<\/span><\/strong><\/h3>\n<h3><span style=\"color: #800080;\"><strong><span style=\"color: #33cccc;\">Start am 9. Jan.<\/span>, 16. Jan., 23. Jan., 30. Jan. Disco on Ice, 13. Feb., 27. Feb., 6. M\u00e4rz Jubil\u00e4um 25 Jahre Meet Point!!!, 13. M\u00e4rz, 24. April, 8. Mai, 22. Mai, 19. Juni, 26. Juni<\/strong><\/span><\/h3>\n<p><a href=\"https:\/\/www.jugendarbeit-kerzers.ch\/wp-content\/uploads\/2026\/01\/insta-program-jan-26-web.jpg\"><img loading=\"lazy\" decoding=\"async\" class=\"alignnone wp-image-5235 size-full\" src=\"https:\/\/www.jugendarbeit-kerzers.ch\/wp-content\/uploads\/2026\/01\/insta-program-jan-26-web.jpg\" alt=\"\" width=\"1080\" height=\"1440\" srcset=\"https:\/\/www.jugendarbeit-kerzers.ch\/wp-content\/uploads\/2026\/01\/insta-program-jan-26-web.jpg 1080w, https:\/\/www.jugendarbeit-kerzers.ch\/wp-content\/uploads\/2026\/01\/insta-program-jan-26-web-225x300.jpg 225w, https:\/\/www.jugendarbeit-kerzers.ch\/wp-content\/uploads\/2026\/01\/insta-program-jan-26-web-768x1024.jpg 768w\" sizes=\"auto, (max-width: 1080px) 100vw, 1080px\" \/><\/a><\/p>\n<h3><strong style=\"color: revert; font-size: revert;\"><span style=\"color: #800080;\">Meet &#8211; Point =<\/span><\/strong><\/h3>\n<article class=\"post-537 page type-page status-publish hentry\">\n<h3><strong><span style=\"color: #800080;\">\u2022 Treffpunkt (Billiard, T\u00f6ggelen, Disco, Snacks) und Spezialanl\u00e4sse (Disco on Ice)<\/span><\/strong><br \/>\n<strong><span style=\"color: #800080;\">\u2022 f\u00fcr alle aus Kerzers, Ried, Fr\u00e4schels, Ferenbalm, Gurbr\u00fc + Wileroltigen. Im OS Alter = 13 &#8211; 16 J\u00e4hrig.<\/span><\/strong><br \/>\n<strong><span style=\"color: #800080;\">\u2022 Freitag Abend von 20:00h \u201323h<\/span><\/strong><br \/>\n<strong><span style=\"color: #800080;\">\u2022 Jugendraum Meetpoint Zivilschutzanlage Schmitteng\u00e4ssli (OS Kerzers)<\/span><\/strong><br \/>\n<strong><span style=\"color: #800080;\">\u2022 Ohne Anmeldung<\/span><\/strong><\/h3>\n<h3><strong><span style=\"color: #800080;\"><a style=\"color: #800080;\" href=\"https:\/\/www.google.ch\/maps\/place\/Jugendraum+Meetpoint\/@46.973111,7.196554,732m\/data=!3m2!1e3!4b1!4m2!3m1!1s0x478e140c07cdd425:0x6df0bd69894744fb\" target=\"_blank\" rel=\"noopener noreferrer\">Wo finde ich den Jugendraum?<\/a><\/span><\/strong><\/h3>\n<\/article>\n<\/div>\n<h3><strong><span style=\"color: #800080;\">Der Eingang des Jugendraums Meet Point befindet sich bei der OS Kerzers; genauer gesagt auf dem Parkplatz vor der Turnhalle Schmitteng\u00e4sseli. Hier die Treppe (Eingang Zivilschutzanlage) runter steigen, durch den Gang mit den Graffitis entlang zur Eingangs\u00fcre des Jugendraums Meet Point&#8230;<\/span><\/strong><\/h3>\n<p><iframe loading=\"lazy\" style=\"border: 0;\" src=\"https:\/\/www.google.com\/maps\/embed?pb=!1m18!1m12!1m3!1d680.6037455608356!2d7.196106589809307!3d46.97318322478448!2m3!1f0!2f0!3f0!3m2!1i1024!2i768!4f13.1!3m3!1m2!1s0x478e140c07cdd425%3A0x6df0bd69894744fb!2sMeet%20Point%20Jugendtreff!5e0!3m2!1sde!2sch!4v1742148373310!5m2!1sde!2sch\" width=\"400\" height=\"300\" allowfullscreen=\"allowfullscreen\"><\/iframe><\/p>\n<h3><strong><span style=\"color: #800080;\"><a style=\"color: #800080;\" href=\"https:\/\/www.google.ch\/maps\/place\/Jugendraum+Meetpoint\/@46.973111,7.196554,732m\/data=!3m2!1e3!4b1!4m2!3m1!1s0x478e140c07cdd425:0x6df0bd69894744fb\" target=\"_blank\" rel=\"noopener noreferrer\">hier zur Google Map<\/a><\/span><\/strong><\/h3>\n<h4><strong><span style=\"color: #800080;\">Jugendraum &#8222;Meet Point&#8220; Kerzers<\/span><\/strong><br \/>\n<strong><span style=\"color: #800080;\">Zivilschutzanlage Schmitteng\u00e4ssli<\/span><\/strong><br \/>\n<strong><span style=\"color: #800080;\">Schulhausstrasse 7<\/span><\/strong><br \/>\n<strong><span style=\"color: #800080;\">3210 Kerzers<\/span><\/strong><\/h4>\n<h3><span style=\"color: #800080;\"><strong>Freitag 12. September 2025 20:30 &#8211; 21:30<\/strong><\/span><\/h3>\n<h2><span style=\"color: #800080;\"><strong>DemokraTisch im Meet Point<\/strong><\/span><\/h2>\n<h3><span style=\"color: #800080;\"><strong>Triff den Gemeinderat am DemokraTisch im Jugendraum Meet Point. Stelle deine Fragen und diskutiere sie mit Vertreter*innen aus der Politik. Offen f\u00fcr Jugendliche aus der Region Kerzers von 13 bis 25 Jahren (ohne Anmeldung &#8211; komm vorbei). <\/strong><\/span><\/h3>\n<h3><span style=\"color: #800080;\"><strong>Zum &#8222;Tag der Demokratie&#8220; von der Kinder- &amp; Jugendarbeit Regio Kerzers<\/strong><\/span><\/h3>\n<h3><strong><span style=\"color: #800080;\">Weitere Aktionen unter: <a style=\"color: #800080;\" href=\"https:\/\/democracyday.ch\/aktionslandkarte\/?filter=.2025\">Aktionslandkarte \u2013 Tag der Demokratie<\/a><\/span><\/strong><\/h3>\n<p><a href=\"https:\/\/www.jugendarbeit-kerzers.ch\/wp-content\/uploads\/2025\/09\/DemokraTisch-Meetpoint.jpg\"><img loading=\"lazy\" decoding=\"async\" class=\"alignnone wp-image-5092 size-medium\" src=\"https:\/\/www.jugendarbeit-kerzers.ch\/wp-content\/uploads\/2025\/09\/DemokraTisch-Meetpoint-300x300.jpg\" alt=\"\" width=\"300\" height=\"300\" srcset=\"https:\/\/www.jugendarbeit-kerzers.ch\/wp-content\/uploads\/2025\/09\/DemokraTisch-Meetpoint-300x300.jpg 300w, https:\/\/www.jugendarbeit-kerzers.ch\/wp-content\/uploads\/2025\/09\/DemokraTisch-Meetpoint-150x150.jpg 150w, https:\/\/www.jugendarbeit-kerzers.ch\/wp-content\/uploads\/2025\/09\/DemokraTisch-Meetpoint-768x768.jpg 768w, https:\/\/www.jugendarbeit-kerzers.ch\/wp-content\/uploads\/2025\/09\/DemokraTisch-Meetpoint-570x570.jpg 570w, https:\/\/www.jugendarbeit-kerzers.ch\/wp-content\/uploads\/2025\/09\/DemokraTisch-Meetpoint-380x380.jpg 380w, https:\/\/www.jugendarbeit-kerzers.ch\/wp-content\/uploads\/2025\/09\/DemokraTisch-Meetpoint-285x285.jpg 285w, https:\/\/www.jugendarbeit-kerzers.ch\/wp-content\/uploads\/2025\/09\/DemokraTisch-Meetpoint.jpg 1000w\" sizes=\"auto, (max-width: 300px) 100vw, 300px\" \/><\/a><\/p>\n<p><span style=\"color: #800080;\">+<\/span><\/p>\n<h2>R\u00e4umlichkeiten mieten:<\/h2>\n<h3><span style=\"color: #ff0000;\"><strong>Mindestens 2 Wochen vor der Vermietung muss ein Ben\u00fctzungsgesuch (<\/strong><\/span><strong><a href=\"https:\/\/www.jugendarbeit-kerzers.ch\/wp-content\/uploads\/2022\/02\/Mietgesuch-Jugendraum-Meetpoint-2022.pdf\" target=\"_blank\" rel=\"attachment noopener wp-att-688 noreferrer\">miet-gesuch-jugendraum.pdf<\/a><\/strong><span style=\"color: #ff0000;\"><strong>) <\/strong><\/span><span style=\"color: #ff0000;\"><strong>ausgef\u00fcllt werden.<\/strong><\/span><\/h3>\n<h4><strong>Der Raum kann von Privatpersonen<\/strong><strong>, aus Kerzers und den Partnergemeinden, <\/strong><strong>gemietet werden. Er ist auf Grund seiner Gr\u00f6sse und jugendgerechten Infrastruktur ideal f\u00fcr die Durchf\u00fchrung von Kindergeburtstagen und von Jugendparties, vornehmlich f\u00fcr das Zielalter von ca. 8 -16 Jahren. Theoretisch kann der Jugendraum f\u00fcr Veranstaltungen bis Zielalter 25 Jahre gemietet werden, jedoch ist das generelle Alkoholkonsum- und Rauchverbot von allen anwesenden G\u00e4sten zu respektieren.<\/strong><\/h4>\n<h2><span style=\"color: #33cccc;\"><strong>Hier der Kalender mit den bereits vermieteten Daten:<\/strong><\/span><\/h2>\n<br><div data-tockify-calendar=\"meetpoint\" data-tockify-component=\"calendar\"><\/div><script type='text\/javascript'>if (window._tkf && window._tkf.loadDeclaredCalendars) {window._tkf.loadDeclaredCalendars();}<\/script>\n<h4>+<\/h4>\n<h4><strong>Hier der Link zum Download des Formulars, das du und deine Eltern \/ gesetzlichen Vertretern unterschreiben m\u00fcssen:<\/strong><\/h4>\n<h4><strong><a href=\"https:\/\/www.jugendarbeit-kerzers.ch\/wp-content\/uploads\/2022\/02\/Mietgesuch-Jugendraum-Meetpoint-2022.pdf\" target=\"_blank\" rel=\"attachment noopener wp-att-688 noreferrer\">miet-gesuch-jugendraum<\/a>\u00a0[393 KB]<\/strong><\/h4>\n<h4><strong>Formular einreichen bei: <\/strong><strong>jugendarbeit(\u00e4t)kerzers.ch<\/strong><\/h4>\n<h4><strong>Des Weitern musst du mit der Jugendarbeit pers\u00f6nlich Kontakt aufnehmen, um die Vermietung gemeinsam zu besprechen.<\/strong><\/h4>\n<h4><strong>Kontakt: jugendarbeit(\u00e4t)kerzers.ch und Telefon Di\/Do\/Fr: 079 <\/strong><strong>938 78 53<\/strong><\/h4>\n<p><a href=\"https:\/\/www.jugendarbeit-kerzers.ch\/?attachment_id=2740#main\" rel=\"attachment wp-att-2740\"><img loading=\"lazy\" decoding=\"async\" class=\"alignnone wp-image-2740 size-full\" src=\"https:\/\/www.jugendarbeit-kerzers.ch\/wp-content\/uploads\/2020\/10\/1_Bar-2-1.jpg\" alt=\"\" width=\"1000\" height=\"750\" srcset=\"https:\/\/www.jugendarbeit-kerzers.ch\/wp-content\/uploads\/2020\/10\/1_Bar-2-1.jpg 1000w, https:\/\/www.jugendarbeit-kerzers.ch\/wp-content\/uploads\/2020\/10\/1_Bar-2-1-300x225.jpg 300w, https:\/\/www.jugendarbeit-kerzers.ch\/wp-content\/uploads\/2020\/10\/1_Bar-2-1-768x576.jpg 768w\" sizes=\"auto, (max-width: 1000px) 100vw, 1000px\" \/><\/a><a href=\"https:\/\/www.jugendarbeit-kerzers.ch\/?attachment_id=2741#main\" rel=\"attachment wp-att-2741\"><img loading=\"lazy\" decoding=\"async\" class=\"alignnone wp-image-2741 size-full\" src=\"https:\/\/www.jugendarbeit-kerzers.ch\/wp-content\/uploads\/2020\/10\/3_Spielraum-1-1.jpg\" alt=\"\" width=\"1000\" height=\"750\" srcset=\"https:\/\/www.jugendarbeit-kerzers.ch\/wp-content\/uploads\/2020\/10\/3_Spielraum-1-1.jpg 1000w, https:\/\/www.jugendarbeit-kerzers.ch\/wp-content\/uploads\/2020\/10\/3_Spielraum-1-1-300x225.jpg 300w, https:\/\/www.jugendarbeit-kerzers.ch\/wp-content\/uploads\/2020\/10\/3_Spielraum-1-1-768x576.jpg 768w\" sizes=\"auto, (max-width: 1000px) 100vw, 1000px\" \/><\/a><a href=\"https:\/\/www.jugendarbeit-kerzers.ch\/?attachment_id=2742#main\" rel=\"attachment wp-att-2742\"><img loading=\"lazy\" decoding=\"async\" class=\"alignnone wp-image-2742 size-full\" src=\"https:\/\/www.jugendarbeit-kerzers.ch\/wp-content\/uploads\/2020\/10\/3_Spielraum-2.jpg\" alt=\"\" width=\"1000\" height=\"750\" srcset=\"https:\/\/www.jugendarbeit-kerzers.ch\/wp-content\/uploads\/2020\/10\/3_Spielraum-2.jpg 1000w, https:\/\/www.jugendarbeit-kerzers.ch\/wp-content\/uploads\/2020\/10\/3_Spielraum-2-300x225.jpg 300w, https:\/\/www.jugendarbeit-kerzers.ch\/wp-content\/uploads\/2020\/10\/3_Spielraum-2-768x576.jpg 768w\" sizes=\"auto, (max-width: 1000px) 100vw, 1000px\" \/><\/a><a href=\"https:\/\/www.jugendarbeit-kerzers.ch\/?attachment_id=2743#main\" rel=\"attachment wp-att-2743\"><img loading=\"lazy\" decoding=\"async\" class=\"alignnone wp-image-2743 size-full\" src=\"https:\/\/www.jugendarbeit-kerzers.ch\/wp-content\/uploads\/2020\/10\/4_Disco-Raum-3.jpg\" alt=\"\" width=\"1000\" height=\"750\" srcset=\"https:\/\/www.jugendarbeit-kerzers.ch\/wp-content\/uploads\/2020\/10\/4_Disco-Raum-3.jpg 1000w, https:\/\/www.jugendarbeit-kerzers.ch\/wp-content\/uploads\/2020\/10\/4_Disco-Raum-3-300x225.jpg 300w, https:\/\/www.jugendarbeit-kerzers.ch\/wp-content\/uploads\/2020\/10\/4_Disco-Raum-3-768x576.jpg 768w\" sizes=\"auto, (max-width: 1000px) 100vw, 1000px\" \/><\/a><a href=\"https:\/\/www.jugendarbeit-kerzers.ch\/?attachment_id=2744#main\" rel=\"attachment wp-att-2744\"><img loading=\"lazy\" decoding=\"async\" class=\"alignnone wp-image-2744 size-full\" src=\"https:\/\/www.jugendarbeit-kerzers.ch\/wp-content\/uploads\/2020\/10\/4_Disco-Raum-4.jpg\" alt=\"\" width=\"1000\" height=\"750\" srcset=\"https:\/\/www.jugendarbeit-kerzers.ch\/wp-content\/uploads\/2020\/10\/4_Disco-Raum-4.jpg 1000w, https:\/\/www.jugendarbeit-kerzers.ch\/wp-content\/uploads\/2020\/10\/4_Disco-Raum-4-300x225.jpg 300w, https:\/\/www.jugendarbeit-kerzers.ch\/wp-content\/uploads\/2020\/10\/4_Disco-Raum-4-768x576.jpg 768w\" sizes=\"auto, (max-width: 1000px) 100vw, 1000px\" \/><\/a><a href=\"https:\/\/www.jugendarbeit-kerzers.ch\/?attachment_id=2745#main\" rel=\"attachment wp-att-2745\"><img loading=\"lazy\" decoding=\"async\" class=\"alignnone wp-image-2745 size-full\" src=\"https:\/\/www.jugendarbeit-kerzers.ch\/wp-content\/uploads\/2020\/10\/4_Disco-Raum-5.jpg\" alt=\"\" width=\"1000\" height=\"750\" srcset=\"https:\/\/www.jugendarbeit-kerzers.ch\/wp-content\/uploads\/2020\/10\/4_Disco-Raum-5.jpg 1000w, https:\/\/www.jugendarbeit-kerzers.ch\/wp-content\/uploads\/2020\/10\/4_Disco-Raum-5-300x225.jpg 300w, https:\/\/www.jugendarbeit-kerzers.ch\/wp-content\/uploads\/2020\/10\/4_Disco-Raum-5-768x576.jpg 768w\" sizes=\"auto, (max-width: 1000px) 100vw, 1000px\" \/><\/a><\/p>\n","protected":false},"excerpt":{"rendered":"<p>Daten 2026: Start am 9. Jan., 16. Jan., 23. Jan., 30. Jan. Disco on Ice, 13. Feb., 27. Feb., 6. M\u00e4rz Jubil\u00e4um 25 Jahre Meet Point!!!, 13. M\u00e4rz, 24. April,<\/p>\n<p><a href=\"https:\/\/www.jugendarbeit-kerzers.ch\/?page_id=532\" class=\"more-link themebutton\">Read More<\/a><\/p>\n","protected":false},"author":1,"featured_media":0,"parent":0,"menu_order":0,"comment_status":"closed","ping_status":"closed","template":"","meta":{"footnotes":""},"class_list":["post-532","page","type-page","status-publish","hentry"],"_links":{"self":[{"href":"https:\/\/www.jugendarbeit-kerzers.ch\/index.php?rest_route=\/wp\/v2\/pages\/532","targetHints":{"allow":["GET"]}}],"collection":[{"href":"https:\/\/www.jugendarbeit-kerzers.ch\/index.php?rest_route=\/wp\/v2\/pages"}],"about":[{"href":"https:\/\/www.jugendarbeit-kerzers.ch\/index.php?rest_route=\/wp\/v2\/types\/page"}],"author":[{"embeddable":true,"href":"https:\/\/www.jugendarbeit-kerzers.ch\/index.php?rest_route=\/wp\/v2\/users\/1"}],"replies":[{"embeddable":true,"href":"https:\/\/www.jugendarbeit-kerzers.ch\/index.php?rest_route=%2Fwp%2Fv2%2Fcomments&post=532"}],"version-history":[{"count":146,"href":"https:\/\/www.jugendarbeit-kerzers.ch\/index.php?rest_route=\/wp\/v2\/pages\/532\/revisions"}],"predecessor-version":[{"id":5315,"href":"https:\/\/www.jugendarbeit-kerzers.ch\/index.php?rest_route=\/wp\/v2\/pages\/532\/revisions\/5315"}],"wp:attachment":[{"href":"https:\/\/www.jugendarbeit-kerzers.ch\/index.php?rest_route=%2Fwp%2Fv2%2Fmedia&parent=532"}],"curies":[{"name":"wp","href":"https:\/\/api.w.org\/{rel}","templated":true}]}}