{"id":69,"date":"2014-10-03T18:22:55","date_gmt":"2014-10-03T16:22:55","guid":{"rendered":"https:\/\/www.jugendarbeit-kerzers.ch\/?page_id=69"},"modified":"2024-11-19T22:12:22","modified_gmt":"2024-11-19T21:12:22","slug":"jugendraum-meetpoint","status":"publish","type":"page","link":"https:\/\/www.jugendarbeit-kerzers.ch\/?page_id=69","title":{"rendered":"Jugendraum Meet Point"},"content":{"rendered":"<h2>Warum einen Raum?<\/h2>\n<h4><a href=\"https:\/\/www.jugendarbeit-kerzers.ch\/?page_id=532\"><strong><span style=\"color: #33cccc;\">Aktuelle Meet Point Daten hier: Daten 2024<\/span><\/strong><\/a><\/h4>\n<h4 class=\"sidepicture\">Der Jugendraum &#8222;Meet Point&#8220; der Gemeinde Kerzers befindet sich in einem Teil der R\u00e4umlichkeiten der Zivilschutzanlage Schmitteng\u00e4ssli, Schulhausstrasse 7, 3210 Kerzers. <a href=\"https:\/\/www.google.ch\/maps\/place\/Jugendraum+Meetpoint\/@46.973111,7.196554,732m\/data=!3m2!1e3!4b1!4m2!3m1!1s0x478e140c07cdd425:0x6df0bd69894744fb\"><strong>Karte. <\/strong><\/a>Im Sommer \/ Herbst 2000 wurde dieser unter der Mithilfe von vielen engagierten Jugendlichen eingerichtet und im M\u00e4rz 2001 offiziell er\u00f6ffnet.<\/h4>\n<h4>Seither wurde der Jugendraum &#8222;Meet Point&#8220; mit Jugendlichen und Freiwilligen immerwieder nach den W\u00fcnschen der Jugendlichen umgestaltet. Vor allem der Discoraum wurde in den letzten Jahren attraktiver gestaltet. Vor allem die Beleuchtung und die Musikanlage werden stetig verbessert.<\/h4>\n<div class=\"clearer\"><\/div>\n<h2><a name=\"01b1aa92cc135735e\"><\/a>Was machen die Kids im Treff?<\/h2>\n<div class=\"sidepicture\"><\/div>\n<ul class=\"content\">\n<li style=\"list-style-type: none;\">\n<ul class=\"content\">\n<li class=\"content\">\n<h4>&#8222;Chillen&#8220; &#8211; also gem\u00fctlich beisammen sein<\/h4>\n<\/li>\n<\/ul>\n<\/li>\n<\/ul>\n<ul class=\"content\">\n<li style=\"list-style-type: none;\">\n<ul class=\"content\">\n<li class=\"content\">\n<h4>Erfahrungen austauschen<\/h4>\n<\/li>\n<\/ul>\n<\/li>\n<\/ul>\n<ul class=\"content\">\n<li style=\"list-style-type: none;\">\n<ul class=\"content\">\n<li class=\"content\">\n<h4>\u00dcber Schule, Lehrer und Famillie diskutieren<\/h4>\n<\/li>\n<\/ul>\n<\/li>\n<\/ul>\n<ul class=\"content\">\n<li style=\"list-style-type: none;\">\n<ul class=\"content\">\n<li class=\"content\">\n<h4>Musik h\u00f6ren<\/h4>\n<\/li>\n<\/ul>\n<\/li>\n<\/ul>\n<ul class=\"content\">\n<li style=\"list-style-type: none;\">\n<ul class=\"content\">\n<li class=\"content\">\n<h4>Tanzen<\/h4>\n<\/li>\n<\/ul>\n<\/li>\n<\/ul>\n<ul class=\"content\">\n<li style=\"list-style-type: none;\">\n<ul class=\"content\">\n<li class=\"content\">\n<h4>Spiele wie Billard &amp; T\u00f6ggel\u00e4 spielen mit Kollegen<\/h4>\n<\/li>\n<\/ul>\n<\/li>\n<\/ul>\n<ul class=\"content\">\n<li class=\"content\">\n<h4>Gelegentlich Spezialanl\u00e4sse: z.B. Halloween Party, Tanzkurs, Spielabend, Disco on Ice<\/h4>\n<\/li>\n<\/ul>\n<div class=\"clearer\"><\/div>\n<h2><a name=\"03355d995d1310112\"><\/a>\u00d6ffnungszeiten, Regeln und Aufsicht<\/h2>\n<div class=\"sidepicture\"><\/div>\n<h4 class=\"sidepicture\"><b>Betreuter Treff am Abend<\/b><\/h4>\n<h4>Freitag Abend von 20.00 Uhr \u2013 23.00 Uhr, f\u00fcr Sch\u00fclerinnen und Sch\u00fcler der 7. \u2013 10. Klasse der OS Kerzers.<\/h4>\n<h4>Ausnahmen werden in begr\u00fcndeten Einzelf\u00e4llen gemacht. Sie m\u00fcssen direkt bei den Erwachsenen, welche im Meet Aufsicht machen (also Jugendarbeitende oder JUKO-Mitglieder), beantragt werden.<\/h4>\n<h4><b>Regeln<\/b><br \/>\nIm Treff besteht unter anderem ein striktes Alkohol- und Rauchverbot.<b><\/b><\/h4>\n<h4>Aufgaben und Grenzen der Aufsichtsfunktion<br \/>\nJeweils 2 &#8211; 3 Erwachsene \u00fcbernehmen die Aufsichtsfunktion innerhalb des Jugendraums. Sie sind Ansprechperson f\u00fcr die Jugendlichen, koordinieren die Arbeit des Jugendteams und sorgen daf\u00fcr, dass die f\u00fcr den Aufenthalt im Jugendraum geltenden Regeln eingehalten werden.<\/h4>\n<h4><b>Liebe Eltern &#8211; bitte zur Kenntnis nehmen:<\/b><br \/>\nDiese Aufsichtsfunktion gilt bis oben an die Treppe &#8211; ausserhalb des Jugendraums (z.B. auf OS-Areal, Doktorw\u00e4ldli und Parkplatz vor der Turnhalle) gelten die Regeln des \u00f6ffentlichen Raums. Hier ist die Einflussnahme der Aufsichtspersonen des Jugendraums bedingt &#8211; sie haben weder den Auftrag, noch die Befugnis, ordnungspolitisch einzugreifen.<\/h4>\n<h4>Probleme wie z.B. Nachtruhest\u00f6rung, Littering oder Alkoholkonsum k\u00f6nnen von Jugendarbeitenden im \u00f6ffentlichen Raum nur im Rahmen der<i> Rolle <\/i>der Jugendarbeit, n\u00e4mlich \u00fcber das Gespr\u00e4ch mit den Jugendlichen thematisiert und allenfalls beeinflusst werden.<\/h4>\n<h4>Jugendarbeit ist in erster Linie Beziehungsarbeit. In Gespr\u00e4chen mit Jugendlichen im Kontext des Verhaltens im \u00f6ffentlichen Raum geht es zumeist um Themen wie Werthaltungen, Risikoverhalten, Gruppendruck und Verantwortung.<\/h4>\n<h4><b>Verst\u00e4rkte Alkoholpr\u00e4vention ab Sommer 2013<\/b><br \/>\nAb Schuljahr 2013\/2014 setzen sich die Jugendarbeitenden verst\u00e4rkt daf\u00fcr ein, den \u00f6ffentlichen Raum rund um das Schulhaus und Turnhalle frei zu halten von Alkoholkonsum am Freitag Abend, w\u00e4hrend der \u00d6ffnungszeiten des Meet Points. Sie wenden dabei die selben Regeln an, die ab November 2013 auch w\u00e4hrend der Midnight Sports Veranstaltungen (Samstag Abend) angewendet werden.<\/h4>\n<h4>Die Jugendarbeitenden setzen dabei auf Sensibilisierung der Jugendlichen.<\/h4>\n<p><a href=\"https:\/\/www.jugendarbeit-kerzers.ch\/?attachment_id=2740#main\" rel=\"attachment wp-att-2740\"><img loading=\"lazy\" decoding=\"async\" class=\"alignnone wp-image-2740 size-full\" src=\"https:\/\/www.jugendarbeit-kerzers.ch\/wp-content\/uploads\/2020\/10\/1_Bar-2-1.jpg\" alt=\"\" width=\"1000\" height=\"750\" srcset=\"https:\/\/www.jugendarbeit-kerzers.ch\/wp-content\/uploads\/2020\/10\/1_Bar-2-1.jpg 1000w, https:\/\/www.jugendarbeit-kerzers.ch\/wp-content\/uploads\/2020\/10\/1_Bar-2-1-300x225.jpg 300w, https:\/\/www.jugendarbeit-kerzers.ch\/wp-content\/uploads\/2020\/10\/1_Bar-2-1-768x576.jpg 768w\" sizes=\"auto, (max-width: 1000px) 100vw, 1000px\" \/><\/a><a href=\"https:\/\/www.jugendarbeit-kerzers.ch\/?attachment_id=2741#main\" rel=\"attachment wp-att-2741\"><img loading=\"lazy\" decoding=\"async\" class=\"alignnone wp-image-2741 size-full\" src=\"https:\/\/www.jugendarbeit-kerzers.ch\/wp-content\/uploads\/2020\/10\/3_Spielraum-1-1.jpg\" alt=\"\" width=\"1000\" height=\"750\" srcset=\"https:\/\/www.jugendarbeit-kerzers.ch\/wp-content\/uploads\/2020\/10\/3_Spielraum-1-1.jpg 1000w, https:\/\/www.jugendarbeit-kerzers.ch\/wp-content\/uploads\/2020\/10\/3_Spielraum-1-1-300x225.jpg 300w, https:\/\/www.jugendarbeit-kerzers.ch\/wp-content\/uploads\/2020\/10\/3_Spielraum-1-1-768x576.jpg 768w\" sizes=\"auto, (max-width: 1000px) 100vw, 1000px\" \/><\/a><a href=\"https:\/\/www.jugendarbeit-kerzers.ch\/?attachment_id=2742#main\" rel=\"attachment wp-att-2742\"><img loading=\"lazy\" decoding=\"async\" class=\"alignnone wp-image-2742 size-full\" src=\"https:\/\/www.jugendarbeit-kerzers.ch\/wp-content\/uploads\/2020\/10\/3_Spielraum-2.jpg\" alt=\"\" width=\"1000\" height=\"750\" srcset=\"https:\/\/www.jugendarbeit-kerzers.ch\/wp-content\/uploads\/2020\/10\/3_Spielraum-2.jpg 1000w, https:\/\/www.jugendarbeit-kerzers.ch\/wp-content\/uploads\/2020\/10\/3_Spielraum-2-300x225.jpg 300w, https:\/\/www.jugendarbeit-kerzers.ch\/wp-content\/uploads\/2020\/10\/3_Spielraum-2-768x576.jpg 768w\" sizes=\"auto, (max-width: 1000px) 100vw, 1000px\" \/><\/a><a href=\"https:\/\/www.jugendarbeit-kerzers.ch\/?attachment_id=2743#main\" rel=\"attachment wp-att-2743\"><img loading=\"lazy\" decoding=\"async\" class=\"alignnone wp-image-2743 size-full\" src=\"https:\/\/www.jugendarbeit-kerzers.ch\/wp-content\/uploads\/2020\/10\/4_Disco-Raum-3.jpg\" alt=\"\" width=\"1000\" height=\"750\" srcset=\"https:\/\/www.jugendarbeit-kerzers.ch\/wp-content\/uploads\/2020\/10\/4_Disco-Raum-3.jpg 1000w, https:\/\/www.jugendarbeit-kerzers.ch\/wp-content\/uploads\/2020\/10\/4_Disco-Raum-3-300x225.jpg 300w, https:\/\/www.jugendarbeit-kerzers.ch\/wp-content\/uploads\/2020\/10\/4_Disco-Raum-3-768x576.jpg 768w\" sizes=\"auto, (max-width: 1000px) 100vw, 1000px\" \/><\/a><a href=\"https:\/\/www.jugendarbeit-kerzers.ch\/?attachment_id=2744#main\" rel=\"attachment wp-att-2744\"><img loading=\"lazy\" decoding=\"async\" class=\"alignnone wp-image-2744 size-full\" src=\"https:\/\/www.jugendarbeit-kerzers.ch\/wp-content\/uploads\/2020\/10\/4_Disco-Raum-4.jpg\" alt=\"\" width=\"1000\" height=\"750\" srcset=\"https:\/\/www.jugendarbeit-kerzers.ch\/wp-content\/uploads\/2020\/10\/4_Disco-Raum-4.jpg 1000w, https:\/\/www.jugendarbeit-kerzers.ch\/wp-content\/uploads\/2020\/10\/4_Disco-Raum-4-300x225.jpg 300w, https:\/\/www.jugendarbeit-kerzers.ch\/wp-content\/uploads\/2020\/10\/4_Disco-Raum-4-768x576.jpg 768w\" sizes=\"auto, (max-width: 1000px) 100vw, 1000px\" \/><\/a><a href=\"https:\/\/www.jugendarbeit-kerzers.ch\/?attachment_id=2745#main\" rel=\"attachment wp-att-2745\"><img loading=\"lazy\" decoding=\"async\" class=\"alignnone wp-image-2745 size-full\" src=\"https:\/\/www.jugendarbeit-kerzers.ch\/wp-content\/uploads\/2020\/10\/4_Disco-Raum-5.jpg\" alt=\"\" width=\"1000\" height=\"750\" srcset=\"https:\/\/www.jugendarbeit-kerzers.ch\/wp-content\/uploads\/2020\/10\/4_Disco-Raum-5.jpg 1000w, https:\/\/www.jugendarbeit-kerzers.ch\/wp-content\/uploads\/2020\/10\/4_Disco-Raum-5-300x225.jpg 300w, https:\/\/www.jugendarbeit-kerzers.ch\/wp-content\/uploads\/2020\/10\/4_Disco-Raum-5-768x576.jpg 768w\" sizes=\"auto, (max-width: 1000px) 100vw, 1000px\" \/><\/a><\/p>\n","protected":false},"excerpt":{"rendered":"<p>Warum einen Raum? Aktuelle Meet Point Daten hier: Daten 2024 Der Jugendraum &#8222;Meet Point&#8220; der Gemeinde Kerzers befindet sich in einem Teil der R\u00e4umlichkeiten der Zivilschutzanlage Schmitteng\u00e4ssli, Schulhausstrasse 7, 3210<\/p>\n<p><a href=\"https:\/\/www.jugendarbeit-kerzers.ch\/?page_id=69\" class=\"more-link themebutton\">Read More<\/a><\/p>\n","protected":false},"author":1,"featured_media":0,"parent":0,"menu_order":4,"comment_status":"closed","ping_status":"closed","template":"","meta":{"footnotes":""},"class_list":["post-69","page","type-page","status-publish","hentry"],"_links":{"self":[{"href":"https:\/\/www.jugendarbeit-kerzers.ch\/index.php?rest_route=\/wp\/v2\/pages\/69","targetHints":{"allow":["GET"]}}],"collection":[{"href":"https:\/\/www.jugendarbeit-kerzers.ch\/index.php?rest_route=\/wp\/v2\/pages"}],"about":[{"href":"https:\/\/www.jugendarbeit-kerzers.ch\/index.php?rest_route=\/wp\/v2\/types\/page"}],"author":[{"embeddable":true,"href":"https:\/\/www.jugendarbeit-kerzers.ch\/index.php?rest_route=\/wp\/v2\/users\/1"}],"replies":[{"embeddable":true,"href":"https:\/\/www.jugendarbeit-kerzers.ch\/index.php?rest_route=%2Fwp%2Fv2%2Fcomments&post=69"}],"version-history":[{"count":17,"href":"https:\/\/www.jugendarbeit-kerzers.ch\/index.php?rest_route=\/wp\/v2\/pages\/69\/revisions"}],"predecessor-version":[{"id":4488,"href":"https:\/\/www.jugendarbeit-kerzers.ch\/index.php?rest_route=\/wp\/v2\/pages\/69\/revisions\/4488"}],"wp:attachment":[{"href":"https:\/\/www.jugendarbeit-kerzers.ch\/index.php?rest_route=%2Fwp%2Fv2%2Fmedia&parent=69"}],"curies":[{"name":"wp","href":"https:\/\/api.w.org\/{rel}","templated":true}]}}