{"id":828,"date":"2017-02-28T16:28:55","date_gmt":"2017-02-28T14:28:55","guid":{"rendered":"https:\/\/www.jugendarbeit-kerzers.ch\/?page_id=828"},"modified":"2026-05-01T11:45:18","modified_gmt":"2026-05-01T09:45:18","slug":"spielbesuche-2017","status":"publish","type":"page","link":"https:\/\/www.jugendarbeit-kerzers.ch\/?page_id=828","title":{"rendered":"Spielnachmittage 2026"},"content":{"rendered":"<h2><span style=\"color: #800080;\"><strong>Spielnachmittage in unseren Partnergemeinden: <\/strong><\/span><\/h2>\n<h2><strong><span style=\"color: #800080;\">Mittwoch 6. Mai in Fr\u00e4schels beim Gemeindehaus 14:00 bis 16:30, <\/span><\/strong><\/h2>\n<h2><strong><span style=\"color: #800080;\">Donnerstag 7. Mai in Ried beim Schulhaus 15:15 bis 17:45<\/span><\/strong><\/h2>\n<h2><strong><span style=\"color: #800080;\">\u00a0<\/span><\/strong><\/h2>\n<p><a href=\"https:\/\/www.jugendarbeit-kerzers.ch\/wp-content\/uploads\/2024\/03\/spielnami-fraeschels-2024-flyer-e1777628073786.jpg\"><img loading=\"lazy\" decoding=\"async\" class=\"alignnone size-full wp-image-4163\" src=\"https:\/\/www.jugendarbeit-kerzers.ch\/wp-content\/uploads\/2024\/03\/spielnami-fraeschels-2024-flyer-e1777628073786.jpg\" alt=\"\" width=\"563\" height=\"242\" srcset=\"https:\/\/www.jugendarbeit-kerzers.ch\/wp-content\/uploads\/2024\/03\/spielnami-fraeschels-2024-flyer-e1777628073786.jpg 563w, https:\/\/www.jugendarbeit-kerzers.ch\/wp-content\/uploads\/2024\/03\/spielnami-fraeschels-2024-flyer-e1777628073786-300x129.jpg 300w\" sizes=\"auto, (max-width: 563px) 100vw, 563px\" \/><\/a><a href=\"https:\/\/www.jugendarbeit-kerzers.ch\/wp-content\/uploads\/2025\/04\/spielnami-ried-2025-flyer-e1777628138744.jpg\" data-wp-editing=\"1\"><img loading=\"lazy\" decoding=\"async\" class=\"alignnone size-full wp-image-4842\" src=\"https:\/\/www.jugendarbeit-kerzers.ch\/wp-content\/uploads\/2025\/04\/spielnami-ried-2025-flyer-e1777628138744.jpg\" alt=\"\" width=\"765\" height=\"450\" srcset=\"https:\/\/www.jugendarbeit-kerzers.ch\/wp-content\/uploads\/2025\/04\/spielnami-ried-2025-flyer-e1777628138744.jpg 765w, https:\/\/www.jugendarbeit-kerzers.ch\/wp-content\/uploads\/2025\/04\/spielnami-ried-2025-flyer-e1777628138744-300x176.jpg 300w\" sizes=\"auto, (max-width: 765px) 100vw, 765px\" \/><\/a><\/p>\n<h2><strong><span style=\"color: #33cccc;\">Wir besuchen die Kinder in unseren Partnergemeinden. Zusammen probieren wir neue Spiele aus.<br \/>\n<\/span><\/strong><\/h2>\n<h3 class=\"p1\"><strong><span class=\"s1\" style=\"color: #33cccc;\">DIE SPIELNACHMITTAGE SIND F\u00dcR ALLE KINDER VON 6 &#8211; 12 JAHREN<span class=\"Apple-converted-space\">\u00a0<\/span><\/span><\/strong><\/h3>\n<h3 class=\"p1\"><strong><span class=\"s1\" style=\"color: #33cccc;\">UNSERER PARTNERGEMEINDEN OFFEN.<\/span><\/strong><\/h3>\n<h3 class=\"p1\"><strong><span class=\"s1\"><span style=\"color: #33cccc;\">DIE KINDER M\u00dcSSEN SICH NICHT ANMELDEN UND WERDEN VON UNS<\/span> <span style=\"color: #33cccc;\">BETREUT.<\/span><span class=\"Apple-converted-space\">\u00a0<\/span><\/span><\/strong><\/h3>\n<h3 class=\"p1\"><strong><span class=\"s1\" style=\"color: #33cccc;\">Unfallversicherung ist Sache der Teilnehmenden.<\/span><\/strong><\/h3>\n<h3><strong><span style=\"color: #33cccc;\">Die Spielnachmittage leitet Michel Meerstetter und Eva Anderegg<\/span><\/strong><\/h3>\n<h3><strong><span style=\"color: #33cccc;\">Michel Meerstetter: Di\/Do\/Fr: Tel: 079 938 78 53 michel.meerstetter(\u00e4t)kerzers.ch<\/span><\/strong><\/h3>\n<h3><strong><span style=\"color: #33cccc;\">Eva Anderegg:\u00a0Di\/Do\/Fr: Tel: 078 401 65 02 \/ eva.anderegg(\u00e4t)kerzers.ch<\/span><\/strong><\/h3>\n<h2><strong><span style=\"color: #33cccc;\">Michel Meerstetter:<\/span><\/strong><\/h2>\n<h2><a href=\"https:\/\/www.jugendarbeit-kerzers.ch\/?attachment_id=2987#main\" rel=\"attachment wp-att-2987\"><img loading=\"lazy\" decoding=\"async\" class=\"alignnone wp-image-2987 size-thumbnail\" src=\"https:\/\/www.jugendarbeit-kerzers.ch\/wp-content\/uploads\/2021\/04\/michel-150x150.jpg\" alt=\"\" width=\"150\" height=\"150\" srcset=\"https:\/\/www.jugendarbeit-kerzers.ch\/wp-content\/uploads\/2021\/04\/michel-150x150.jpg 150w, https:\/\/www.jugendarbeit-kerzers.ch\/wp-content\/uploads\/2021\/04\/michel-300x300.jpg 300w, https:\/\/www.jugendarbeit-kerzers.ch\/wp-content\/uploads\/2021\/04\/michel-380x380.jpg 380w, https:\/\/www.jugendarbeit-kerzers.ch\/wp-content\/uploads\/2021\/04\/michel-285x285.jpg 285w, https:\/\/www.jugendarbeit-kerzers.ch\/wp-content\/uploads\/2021\/04\/michel.jpg 402w\" sizes=\"auto, (max-width: 150px) 100vw, 150px\" \/><\/a><\/h2>\n<p><span style=\"color: #33cccc;\"><b>Geb: 05.06.1980<br \/>\nBeruf: <\/b><strong>Jugendarbeiter<\/strong><\/span><\/p>\n<h2><span style=\"color: #33cccc;\"><a style=\"color: #33cccc;\" name=\"4010519fed1008401\"><\/a>Auszug bisheriger T\u00e4tigkeiten<\/span><\/h2>\n<h4><span style=\"color: #33cccc;\"><b>seit M\u00e4rz 2014<br \/>\n<\/b>Jugendarbeiter in Kerzers &amp; Partnergemeinden<b><\/b><\/span><\/h4>\n<h4><span style=\"color: #33cccc;\"><strong>2011 \u2013 2013<\/strong><\/span><br \/>\n<span style=\"color: #33cccc;\">Weiterbildung &#8211; CAS Teaching Artist an der Hochschule f\u00fcr K\u00fcnste Bern. Leitung von k\u00fcnstlerischen und gestalterischen Projekten an Schulen aller Altersstufen<\/span><br \/>\n<span style=\"color: #33cccc;\">Soziokulturelle Animation mit Kindern und Jugendlichen &#8211; Schule &amp; Sport. Mitarbeit bei Freizeitangeboten im QuartierInfo B\u00f6zingen Biel \/ Bienne<\/span><br \/>\n<span style=\"color: #33cccc;\">Mittagstischbetreuung an der Sprachheilschule Biel &#8211; Seeland<b><\/b><\/span><\/h4>\n<h4><span style=\"color: #33cccc;\"><strong>2001 &#8211; 2011<\/strong><\/span><br \/>\n<span style=\"color: #33cccc;\">Arbeiten f\u00fcr verschiedene Kunden als freischaffender Grafiker<\/span><br \/>\n<span style=\"color: #33cccc;\">-Radio Swiss Pop srg ssr id\u00e9e suisse<\/span><br \/>\n<span style=\"color: #33cccc;\">-Theater f\u00fcr den Kanton Bern<\/span><br \/>\n<span style=\"color: #33cccc;\">-Schauspielhaus Z\u00fcrich<\/span><br \/>\n<span style=\"color: #33cccc;\">seit 2005 Ateliergemeinschaft in Biel verschiedene Kunstprojekte:<\/span><br \/>\n<span style=\"color: #33cccc;\">Film, Musik, Theater, Schlagzeug&#8230;<\/span><\/h4>\n<h2><span style=\"color: #33cccc;\"><a style=\"color: #33cccc;\" name=\"4010519fed100eb02\"><\/a>Aufgewachsen in<\/span><\/h2>\n<h4><span style=\"color: #33cccc;\">Bei den Bergen in R\u00fceggis- und Riggisberg. Lebe mit meiner Familie in Biel.<\/span><\/h4>\n<h2><span style=\"color: #33cccc;\"><a style=\"color: #33cccc;\" name=\"4010519fed1012b03\"><\/a>Interessen<\/span><\/h2>\n<h4><span style=\"color: #33cccc;\"><b>Musik<br \/>\n<\/b>Rhythmus im Alltag immer mit dabei&#8230; ein Schlagzeuger braucht nicht immer eine baterie.<\/span><br \/>\n<span style=\"color: #339966;\"><span style=\"color: #33cccc;\">Konzerte besuchen und Tanzen.<\/span><b><\/b><\/span><\/h4>\n<h4><span style=\"color: #33cccc;\">Filme<\/span><br \/>\n<span style=\"color: #33cccc;\">Im Kino oder selber drehen.<b><\/b><\/span><\/h4>\n<h4><span style=\"color: #33cccc;\">Reisen<\/span><br \/>\n<span style=\"color: #33cccc;\">Biel \u2013 Kerzers retour und sonst in die grosse Welt- Hinaus retour.<\/span><\/h4>\n<h4><span style=\"color: #33cccc;\"><b>Spielen<br \/>\n<\/b>bei jedem Spiel bin ich dabei auf dem Brett oder mit dem Fuss und Ball.<\/span><\/h4>\n<p><span style=\"color: #33cccc;\">+<\/span><\/p>\n<h2><span style=\"color: #33cccc;\"><strong>Eva Anderegg<\/strong><\/span><\/h2>\n<p><a href=\"https:\/\/www.jugendarbeit-kerzers.ch\/wp-content\/uploads\/2025\/01\/AndereggEva_MG_2349_web.jpeg\"><img loading=\"lazy\" decoding=\"async\" class=\"alignnone wp-image-4637 size-full\" src=\"https:\/\/www.jugendarbeit-kerzers.ch\/wp-content\/uploads\/2025\/01\/AndereggEva_MG_2349_web.jpeg\" alt=\"\" width=\"158\" height=\"221\" \/><\/a><\/p>\n<h4><span style=\"color: #33cccc;\"><strong>Geb: 02.08.1978<\/strong><\/span><\/h4>\n<h4><span style=\"color: #33cccc;\"><strong>Beruf: Kinder- und Jugendarbeiterin<\/strong><\/span><\/h4>\n<h2><span style=\"color: #33cccc;\"><a style=\"color: #33cccc;\" name=\"4010519fed1008401\"><\/a>Auszug bisheriger T\u00e4tigkeiten<\/span><\/h2>\n<h4><span style=\"color: #33cccc;\"><strong>Seit Dezember 2024<\/strong><\/span><\/h4>\n<h4><span style=\"color: #33cccc;\"><strong>Kinder- und Jugendarbeit in Kerzers &amp; Partnergemeinden<\/strong><b><\/b><\/span><\/h4>\n<h4><\/h4>\n<h4><span style=\"color: #33cccc;\">2005-2007 Ausbildung zur Kleinkinderzieherin in Bern<\/span><\/h4>\n<h4><span style=\"color: #33cccc;\">2007-2015 Kleinkinderzieherin Kita Laupen<\/span><\/h4>\n<h4><span style=\"color: #33cccc;\">20015-2024 Jugendarbeiterin in der offenen Jugendarbeit Gurmels<\/span><\/h4>\n<h4><\/h4>\n<h4><span style=\"color: #33cccc;\">Seit 2023 Vorstandsarbeit beim Verein zur Kinder- und Jugendf\u00f6rderung in Deutschfreiburg, VKJ<\/span><\/h4>\n<h4><span style=\"color: #33cccc;\">2019-2021 CAS an der BFH: Genderreflektierende Offene Jugendarbeit<\/span><\/h4>\n<h4><span style=\"color: #33cccc;\">Ab 2015 verschiedene Weiterbildungen im Bereich Kinder- und Jugendarbeit<\/span><\/h4>\n<h4><\/h4>\n<h4><span style=\"color: #33cccc;\">Aufgewachsen in Murten. Wohnte im Stedtli Murten, Kerzers und aktuell in Biberen (Gemeinde Ferenbalm)<\/span><\/h4>\n<h4><\/h4>\n<h2><span style=\"color: #33cccc;\"><strong>Interessen<\/strong><\/span><\/h2>\n<h4><span style=\"color: #33cccc;\"><strong>Tiere<\/strong><\/span><\/h4>\n<h4><span style=\"color: #33cccc;\">Wohne in einem alten Bauernhaus mit viel Umschwung, wo wir verschiede Tiere halten: Zwergziegen, Hasen, Hund, Katzen<\/span><\/h4>\n<h4><\/h4>\n<h4><span style=\"color: #33cccc;\"><strong>Reisen<\/strong><\/span><\/h4>\n<h4><span style=\"color: #33cccc;\">Am liebsten ans Meer oder in eine Stadt in Europa<\/span><\/h4>\n<h4><\/h4>\n<h4><span style=\"color: #33cccc;\"><strong>Wenn ich Zeit habe<\/strong><\/span><\/h4>\n<h4><span style=\"color: #33cccc;\">Ins Kino gehen, Billard spielen, Bowling, Escape Room, Spazieren an der Aare, Kaffi trinken im sch\u00f6nen Stedtli Murten, Podcast h\u00f6ren, laut Musik h\u00f6ren im Auto und mitsingen.<\/span><\/h4>\n","protected":false},"excerpt":{"rendered":"<p>Spielnachmittage in unseren Partnergemeinden: Mittwoch 6. Mai in Fr\u00e4schels beim Gemeindehaus 14:00 bis 16:30, Donnerstag 7. Mai in Ried beim Schulhaus 15:15 bis 17:45 \u00a0 Wir besuchen die Kinder in<\/p>\n<p><a href=\"https:\/\/www.jugendarbeit-kerzers.ch\/?page_id=828\" class=\"more-link themebutton\">Read More<\/a><\/p>\n","protected":false},"author":1,"featured_media":0,"parent":0,"menu_order":0,"comment_status":"closed","ping_status":"closed","template":"","meta":{"footnotes":""},"class_list":["post-828","page","type-page","status-publish","hentry"],"_links":{"self":[{"href":"https:\/\/www.jugendarbeit-kerzers.ch\/index.php?rest_route=\/wp\/v2\/pages\/828","targetHints":{"allow":["GET"]}}],"collection":[{"href":"https:\/\/www.jugendarbeit-kerzers.ch\/index.php?rest_route=\/wp\/v2\/pages"}],"about":[{"href":"https:\/\/www.jugendarbeit-kerzers.ch\/index.php?rest_route=\/wp\/v2\/types\/page"}],"author":[{"embeddable":true,"href":"https:\/\/www.jugendarbeit-kerzers.ch\/index.php?rest_route=\/wp\/v2\/users\/1"}],"replies":[{"embeddable":true,"href":"https:\/\/www.jugendarbeit-kerzers.ch\/index.php?rest_route=%2Fwp%2Fv2%2Fcomments&post=828"}],"version-history":[{"count":92,"href":"https:\/\/www.jugendarbeit-kerzers.ch\/index.php?rest_route=\/wp\/v2\/pages\/828\/revisions"}],"predecessor-version":[{"id":5400,"href":"https:\/\/www.jugendarbeit-kerzers.ch\/index.php?rest_route=\/wp\/v2\/pages\/828\/revisions\/5400"}],"wp:attachment":[{"href":"https:\/\/www.jugendarbeit-kerzers.ch\/index.php?rest_route=%2Fwp%2Fv2%2Fmedia&parent=828"}],"curies":[{"name":"wp","href":"https:\/\/api.w.org\/{rel}","templated":true}]}}