{"id":863,"date":"2017-04-27T14:06:54","date_gmt":"2017-04-27T12:06:54","guid":{"rendered":"https:\/\/www.jugendarbeit-kerzers.ch\/?page_id=863"},"modified":"2025-03-17T11:44:56","modified_gmt":"2025-03-17T10:44:56","slug":"kinder-jugend-und-elternberatung","status":"publish","type":"page","link":"https:\/\/www.jugendarbeit-kerzers.ch\/?page_id=863","title":{"rendered":"Kinder-. Jugend- und Elternberatung"},"content":{"rendered":"\n<p class=\"has-medium-font-size\">Sorgen oder Fragen, zu Hause oder in der Schule? Wir haben ein offenes Ohr und k\u00f6nnen weiterhelfen oder weitervermitteln.<\/p>\n\n\n\n<p class=\"has-medium-font-size\">Fachberatung:<\/p>\n\n\n\n<p class=\"has-medium-font-size\">Wir unterst\u00fctzen die Beh\u00f6rden bei der Planung von kinder- und jugendspezifischen Massnahmen.<\/p>\n\n\n\n<h3 class=\"wp-block-heading has-black-color has-text-color has-link-color has-medium-font-size wp-elements-6157a6d0f4280bfa665c42531ff3b8d2\"><strong>Kontakt:<\/strong><\/h3>\n\n\n\n<h4 class=\"wp-block-heading has-black-color has-text-color has-link-color has-medium-font-size wp-elements-36fbd49aaabdcd25702e29fcf51e6677\">Kinder- &amp; Jugendarbeit Regio Kerzers<br>Vordere Gasse 5<br>3210 Kerzers<\/h4>\n\n\n\n<h4 class=\"wp-block-heading has-black-color has-text-color has-link-color has-medium-font-size wp-elements-121eef0d81fe1b0a3a4cbdfbb52f1d4b\">Das B\u00fcro ist in der Regel am Dienstag, Donnerstag und Freitag besetzt, ausser w\u00e4hrend der Schulferien.<\/h4>\n\n\n\n<h4 class=\"wp-block-heading has-medium-font-size\"><strong>Wir sind telefonisch und via E-mail f\u00fcr euch erreichbar:<\/strong><\/h4>\n\n\n\n<h4 class=\"wp-block-heading has-black-color has-text-color has-link-color has-medium-font-size wp-elements-86e06d690281396da223c17d09f7bb78\"><strong>Cosima Oesch:&nbsp;Di\/Do\/Fr: Tel: 079 689 56 20 \/ cosima.oesch(\u00e4t)kerzers.ch<\/strong><\/h4>\n\n\n\n<h4 class=\"wp-block-heading has-black-color has-text-color has-link-color has-medium-font-size wp-elements-4e298f2c7be4879e78469548f8670cfb\"><strong>Michel Meerstetter:&nbsp;Di\/Do\/Fr: Tel: 079 938 78 53 \/ michel.meerstetter(\u00e4t)kerzers.ch<\/strong><\/h4>\n\n\n\n<p class=\"has-black-color has-text-color has-link-color has-medium-font-size wp-elements-6a44ae320ba2fae7132e8483d1091946\"><strong>Eva Anderegg:&nbsp;Di\/Do\/Fr: Tel: 078 401 65 02 \/ eva.anderegg(\u00e4t)kerzers.ch<\/strong><\/p>\n\n\n\n<p class=\"has-black-color has-text-color has-link-color has-medium-font-size wp-elements-112fe4b619b579982cee74451ec4132e\">In dringenden F\u00e4llen ausserhalb unserer \u00d6ffnungszeiten die Telefonnummer: 147 (Pro Juventute) w\u00e4hlen, auch f\u00fcr Online Beratungen zu Themen wie Familie, Freundschaft, Liebe, Sexualit\u00e4t, Schule, Beruf, Suizidpr\u00e4vention\u2028\u00a0<a href=\"https:\/\/www.147.ch\/de\/\" target=\"_blank\" rel=\"noreferrer noopener\">www.147.ch<\/a><\/p>\n\n\n\n<p class=\"has-black-color has-text-color has-link-color has-medium-font-size wp-elements-bbedccf860b27368002a0be262aeb724\">oder 0800 500 400 mein Ohr f\u00fcr dich &#8211; Alltagstelefon. kostenlos. anonym. vertraulich. 365 Tage 14 \u2013 21 Uhr, Sa &amp; So 17 \u2013 19 Uhr, English Line: Mon &amp; Thu 8 \u2013 9 pm. <a href=\"https:\/\/www.meinohrfuerdich.ch\/\" target=\"_blank\" rel=\"noreferrer noopener\">www.meinohrfuerdich.ch<\/a><\/p>\n\n\n\n<p class=\"has-black-color has-text-color has-link-color has-medium-font-size wp-elements-8fc269a30a3f1834737d513f5487a753\">Mehr Infos auch in unseren <a href=\"https:\/\/www.jugendarbeit-kerzers.ch\/?page_id=194\" data-type=\"page\" data-id=\"194\"><strong>Links<\/strong><\/a><\/p>\n","protected":false},"excerpt":{"rendered":"<p>Sorgen oder Fragen, zu Hause oder in der Schule? Wir haben ein offenes Ohr und k\u00f6nnen weiterhelfen oder weitervermitteln. Fachberatung: Wir unterst\u00fctzen die Beh\u00f6rden bei der Planung von kinder- und<\/p>\n<p><a href=\"https:\/\/www.jugendarbeit-kerzers.ch\/?page_id=863\" class=\"more-link themebutton\">Read More<\/a><\/p>\n","protected":false},"author":1,"featured_media":0,"parent":0,"menu_order":0,"comment_status":"closed","ping_status":"closed","template":"","meta":{"footnotes":""},"class_list":["post-863","page","type-page","status-publish","hentry"],"_links":{"self":[{"href":"https:\/\/www.jugendarbeit-kerzers.ch\/index.php?rest_route=\/wp\/v2\/pages\/863","targetHints":{"allow":["GET"]}}],"collection":[{"href":"https:\/\/www.jugendarbeit-kerzers.ch\/index.php?rest_route=\/wp\/v2\/pages"}],"about":[{"href":"https:\/\/www.jugendarbeit-kerzers.ch\/index.php?rest_route=\/wp\/v2\/types\/page"}],"author":[{"embeddable":true,"href":"https:\/\/www.jugendarbeit-kerzers.ch\/index.php?rest_route=\/wp\/v2\/users\/1"}],"replies":[{"embeddable":true,"href":"https:\/\/www.jugendarbeit-kerzers.ch\/index.php?rest_route=%2Fwp%2Fv2%2Fcomments&post=863"}],"version-history":[{"count":28,"href":"https:\/\/www.jugendarbeit-kerzers.ch\/index.php?rest_route=\/wp\/v2\/pages\/863\/revisions"}],"predecessor-version":[{"id":4797,"href":"https:\/\/www.jugendarbeit-kerzers.ch\/index.php?rest_route=\/wp\/v2\/pages\/863\/revisions\/4797"}],"wp:attachment":[{"href":"https:\/\/www.jugendarbeit-kerzers.ch\/index.php?rest_route=%2Fwp%2Fv2%2Fmedia&parent=863"}],"curies":[{"name":"wp","href":"https:\/\/api.w.org\/{rel}","templated":true}]}}