{"id":866,"date":"2017-04-27T15:00:37","date_gmt":"2017-04-27T13:00:37","guid":{"rendered":"https:\/\/www.jugendarbeit-kerzers.ch\/?page_id=866"},"modified":"2024-06-25T10:44:01","modified_gmt":"2024-06-25T08:44:01","slug":"angebote","status":"publish","type":"page","link":"https:\/\/www.jugendarbeit-kerzers.ch\/?page_id=866","title":{"rendered":"Angebote"},"content":{"rendered":"<div id=\"intro-core\">\n<h2 class=\"page-title\"><a href=\"https:\/\/www.jugendarbeit-kerzers.ch\/?page_id=186\">&#8211; KINDERWERKSTATT<\/a><\/h2>\n<h2 class=\"page-title\"><a href=\"https:\/\/www.jugendarbeit-kerzers.ch\/?page_id=3667\">&#8211; SPIELKAFI<\/a><\/h2>\n<h2 class=\"page-title\"><a href=\"https:\/\/www.jugendarbeit-kerzers.ch\/?page_id=4084\">&#8211; JUGENDCAFE<\/a><\/h2>\n<h2 class=\"page-title\"><a href=\"https:\/\/www.jugendarbeit-kerzers.ch\/?page_id=4084\">&#8211; JUGENDCAFE 16+<\/a><\/h2>\n<div id=\"intro-core\">\n<div id=\"intro-core\">\n<h2 class=\"page-title\"><a href=\"https:\/\/www.jugendarbeit-kerzers.ch\/?page_id=497\">&#8211; CHR\u00dcSI-M\u00dcSI<\/a><\/h2>\n<div id=\"intro-core\">\n<h2 class=\"page-title\"><a href=\"https:\/\/www.jugendarbeit-kerzers.ch\/?page_id=532\">&#8211; MEETPOINT<\/a><\/h2>\n<h2 class=\"page-title\"><a href=\"https:\/\/www.jugendarbeit-kerzers.ch\/?page_id=828\">&#8211; SPIELNAMIS <\/a><\/h2>\n<div id=\"intro-core\">\n<h2 class=\"page-title\"><a href=\"https:\/\/www.jugendarbeit-kerzers.ch\/?page_id=163\">&#8211; JOBB\u00d6RSE &#8211; smallJobs<\/a><\/h2>\n<div id=\"intro-core\">\n<h2 class=\"page-title\"><a href=\"https:\/\/www.jugendarbeit-kerzers.ch\/?page_id=174\">&#8211; SKATEPARK<\/a><\/h2>\n<div id=\"intro-core\">\n<h2 class=\"page-title\"><a href=\"https:\/\/www.jugendarbeit-kerzers.ch\/?page_id=172\">&#8211; MIDNIGHT SPORTS<\/a><\/h2>\n<div id=\"intro-core\">\n<h2 class=\"page-title\"><a href=\"https:\/\/www.jugendarbeit-kerzers.ch\/?page_id=863\">&#8211; BERATUNG<\/a><\/h2>\n<\/div>\n<\/div>\n<\/div>\n<\/div>\n<\/div>\n<\/div>\n<\/div>\n<\/div>\n","protected":false},"excerpt":{"rendered":"<p>&#8211; KINDERWERKSTATT &#8211; SPIELKAFI &#8211; JUGENDCAFE &#8211; JUGENDCAFE 16+ &#8211; CHR\u00dcSI-M\u00dcSI &#8211; MEETPOINT &#8211; SPIELNAMIS &#8211; JOBB\u00d6RSE &#8211; smallJobs &#8211; SKATEPARK &#8211; MIDNIGHT SPORTS &#8211; BERATUNG<\/p>\n","protected":false},"author":1,"featured_media":0,"parent":0,"menu_order":0,"comment_status":"closed","ping_status":"closed","template":"","meta":{"footnotes":""},"class_list":["post-866","page","type-page","status-publish","hentry"],"_links":{"self":[{"href":"https:\/\/www.jugendarbeit-kerzers.ch\/index.php?rest_route=\/wp\/v2\/pages\/866","targetHints":{"allow":["GET"]}}],"collection":[{"href":"https:\/\/www.jugendarbeit-kerzers.ch\/index.php?rest_route=\/wp\/v2\/pages"}],"about":[{"href":"https:\/\/www.jugendarbeit-kerzers.ch\/index.php?rest_route=\/wp\/v2\/types\/page"}],"author":[{"embeddable":true,"href":"https:\/\/www.jugendarbeit-kerzers.ch\/index.php?rest_route=\/wp\/v2\/users\/1"}],"replies":[{"embeddable":true,"href":"https:\/\/www.jugendarbeit-kerzers.ch\/index.php?rest_route=%2Fwp%2Fv2%2Fcomments&post=866"}],"version-history":[{"count":10,"href":"https:\/\/www.jugendarbeit-kerzers.ch\/index.php?rest_route=\/wp\/v2\/pages\/866\/revisions"}],"predecessor-version":[{"id":4194,"href":"https:\/\/www.jugendarbeit-kerzers.ch\/index.php?rest_route=\/wp\/v2\/pages\/866\/revisions\/4194"}],"wp:attachment":[{"href":"https:\/\/www.jugendarbeit-kerzers.ch\/index.php?rest_route=%2Fwp%2Fv2%2Fmedia&parent=866"}],"curies":[{"name":"wp","href":"https:\/\/api.w.org\/{rel}","templated":true}]}}